{"id":120,"date":"2015-11-21T04:41:04","date_gmt":"2015-11-21T04:41:04","guid":{"rendered":"http:\/\/blog.espol.edu.ec\/tvillama\/?page_id=120"},"modified":"2015-11-22T02:50:47","modified_gmt":"2015-11-22T02:50:47","slug":"draenei","status":"publish","type":"page","link":"https:\/\/blog.espol.edu.ec\/tvillama\/razas-alianza\/razas-alianza-2\/draenei\/","title":{"rendered":"Draenei"},"content":{"rendered":"<p style=\"text-align: justify\"><a href=\"http:\/\/blog.espol.edu.ec\/tvillama\/files\/2015\/11\/maxresdkefault.jpg\"><img loading=\"lazy\" decoding=\"async\" class=\"alignnone wp-image-121\" src=\"http:\/\/blog.espol.edu.ec\/tvillama\/files\/2015\/11\/maxresdkefault-300x233.jpg\" alt=\"maxresdkefault\" width=\"338\" height=\"262\" srcset=\"https:\/\/blog.espol.edu.ec\/tvillama\/files\/2015\/11\/maxresdkefault-300x233.jpg 300w, https:\/\/blog.espol.edu.ec\/tvillama\/files\/2015\/11\/maxresdkefault-1024x794.jpg 1024w, https:\/\/blog.espol.edu.ec\/tvillama\/files\/2015\/11\/maxresdkefault.jpg 1548w\" sizes=\"auto, (max-width: 338px) 100vw, 338px\" \/><\/a><\/p>\n<p style=\"text-align: justify\">Mucho tiempo antes de que el tit\u00e1n ca\u00eddo, Sargeras, liberase su demon\u00edaca Legi\u00f3n enAzeroth, fij\u00f3 su torva mirada en el mundo de Argus y en sus inteligentes habitantes, los eredar. Convencido de que esta raza dotada para la magia ser\u00eda un elemento crucial en su oscuro objetivo de acabar con toda la creaci\u00f3n, Sargeras se puso en contacto con los tres l\u00edderes de los eredar: Kil\u2019Jaeden, Archimonde y Velen; y les ofreci\u00f3 conocimiento y poder a cambio de su lealtad..<\/p>\n<h2 style=\"text-align: justify\"><span style=\"color: #2D5EF1\">Caracter\u00edsticas<br \/>\n<\/span><\/h2>\n<p style=\"text-align: justify\"><span style=\"color: #2D5EF1\">Ofrenda de los naaru<\/span><br \/>\nLos draenei est\u00e1n bendecidos con una habilidad de sanaci\u00f3n que puede restaurar su salud y la de sus aliados.<\/p>\n<p style=\"text-align: justify\"><span style=\"color: #2D5EF1\">Resistencia a las Sombras<\/span><br \/>\nLos draenei tienen una resistencia natural a la magia de Sombras.<\/p>\n<p style=\"text-align: justify\"><span style=\"color: #2D5EF1\">Presencia heroica<\/span><br \/>\nFuertes y confiados, los draenei reciben un ligero bonus en su estad\u00edstica principal.<\/p>\n<p style=\"text-align: justify\"><span style=\"color: #2D5EF1\">Tallar gemas<\/span><br \/>\nLos talentosos draenei reciben un bonus a su habilidad de joyer\u00eda.<\/p>\n","protected":false},"excerpt":{"rendered":"<p>Mucho tiempo antes de que el tit\u00e1n ca\u00eddo, Sargeras, liberase su demon\u00edaca Legi\u00f3n enAzeroth, fij\u00f3 su torva mirada en el mundo de Argus y en sus inteligentes habitantes, los eredar. Convencido de que esta raza dotada para la magia ser\u00eda un elemento crucial en su oscuro objetivo de acabar con toda la creaci\u00f3n, Sargeras se [&hellip;]<\/p>\n","protected":false},"author":10111,"featured_media":0,"parent":77,"menu_order":0,"comment_status":"open","ping_status":"closed","template":"","meta":{"footnotes":""},"class_list":["post-120","page","type-page","status-publish","hentry"],"_links":{"self":[{"href":"https:\/\/blog.espol.edu.ec\/tvillama\/wp-json\/wp\/v2\/pages\/120","targetHints":{"allow":["GET"]}}],"collection":[{"href":"https:\/\/blog.espol.edu.ec\/tvillama\/wp-json\/wp\/v2\/pages"}],"about":[{"href":"https:\/\/blog.espol.edu.ec\/tvillama\/wp-json\/wp\/v2\/types\/page"}],"author":[{"embeddable":true,"href":"https:\/\/blog.espol.edu.ec\/tvillama\/wp-json\/wp\/v2\/users\/10111"}],"replies":[{"embeddable":true,"href":"https:\/\/blog.espol.edu.ec\/tvillama\/wp-json\/wp\/v2\/comments?post=120"}],"version-history":[{"count":9,"href":"https:\/\/blog.espol.edu.ec\/tvillama\/wp-json\/wp\/v2\/pages\/120\/revisions"}],"predecessor-version":[{"id":324,"href":"https:\/\/blog.espol.edu.ec\/tvillama\/wp-json\/wp\/v2\/pages\/120\/revisions\/324"}],"up":[{"embeddable":true,"href":"https:\/\/blog.espol.edu.ec\/tvillama\/wp-json\/wp\/v2\/pages\/77"}],"wp:attachment":[{"href":"https:\/\/blog.espol.edu.ec\/tvillama\/wp-json\/wp\/v2\/media?parent=120"}],"curies":[{"name":"wp","href":"https:\/\/api.w.org\/{rel}","templated":true}]}}