{"id":146,"date":"2015-11-21T05:08:59","date_gmt":"2015-11-21T05:08:59","guid":{"rendered":"http:\/\/blog.espol.edu.ec\/tvillama\/?page_id=146"},"modified":"2015-11-21T19:50:30","modified_gmt":"2015-11-21T19:50:30","slug":"tauren","status":"publish","type":"page","link":"https:\/\/blog.espol.edu.ec\/tvillama\/razas-alianza\/razas-horda\/tauren\/","title":{"rendered":"Tauren"},"content":{"rendered":"<p style=\"text-align: justify\"><a href=\"http:\/\/blog.espol.edu.ec\/tvillama\/files\/2015\/11\/atauren.jpg\"><img loading=\"lazy\" decoding=\"async\" class=\"alignnone wp-image-150\" src=\"http:\/\/blog.espol.edu.ec\/tvillama\/files\/2015\/11\/atauren-300x170.jpg\" alt=\"atauren\" width=\"433\" height=\"245\" srcset=\"https:\/\/blog.espol.edu.ec\/tvillama\/files\/2015\/11\/atauren-300x170.jpg 300w, https:\/\/blog.espol.edu.ec\/tvillama\/files\/2015\/11\/atauren.jpg 580w\" sizes=\"auto, (max-width: 433px) 100vw, 433px\" \/><\/a><\/p>\n<p style=\"text-align: justify\">Los pac\u00edficos tauren\u2014conocidos en su idioma como los shu\u2019halo\u2014habitan desde hace tiempo en Kalimdor, esforz\u00e1ndose por conservar el equilibrio de la naturaleza a instancias de su diosa, la madre tierra. Hasta hace poco, los tauren viv\u00edan como n\u00f3madas repartidos por Los Bald\u00edos, cazando a las grandes bestias kodo naturales de la \u00e1rida regi\u00f3n. Aunque estaban divididos en distintas tribus, los tauren estaban unidos por un enemigo com\u00fan: los centauros merodeadores. Esos primitivos hombres caballo aterrorizaban el Kalimdor central, dejando solo muerte y sufrimiento tras su paso. Aunque las tribus tauren luchaban valientemente por la supervivencia contra sus enemigos, los despiadados ataques de los centauros continuaban. Con el tiempo, los centauros acabaron con los animales salvajes de la zona, amenazando con matar de hambre a los tauren sitiados.<\/p>\n<h2 style=\"text-align: justify\"><span style=\"color: #ff0000\">Caracter\u00edsticas\u00a0<\/span><\/h2>\n<p style=\"text-align: justify\"><span style=\"color: #ff0000\">Pisot\u00f3n de guerra<\/span><br \/>\nAgitando el suelo con un poderoso pisot\u00f3n de sus pezu\u00f1as, los tauren pueden aturdir brevemente a peque\u00f1os grupos de enemigos.<\/p>\n<p style=\"text-align: justify\"><span style=\"color: #ff0000\">Resistencia a la Naturaleza<\/span><br \/>\nLos tauren tienen una resistencia natural a la magia de la Naturaleza.<\/p>\n<p style=\"text-align: justify\"><span style=\"color: #ff0000\">Robustez<\/span><br \/>\nSu excepcional constituci\u00f3n garantiza a los tauren una bonificaci\u00f3n a su salud de base.<\/p>\n<p style=\"text-align: justify\"><span style=\"color: #ff0000\">Cultivo<\/span><br \/>\nLos tauren reciben una bonificaci\u00f3n de habilidad en herborister\u00eda y recogen plantas mucho m\u00e1s deprisa que los herboristas de otras razas.<\/p>\n<p style=\"text-align: justify\"><span style=\"color: #ff0000\">Pujanza<\/span><br \/>\nLos tauren son guerreros grandes y robustos y obtienen un bonus en los golpes cr\u00edticos.<\/p>\n","protected":false},"excerpt":{"rendered":"<p>Los pac\u00edficos tauren\u2014conocidos en su idioma como los shu\u2019halo\u2014habitan desde hace tiempo en Kalimdor, esforz\u00e1ndose por conservar el equilibrio de la naturaleza a instancias de su diosa, la madre tierra. Hasta hace poco, los tauren viv\u00edan como n\u00f3madas repartidos por Los Bald\u00edos, cazando a las grandes bestias kodo naturales de la \u00e1rida regi\u00f3n. Aunque estaban [&hellip;]<\/p>\n","protected":false},"author":10111,"featured_media":0,"parent":78,"menu_order":0,"comment_status":"open","ping_status":"closed","template":"","meta":{"footnotes":""},"class_list":["post-146","page","type-page","status-publish","hentry"],"_links":{"self":[{"href":"https:\/\/blog.espol.edu.ec\/tvillama\/wp-json\/wp\/v2\/pages\/146","targetHints":{"allow":["GET"]}}],"collection":[{"href":"https:\/\/blog.espol.edu.ec\/tvillama\/wp-json\/wp\/v2\/pages"}],"about":[{"href":"https:\/\/blog.espol.edu.ec\/tvillama\/wp-json\/wp\/v2\/types\/page"}],"author":[{"embeddable":true,"href":"https:\/\/blog.espol.edu.ec\/tvillama\/wp-json\/wp\/v2\/users\/10111"}],"replies":[{"embeddable":true,"href":"https:\/\/blog.espol.edu.ec\/tvillama\/wp-json\/wp\/v2\/comments?post=146"}],"version-history":[{"count":2,"href":"https:\/\/blog.espol.edu.ec\/tvillama\/wp-json\/wp\/v2\/pages\/146\/revisions"}],"predecessor-version":[{"id":289,"href":"https:\/\/blog.espol.edu.ec\/tvillama\/wp-json\/wp\/v2\/pages\/146\/revisions\/289"}],"up":[{"embeddable":true,"href":"https:\/\/blog.espol.edu.ec\/tvillama\/wp-json\/wp\/v2\/pages\/78"}],"wp:attachment":[{"href":"https:\/\/blog.espol.edu.ec\/tvillama\/wp-json\/wp\/v2\/media?parent=146"}],"curies":[{"name":"wp","href":"https:\/\/api.w.org\/{rel}","templated":true}]}}