{"id":152,"date":"2015-11-21T05:11:55","date_gmt":"2015-11-21T05:11:55","guid":{"rendered":"http:\/\/blog.espol.edu.ec\/tvillama\/?page_id=152"},"modified":"2015-11-21T19:50:25","modified_gmt":"2015-11-21T19:50:25","slug":"no-muerto","status":"publish","type":"page","link":"https:\/\/blog.espol.edu.ec\/tvillama\/razas-alianza\/razas-horda\/no-muerto\/","title":{"rendered":"No-Muerto"},"content":{"rendered":"<p style=\"text-align: justify\"><a href=\"http:\/\/blog.espol.edu.ec\/tvillama\/files\/2015\/11\/sylvanas_susurraviento_final.jpg\"><img loading=\"lazy\" decoding=\"async\" class=\"alignnone size-medium wp-image-153\" src=\"http:\/\/blog.espol.edu.ec\/tvillama\/files\/2015\/11\/sylvanas_susurraviento_final-200x300.jpg\" alt=\"sylvanas_susurraviento_final\" width=\"200\" height=\"300\" srcset=\"https:\/\/blog.espol.edu.ec\/tvillama\/files\/2015\/11\/sylvanas_susurraviento_final-200x300.jpg 200w, https:\/\/blog.espol.edu.ec\/tvillama\/files\/2015\/11\/sylvanas_susurraviento_final.jpg 400w\" sizes=\"auto, (max-width: 200px) 100vw, 200px\" \/><\/a><\/p>\n<p style=\"text-align: justify\">La muerte no supuso un alivio para las hordas de humanos que murieron durante la campa\u00f1a del Rey Ex\u00e1nime para extender la plaga entre los vivos de Lordaeron. En su lugar, los ca\u00eddos del reino fueron levantados como esbirros de la Plaga y se vieron obligados a librar una guerra profana contra todo y todos\u2026 a los que un d\u00eda amaron.<\/p>\n<h2 style=\"text-align: justify\"><span style=\"color: #ff0000\">Caracter\u00edsticas<\/span><\/h2>\n<p style=\"text-align: justify\"><span style=\"color: #ff0000\">Voluntad de los renegados<\/span><br \/>\nLos renegados pueden interrumpir los efectos de cualquier encantamiento, miedo o efectos del sue\u00f1o a su voluntad.<\/p>\n<p style=\"text-align: justify\"><span style=\"color: #ff0000\">Resistencia a las Sombras<\/span><br \/>\nLos renegados tienen una resistencia natural a la magia de las Sombras.<\/p>\n<p style=\"text-align: justify\"><span style=\"color: #ff0000\">Canibalismo<\/span><br \/>\nUn m\u00e9todo ligeramente truculento por el que los renegados rellenan su salud es consumiendo cuerpos muertos.<\/p>\n<p style=\"text-align: justify\"><span style=\"color: #ff0000\">Respiraci\u00f3n subacu\u00e1tica<\/span><br \/>\nLos cuerpos no-muertos de los renegados necesitan menos aire que los de los vivos, lo que les permite aguantar la respiraci\u00f3n m\u00e1s tiempo.<\/p>\n<p style=\"text-align: justify\"><span style=\"color: #ff0000\">Toque de la tumba<\/span><br \/>\nA veces los Renegados pueden absorber la vida de sus enemigos y usarla para reparar sus propios cuerpos.<\/p>\n","protected":false},"excerpt":{"rendered":"<p>La muerte no supuso un alivio para las hordas de humanos que murieron durante la campa\u00f1a del Rey Ex\u00e1nime para extender la plaga entre los vivos de Lordaeron. En su lugar, los ca\u00eddos del reino fueron levantados como esbirros de la Plaga y se vieron obligados a librar una guerra profana contra todo y todos\u2026 [&hellip;]<\/p>\n","protected":false},"author":10111,"featured_media":0,"parent":78,"menu_order":0,"comment_status":"open","ping_status":"closed","template":"","meta":{"footnotes":""},"class_list":["post-152","page","type-page","status-publish","hentry"],"_links":{"self":[{"href":"https:\/\/blog.espol.edu.ec\/tvillama\/wp-json\/wp\/v2\/pages\/152","targetHints":{"allow":["GET"]}}],"collection":[{"href":"https:\/\/blog.espol.edu.ec\/tvillama\/wp-json\/wp\/v2\/pages"}],"about":[{"href":"https:\/\/blog.espol.edu.ec\/tvillama\/wp-json\/wp\/v2\/types\/page"}],"author":[{"embeddable":true,"href":"https:\/\/blog.espol.edu.ec\/tvillama\/wp-json\/wp\/v2\/users\/10111"}],"replies":[{"embeddable":true,"href":"https:\/\/blog.espol.edu.ec\/tvillama\/wp-json\/wp\/v2\/comments?post=152"}],"version-history":[{"count":2,"href":"https:\/\/blog.espol.edu.ec\/tvillama\/wp-json\/wp\/v2\/pages\/152\/revisions"}],"predecessor-version":[{"id":288,"href":"https:\/\/blog.espol.edu.ec\/tvillama\/wp-json\/wp\/v2\/pages\/152\/revisions\/288"}],"up":[{"embeddable":true,"href":"https:\/\/blog.espol.edu.ec\/tvillama\/wp-json\/wp\/v2\/pages\/78"}],"wp:attachment":[{"href":"https:\/\/blog.espol.edu.ec\/tvillama\/wp-json\/wp\/v2\/media?parent=152"}],"curies":[{"name":"wp","href":"https:\/\/api.w.org\/{rel}","templated":true}]}}