{"id":155,"date":"2015-11-21T05:14:09","date_gmt":"2015-11-21T05:14:09","guid":{"rendered":"http:\/\/blog.espol.edu.ec\/tvillama\/?page_id=155"},"modified":"2015-11-21T07:01:00","modified_gmt":"2015-11-21T07:01:00","slug":"elfo-de-sangre","status":"publish","type":"page","link":"https:\/\/blog.espol.edu.ec\/tvillama\/razas-alianza\/razas-horda\/elfo-de-sangre\/","title":{"rendered":"Elfo de Sangre"},"content":{"rendered":"<p><a href=\"http:\/\/blog.espol.edu.ec\/tvillama\/files\/2015\/11\/2830471_640px.jpg\"><img loading=\"lazy\" decoding=\"async\" class=\"alignnone size-medium wp-image-156\" src=\"http:\/\/blog.espol.edu.ec\/tvillama\/files\/2015\/11\/2830471_640px-275x300.jpg\" alt=\"2830471_640px\" width=\"275\" height=\"300\" srcset=\"https:\/\/blog.espol.edu.ec\/tvillama\/files\/2015\/11\/2830471_640px-275x300.jpg 275w, https:\/\/blog.espol.edu.ec\/tvillama\/files\/2015\/11\/2830471_640px.jpg 640w\" sizes=\"auto, (max-width: 275px) 100vw, 275px\" \/><\/a><\/p>\n<p>Durante casi 7 mil a\u00f1os, la sociedad de los elfos nobles giraba en torno a la sagrada Fuente del Sol, un manantial que se cre\u00f3 usando un vial de energ\u00eda arcana pura del primer Pozo de la Eternidad. Alimentado y fortalecido por las potentes energ\u00edas de la Fuente del Sol, el encantado mundo de los elfos nobles, Quel\u2019Thalas, prosperaba entre los verdes bosques al norte de Lordaeron.<\/p>\n<h2><span style=\"color: #ff0000\">Caracter\u00edsticas<br \/>\n<\/span><\/h2>\n<p><span style=\"color: #ff0000\">Agudeza arcana<\/span><br \/>\nLos elfos de sangre poseen una precisi\u00f3n sobrenatural y obtienen un bonus en los golpes cr\u00edticos.<br \/>\n<span style=\"color: #ff0000\">Torrent Arcano<\/span><br \/>\nLos elfos de sangre pueden interrumpir la magia, silenciando brevemente a todos los taumaturgos a su alrededor y restaurando parte de su man\u00e1.<br \/>\n<span style=\"color: #ff0000\">Afinidad Arcana<\/span><br \/>\nLos elfos de sangre est\u00e1n versados en las artes m\u00edsticas y reciben una bonificaci\u00f3n en encantamiento.<br \/>\n<span style=\"color: #ff0000\">Resistencia a la magia<\/span><br \/>\nLos elfos de sangre tienen una resistencia natural a la magia.<\/p>\n","protected":false},"excerpt":{"rendered":"<p>Durante casi 7 mil a\u00f1os, la sociedad de los elfos nobles giraba en torno a la sagrada Fuente del Sol, un manantial que se cre\u00f3 usando un vial de energ\u00eda arcana pura del primer Pozo de la Eternidad. Alimentado y fortalecido por las potentes energ\u00edas de la Fuente del Sol, el encantado mundo de los [&hellip;]<\/p>\n","protected":false},"author":10111,"featured_media":0,"parent":78,"menu_order":0,"comment_status":"open","ping_status":"closed","template":"","meta":{"footnotes":""},"class_list":["post-155","page","type-page","status-publish","hentry"],"_links":{"self":[{"href":"https:\/\/blog.espol.edu.ec\/tvillama\/wp-json\/wp\/v2\/pages\/155","targetHints":{"allow":["GET"]}}],"collection":[{"href":"https:\/\/blog.espol.edu.ec\/tvillama\/wp-json\/wp\/v2\/pages"}],"about":[{"href":"https:\/\/blog.espol.edu.ec\/tvillama\/wp-json\/wp\/v2\/types\/page"}],"author":[{"embeddable":true,"href":"https:\/\/blog.espol.edu.ec\/tvillama\/wp-json\/wp\/v2\/users\/10111"}],"replies":[{"embeddable":true,"href":"https:\/\/blog.espol.edu.ec\/tvillama\/wp-json\/wp\/v2\/comments?post=155"}],"version-history":[{"count":2,"href":"https:\/\/blog.espol.edu.ec\/tvillama\/wp-json\/wp\/v2\/pages\/155\/revisions"}],"predecessor-version":[{"id":255,"href":"https:\/\/blog.espol.edu.ec\/tvillama\/wp-json\/wp\/v2\/pages\/155\/revisions\/255"}],"up":[{"embeddable":true,"href":"https:\/\/blog.espol.edu.ec\/tvillama\/wp-json\/wp\/v2\/pages\/78"}],"wp:attachment":[{"href":"https:\/\/blog.espol.edu.ec\/tvillama\/wp-json\/wp\/v2\/media?parent=155"}],"curies":[{"name":"wp","href":"https:\/\/api.w.org\/{rel}","templated":true}]}}