{"id":158,"date":"2015-11-21T05:18:38","date_gmt":"2015-11-21T05:18:38","guid":{"rendered":"http:\/\/blog.espol.edu.ec\/tvillama\/?page_id=158"},"modified":"2015-11-21T07:00:51","modified_gmt":"2015-11-21T07:00:51","slug":"goblin","status":"publish","type":"page","link":"https:\/\/blog.espol.edu.ec\/tvillama\/razas-alianza\/razas-horda\/goblin\/","title":{"rendered":"Goblin"},"content":{"rendered":"<p style=\"text-align: justify\"><a href=\"http:\/\/blog.espol.edu.ec\/tvillama\/files\/2015\/11\/ws_WOW__Cataclysm_Goblins_2560x1600.jpg\"><img loading=\"lazy\" decoding=\"async\" class=\"alignnone size-medium wp-image-159\" src=\"http:\/\/blog.espol.edu.ec\/tvillama\/files\/2015\/11\/ws_WOW__Cataclysm_Goblins_2560x1600-300x188.jpg\" alt=\"ws_WOW__Cataclysm_Goblins_2560x1600\" width=\"300\" height=\"188\" srcset=\"https:\/\/blog.espol.edu.ec\/tvillama\/files\/2015\/11\/ws_WOW__Cataclysm_Goblins_2560x1600-300x188.jpg 300w, https:\/\/blog.espol.edu.ec\/tvillama\/files\/2015\/11\/ws_WOW__Cataclysm_Goblins_2560x1600-1024x640.jpg 1024w\" sizes=\"auto, (max-width: 300px) 100vw, 300px\" \/><\/a><\/p>\n<p style=\"text-align: justify\">Los goblin, que originalmente fueron esclavos de los trols de la jungla en la Isla de Kezan, viv\u00edan obligados a explotar las minas de mena de en las entra\u00f1as volc\u00e1nicas del Monte Kajaro. Los trols utilizaban este potente mineral para sus rituales vud\u00fa, pero tuvo un efecto inesperado en los esclavos que estaban en contacto directo con ella continuamente: la kaja\u2019mita gener\u00f3 una nueva perspicacia e inteligencia alarmantes en la raza goblin.<\/p>\n<h2 style=\"text-align: justify\"><span style=\"color: #ff0000\">Caracter\u00edsticas<br \/>\n<\/span><\/h2>\n<p style=\"text-align: justify\"><span style=\"color: #ff0000\">Salto con cohete<\/span><br \/>\nLos goblin pueden usar sus fieles (bueno, en t\u00e9rminos relativos) cinturones de cohetes para lanzarse distancias cortas.<\/p>\n<p style=\"text-align: justify\"><span style=\"color: #ff0000\">Tromba de cohetes<\/span><br \/>\nEl cintur\u00f3n de cohetes tambi\u00e9n puede lanzar cohetes al enemigo, infligiendo da\u00f1o de fuego al objetivo.<\/p>\n<p style=\"text-align: justify\"><span style=\"color: #ff0000\">Hobgoblin de bolsillo<\/span><br \/>\nLos goblin pueden acceder a su banco desde cualquier parte con la ayuda de su leal amigo.<\/p>\n<p style=\"text-align: justify\"><span style=\"color: #ff0000\">Los mejores precios del mercado<\/span><br \/>\nLos tejemanejes son la segunda naturaleza de los goblin y siempre reciben el mejor descuento de oro.<\/p>\n<p style=\"text-align: justify\"><span style=\"color: #ff0000\">El tiempo es oro<\/span><br \/>\nLos goblins obtienen un bonus de celeridad.<\/p>\n<p style=\"text-align: justify\"><span style=\"color: #ff0000\">Es cuesti\u00f3n de qu\u00edmica<\/span><br \/>\nLos goblins tienen una afinidad natural con los materiales fr\u00e1giles y peligrosos y reciben un bonus en alquimia.<\/p>\n","protected":false},"excerpt":{"rendered":"<p>Los goblin, que originalmente fueron esclavos de los trols de la jungla en la Isla de Kezan, viv\u00edan obligados a explotar las minas de mena de en las entra\u00f1as volc\u00e1nicas del Monte Kajaro. Los trols utilizaban este potente mineral para sus rituales vud\u00fa, pero tuvo un efecto inesperado en los esclavos que estaban en contacto [&hellip;]<\/p>\n","protected":false},"author":10111,"featured_media":0,"parent":78,"menu_order":0,"comment_status":"open","ping_status":"closed","template":"","meta":{"footnotes":""},"class_list":["post-158","page","type-page","status-publish","hentry"],"_links":{"self":[{"href":"https:\/\/blog.espol.edu.ec\/tvillama\/wp-json\/wp\/v2\/pages\/158","targetHints":{"allow":["GET"]}}],"collection":[{"href":"https:\/\/blog.espol.edu.ec\/tvillama\/wp-json\/wp\/v2\/pages"}],"about":[{"href":"https:\/\/blog.espol.edu.ec\/tvillama\/wp-json\/wp\/v2\/types\/page"}],"author":[{"embeddable":true,"href":"https:\/\/blog.espol.edu.ec\/tvillama\/wp-json\/wp\/v2\/users\/10111"}],"replies":[{"embeddable":true,"href":"https:\/\/blog.espol.edu.ec\/tvillama\/wp-json\/wp\/v2\/comments?post=158"}],"version-history":[{"count":2,"href":"https:\/\/blog.espol.edu.ec\/tvillama\/wp-json\/wp\/v2\/pages\/158\/revisions"}],"predecessor-version":[{"id":254,"href":"https:\/\/blog.espol.edu.ec\/tvillama\/wp-json\/wp\/v2\/pages\/158\/revisions\/254"}],"up":[{"embeddable":true,"href":"https:\/\/blog.espol.edu.ec\/tvillama\/wp-json\/wp\/v2\/pages\/78"}],"wp:attachment":[{"href":"https:\/\/blog.espol.edu.ec\/tvillama\/wp-json\/wp\/v2\/media?parent=158"}],"curies":[{"name":"wp","href":"https:\/\/api.w.org\/{rel}","templated":true}]}}