{"id":2,"date":"2015-11-13T15:53:55","date_gmt":"2015-11-13T15:53:55","guid":{"rendered":"http:\/\/blog.espol.edu.ec\/tvillama\/?page_id=2"},"modified":"2015-11-21T21:55:30","modified_gmt":"2015-11-21T21:55:30","slug":"pagina-ejemplo","status":"publish","type":"page","link":"https:\/\/blog.espol.edu.ec\/tvillama\/pagina-ejemplo\/","title":{"rendered":"World of Wacraft (Wow)"},"content":{"rendered":"<p style=\"text-align: justify\"><span style=\"color: #000000\"><strong><em><a href=\"http:\/\/blog.espol.edu.ec\/tvillama\/files\/2015\/11\/glh4rkd.jpg\"><img loading=\"lazy\" decoding=\"async\" class=\"alignnone wp-image-165 size-large\" src=\"http:\/\/blog.espol.edu.ec\/tvillama\/files\/2015\/11\/glh4rkd-1024x576.jpg\" alt=\"glh4rkd\" width=\"610\" height=\"343\" srcset=\"https:\/\/blog.espol.edu.ec\/tvillama\/files\/2015\/11\/glh4rkd-1024x576.jpg 1024w, https:\/\/blog.espol.edu.ec\/tvillama\/files\/2015\/11\/glh4rkd-300x169.jpg 300w, https:\/\/blog.espol.edu.ec\/tvillama\/files\/2015\/11\/glh4rkd.jpg 1920w\" sizes=\"auto, (max-width: 610px) 100vw, 610px\" \/><\/a><\/em><\/strong><\/span><\/p>\n<p style=\"text-align: justify\"><span style=\"color: #ffffff\"><strong><em>World of Warcraft<\/em><\/strong> (<strong><em>WoW<\/em><\/strong>), es un <a style=\"color: #ffffff\" href=\"https:\/\/es.wikipedia.org\/wiki\/Videojuego_de_rol_multijugador_masivo_en_l%C3%ADnea\">videojuego de rol multijugador masivo en l\u00ednea<\/a> desarrollado por <a style=\"color: #ffffff\" href=\"https:\/\/es.wikipedia.org\/wiki\/Blizzard_Entertainment\">Blizzard Entertainment<\/a>. Es el cuarto juego lanzado establecido en el universo fant\u00e1stico de <a style=\"color: #ffffff\" href=\"https:\/\/es.wikipedia.org\/wiki\/Warcraft\">Warcraft<\/a>, el cual fue introducido por primera vez por <em><a style=\"color: #ffffff\" href=\"https:\/\/es.wikipedia.org\/wiki\/Warcraft:_Orcs_%26_Humans\">Warcraft: Orcs &amp; Humans<\/a><\/em> en <a style=\"color: #ffffff\" href=\"https:\/\/es.wikipedia.org\/wiki\/1994\">1994<\/a>. <em>World of Warcraft<\/em> transcurre dentro del mundo de <a style=\"color: #ffffff\" href=\"https:\/\/es.wikipedia.org\/wiki\/Anexo:El_mundo_en_World_of_Warcraft#Azeroth\">Azeroth<\/a>, cuatro a\u00f1os despu\u00e9s de los sucesos finales de la anterior entrega de <em>Warcraft<\/em>, <em><a style=\"color: #ffffff\" href=\"https:\/\/es.wikipedia.org\/wiki\/Warcraft_III:_The_Frozen_Throne\">Warcraft III: The Frozen Throne<\/a><\/em>. Blizzard Entertainment anunci\u00f3 <em>World of Warcraft<\/em> el <a style=\"color: #ffffff\" href=\"https:\/\/es.wikipedia.org\/wiki\/2_de_septiembre\">2 de septiembre<\/a> de <a style=\"color: #ffffff\" href=\"https:\/\/es.wikipedia.org\/wiki\/2001\">2001<\/a>.<\/span><\/p>\n<p style=\"text-align: justify\"><span style=\"color: #ffffff\">El juego fue lanzado el <a style=\"color: #ffffff\" href=\"https:\/\/es.wikipedia.org\/wiki\/23_de_noviembre\">23 de noviembre<\/a> de <a style=\"color: #ffffff\" href=\"https:\/\/es.wikipedia.org\/wiki\/2004\">2004<\/a>, celebrando el d\u00e9cimo aniversario de la <a style=\"color: #ffffff\" href=\"https:\/\/es.wikipedia.org\/wiki\/Franquicia_%28medios_de_comunicaci%C3%B3n%29\">franquicia<\/a> <em>Warcraft<\/em>. La primera expansi\u00f3n del juego <em><a style=\"color: #ffffff\" href=\"https:\/\/es.wikipedia.org\/wiki\/World_of_Warcraft:_The_Burning_Crusade\">The Burning Crusade<\/a><\/em> fue lanzada el 16 de enero del 2007. La segunda expansi\u00f3n, <a style=\"color: #ffffff\" href=\"https:\/\/es.wikipedia.org\/wiki\/World_of_Warcraft:_Wrath_of_the_Lich_King\"><em>Wrath of the Lich King<\/em><\/a>, fue lanzada el 13 de noviembre de 2008.<sup><a style=\"color: #ffffff\" href=\"https:\/\/es.wikipedia.org\/wiki\/World_of_Warcraft#cite_note-Wrath_Release_Date-8\">8<\/a><\/sup> La tercera expansi\u00f3n del juego <em><a style=\"color: #ffffff\" href=\"https:\/\/es.wikipedia.org\/wiki\/World_of_Warcraft:_Cataclysm\">World of Warcraft: Cataclysm<\/a><\/em> fue anunciada en el BlizzCon 2009 y fue lanzada el 7 de diciembre de 2010.<\/span><\/p>\n<p style=\"text-align: justify\"><span style=\"color: #ffffff\">La cuarta expansi\u00f3n, <em><a style=\"color: #ffffff\" href=\"https:\/\/es.wikipedia.org\/wiki\/World_of_Warcraft:_Mists_of_Pandaria\">World of Warcraft: Mists of Pandaria<\/a><\/em> fue anunciada en el BlizzCon 2011 y fue lanzada el 25 de septiembre del 2012. Blizzard ha hecho oficial el lanzamiento de la quinta expansi\u00f3n del juego, <a style=\"color: #ffffff\" href=\"https:\/\/es.wikipedia.org\/wiki\/World_of_Warcraft:_Warlords_of_Draenor\">World of Warcraft: Warlords of Draenor<\/a> el 13 de noviembre de 2014. Recientemente Blizzard ha anunciado en la BlizzCon 2015 el lanzamiento de la sexta expansi\u00f3n del juego, <a style=\"color: #ffffff\" href=\"https:\/\/es.wikipedia.org\/wiki\/World_of_Warcraft:_Legion\">World of Warcraft: Legion<\/a> para el 21 de septiembre de 2016.<\/span><\/p>\n<p style=\"text-align: justify\"><span style=\"color: #ffffff\">Con 7.7 millones de suscriptores, <em>World of Warcraft<\/em> contin\u00faa siendo con diferencia el juego en l\u00ednea por suscripci\u00f3n con el mayor registro de usuarios, manteniendo el <a style=\"color: #ffffff\" href=\"https:\/\/es.wikipedia.org\/wiki\/R%C3%A9cord_Guiness\">R\u00e9cord Guiness<\/a> para el MMORPG (<em>Massive Multiplayer Online Rol Playing Game<\/em>) m\u00e1s popular.<\/span><\/p>\n<p style=\"text-align: justify\"><span style=\"color: #ffffff\">En diciembre de 2013, gracias a los documentos secretos filtrados por <a style=\"color: #ffffff\" href=\"https:\/\/es.wikipedia.org\/wiki\/Edward_Snowden\">Edward Snowden<\/a>, sali\u00f3 a la luz que las agencias de inteligencia estadounidenses <a style=\"color: #ffffff\" href=\"https:\/\/es.wikipedia.org\/wiki\/NSA\">NSA<\/a> y <a style=\"color: #ffffff\" href=\"https:\/\/es.wikipedia.org\/wiki\/CIA\">CIA<\/a>, en colaboraci\u00f3n con la brit\u00e1nica <a style=\"color: #ffffff\" href=\"https:\/\/es.wikipedia.org\/wiki\/GCHQ\">GCHQ<\/a> han estado vigilando y recogiendo datos del World of Warcraft y otros juegos <a style=\"color: #ffffff\" href=\"https:\/\/es.wikipedia.org\/wiki\/MMORPG\">MMORPG<\/a>.<\/span><\/p>\n","protected":false},"excerpt":{"rendered":"<p>World of Warcraft (WoW), es un videojuego de rol multijugador masivo en l\u00ednea desarrollado por Blizzard Entertainment. Es el cuarto juego lanzado establecido en el universo fant\u00e1stico de Warcraft, el cual fue introducido por primera vez por Warcraft: Orcs &amp; Humans en 1994. World of Warcraft transcurre dentro del mundo de Azeroth, cuatro a\u00f1os despu\u00e9s [&hellip;]<\/p>\n","protected":false},"author":10111,"featured_media":0,"parent":0,"menu_order":0,"comment_status":"open","ping_status":"open","template":"","meta":{"footnotes":""},"class_list":["post-2","page","type-page","status-publish","hentry"],"_links":{"self":[{"href":"https:\/\/blog.espol.edu.ec\/tvillama\/wp-json\/wp\/v2\/pages\/2","targetHints":{"allow":["GET"]}}],"collection":[{"href":"https:\/\/blog.espol.edu.ec\/tvillama\/wp-json\/wp\/v2\/pages"}],"about":[{"href":"https:\/\/blog.espol.edu.ec\/tvillama\/wp-json\/wp\/v2\/types\/page"}],"author":[{"embeddable":true,"href":"https:\/\/blog.espol.edu.ec\/tvillama\/wp-json\/wp\/v2\/users\/10111"}],"replies":[{"embeddable":true,"href":"https:\/\/blog.espol.edu.ec\/tvillama\/wp-json\/wp\/v2\/comments?post=2"}],"version-history":[{"count":5,"href":"https:\/\/blog.espol.edu.ec\/tvillama\/wp-json\/wp\/v2\/pages\/2\/revisions"}],"predecessor-version":[{"id":291,"href":"https:\/\/blog.espol.edu.ec\/tvillama\/wp-json\/wp\/v2\/pages\/2\/revisions\/291"}],"wp:attachment":[{"href":"https:\/\/blog.espol.edu.ec\/tvillama\/wp-json\/wp\/v2\/media?parent=2"}],"curies":[{"name":"wp","href":"https:\/\/api.w.org\/{rel}","templated":true}]}}