{"id":208,"date":"2015-11-21T06:09:35","date_gmt":"2015-11-21T06:09:35","guid":{"rendered":"http:\/\/blog.espol.edu.ec\/tvillama\/?page_id=208"},"modified":"2015-11-21T06:12:18","modified_gmt":"2015-11-21T06:12:18","slug":"wow-legion","status":"publish","type":"page","link":"https:\/\/blog.espol.edu.ec\/tvillama\/pagina-ejemplo\/wow-legion\/","title":{"rendered":"World Of Wacraft - Legion"},"content":{"rendered":"<p style=\"text-align: justify\"><a href=\"http:\/\/blog.espol.edu.ec\/tvillama\/files\/2015\/11\/WellgroomedSmugAfricanwilddog-size_restricted.gif\"><img loading=\"lazy\" decoding=\"async\" class=\"alignnone wp-image-205 size-full\" src=\"http:\/\/blog.espol.edu.ec\/tvillama\/files\/2015\/11\/WellgroomedSmugAfricanwilddog-size_restricted.gif\" alt=\"WellgroomedSmugAfricanwilddog-size_restricted\" width=\"500\" height=\"195\" \/><\/a><\/p>\n<p style=\"text-align: justify\">Se abre la veda<\/p>\n<p style=\"text-align: justify\">La Tumba de Sargeras se ha reabierto, y ahora los demonios de la Legi\u00f3n Ardiente entran a raudales en nuestro mundo. Est\u00e1n concentrando todo su terror\u00edfico poder para invocar al tit\u00e1n oscuro en Azeroth\u2026 y ya han encontrado la clave para que regrese.<\/p>\n<p style=\"text-align: justify\">Ahora que la Alianza y la Horda han sido vencidas, solo t\u00fa podr\u00e1s empu\u00f1ar los artefactos m\u00e1s legendarios de Warcraft, explorar las ancestrales Islas Abruptas en busca de reliquias de los titanes y enfrentarte a la Legi\u00f3n antes de que la \u00faltima esperanza de Azeroth se desvanezca.<\/p>\n<p style=\"text-align: justify\">Prep\u00e1rate, adalid. La extinci\u00f3n se acerca.<\/p>\n<p style=\"text-align: justify\">Clase h\u00e9roe<br \/>\nAcecha a tus presas como cazador de demonios<\/p>\n<p style=\"text-align: justify\">Domina a tus adversarios como cazador de demonios, una clase que tiene sus or\u00edgenes en los elfos que fueron desterrados por atreverse a tomar los terribles poderes de la Legi\u00f3n. Los cazadores de demonios poseen una movilidad superior y un nivel sobrenatural de percepci\u00f3n, y pueden acceder a poderes prohibidos en momentos de necesidad para transformarse en seres aterradores. La especializaci\u00f3n Caos te permitir\u00e1 aniquilar a todo aquel que se cruce en tu camino con abrasadores ataques demon\u00edacos, mientras que con la especializaci\u00f3n Venganza podr\u00e1s enfrentarte a los demonios m\u00e1s poderosos y someterte a un castigo infinito para que sus ataques exalten tu odio.<\/p>\n<p><iframe loading=\"lazy\" title=\"World of Warcraft: Legion - Tr\u00e1iler cinem\u00e1tico\" width=\"610\" height=\"343\" src=\"https:\/\/www.youtube.com\/embed\/9dtElNTvlN4?feature=oembed\" frameborder=\"0\" allow=\"accelerometer; autoplay; clipboard-write; encrypted-media; gyroscope; picture-in-picture; web-share\" referrerpolicy=\"strict-origin-when-cross-origin\" allowfullscreen><\/iframe><\/p>\n","protected":false},"excerpt":{"rendered":"<p>Se abre la veda La Tumba de Sargeras se ha reabierto, y ahora los demonios de la Legi\u00f3n Ardiente entran a raudales en nuestro mundo. Est\u00e1n concentrando todo su terror\u00edfico poder para invocar al tit\u00e1n oscuro en Azeroth\u2026 y ya han encontrado la clave para que regrese. Ahora que la Alianza y la Horda han [&hellip;]<\/p>\n","protected":false},"author":10111,"featured_media":0,"parent":2,"menu_order":0,"comment_status":"open","ping_status":"closed","template":"","meta":{"footnotes":""},"class_list":["post-208","page","type-page","status-publish","hentry"],"_links":{"self":[{"href":"https:\/\/blog.espol.edu.ec\/tvillama\/wp-json\/wp\/v2\/pages\/208","targetHints":{"allow":["GET"]}}],"collection":[{"href":"https:\/\/blog.espol.edu.ec\/tvillama\/wp-json\/wp\/v2\/pages"}],"about":[{"href":"https:\/\/blog.espol.edu.ec\/tvillama\/wp-json\/wp\/v2\/types\/page"}],"author":[{"embeddable":true,"href":"https:\/\/blog.espol.edu.ec\/tvillama\/wp-json\/wp\/v2\/users\/10111"}],"replies":[{"embeddable":true,"href":"https:\/\/blog.espol.edu.ec\/tvillama\/wp-json\/wp\/v2\/comments?post=208"}],"version-history":[{"count":3,"href":"https:\/\/blog.espol.edu.ec\/tvillama\/wp-json\/wp\/v2\/pages\/208\/revisions"}],"predecessor-version":[{"id":211,"href":"https:\/\/blog.espol.edu.ec\/tvillama\/wp-json\/wp\/v2\/pages\/208\/revisions\/211"}],"up":[{"embeddable":true,"href":"https:\/\/blog.espol.edu.ec\/tvillama\/wp-json\/wp\/v2\/pages\/2"}],"wp:attachment":[{"href":"https:\/\/blog.espol.edu.ec\/tvillama\/wp-json\/wp\/v2\/media?parent=208"}],"curies":[{"name":"wp","href":"https:\/\/api.w.org\/{rel}","templated":true}]}}