{"id":218,"date":"2015-11-21T06:31:08","date_gmt":"2015-11-21T06:31:08","guid":{"rendered":"http:\/\/blog.espol.edu.ec\/tvillama\/?page_id=218"},"modified":"2015-11-21T06:33:23","modified_gmt":"2015-11-21T06:33:23","slug":"warcraft-iii-the-frozen-throne","status":"publish","type":"page","link":"https:\/\/blog.espol.edu.ec\/tvillama\/pagina-ejemplo\/warcraft-iii-the-frozen-throne\/","title":{"rendered":"Warcraft III: The Frozen Throne"},"content":{"rendered":"<p><a href=\"http:\/\/blog.espol.edu.ec\/tvillama\/files\/2015\/11\/ffff.jpg\"><img loading=\"lazy\" decoding=\"async\" src=\"http:\/\/blog.espol.edu.ec\/tvillama\/files\/2015\/11\/ffff-1024x576.jpg\" alt=\"ffff\" width=\"610\" height=\"343\" \/><\/a><a href=\"http:\/\/blog.espol.edu.ec\/tvillama\/files\/2015\/11\/ffff.jpg\"><br \/>\n<\/a><\/p>\n<p style=\"text-align: justify\">Mientras los ejercitos de humanos, orcos y sus aliados se recuperaban de la batalla contra la Legi\u00f3n Ardiente, Arthas Menethil, ahora Caballero de la Muerte, masacraba a los habitantes delos Reinos del Este de Azeroth en nombre de la Plaga. Pero nuevas fuerzas emerg\u00edan que amenazaban\u00a0 con destruir a Arthas y a sus esbirros: la alma en pena Sylvanas Brisaveloz se rebel\u00f3, creando una facci\u00f3n escindida de los no-muertos conocida como los Renegados, y el elfo de la noche con sangre de demonio, Ilidan Tempestira, envi\u00f3 a sus ejercitos al continente helado de Rasganorte para combatir contra el Rey Ex\u00e1nime. Arthas se apresur\u00f3 a defender a su maestro y derrot\u00f3 a Illidan, quien huy\u00f3 avergonzado hacia Terrallende. Por \u00faltimo, ya cerca\u00a0 del centro del poder del Azote, Arthas hizo lo imposible y voluntariamente uni\u00f3 su propio esp\u00edritu al del Rey Ex\u00e1nime.<\/p>\n<p><iframe loading=\"lazy\" title=\"Warcraft III - The Frozen Throne Cinematic Intro (castellano)\" width=\"610\" height=\"343\" src=\"https:\/\/www.youtube.com\/embed\/imbZv3XbirA?feature=oembed\" frameborder=\"0\" allow=\"accelerometer; autoplay; clipboard-write; encrypted-media; gyroscope; picture-in-picture; web-share\" referrerpolicy=\"strict-origin-when-cross-origin\" allowfullscreen><\/iframe><\/p>\n","protected":false},"excerpt":{"rendered":"<p>Mientras los ejercitos de humanos, orcos y sus aliados se recuperaban de la batalla contra la Legi\u00f3n Ardiente, Arthas Menethil, ahora Caballero de la Muerte, masacraba a los habitantes delos Reinos del Este de Azeroth en nombre de la Plaga. Pero nuevas fuerzas emerg\u00edan que amenazaban\u00a0 con destruir a Arthas y a sus esbirros: la [&hellip;]<\/p>\n","protected":false},"author":10111,"featured_media":0,"parent":2,"menu_order":0,"comment_status":"open","ping_status":"closed","template":"","meta":{"footnotes":""},"class_list":["post-218","page","type-page","status-publish","hentry"],"_links":{"self":[{"href":"https:\/\/blog.espol.edu.ec\/tvillama\/wp-json\/wp\/v2\/pages\/218","targetHints":{"allow":["GET"]}}],"collection":[{"href":"https:\/\/blog.espol.edu.ec\/tvillama\/wp-json\/wp\/v2\/pages"}],"about":[{"href":"https:\/\/blog.espol.edu.ec\/tvillama\/wp-json\/wp\/v2\/types\/page"}],"author":[{"embeddable":true,"href":"https:\/\/blog.espol.edu.ec\/tvillama\/wp-json\/wp\/v2\/users\/10111"}],"replies":[{"embeddable":true,"href":"https:\/\/blog.espol.edu.ec\/tvillama\/wp-json\/wp\/v2\/comments?post=218"}],"version-history":[{"count":2,"href":"https:\/\/blog.espol.edu.ec\/tvillama\/wp-json\/wp\/v2\/pages\/218\/revisions"}],"predecessor-version":[{"id":222,"href":"https:\/\/blog.espol.edu.ec\/tvillama\/wp-json\/wp\/v2\/pages\/218\/revisions\/222"}],"up":[{"embeddable":true,"href":"https:\/\/blog.espol.edu.ec\/tvillama\/wp-json\/wp\/v2\/pages\/2"}],"wp:attachment":[{"href":"https:\/\/blog.espol.edu.ec\/tvillama\/wp-json\/wp\/v2\/media?parent=218"}],"curies":[{"name":"wp","href":"https:\/\/api.w.org\/{rel}","templated":true}]}}