{"id":234,"date":"2015-11-21T06:44:00","date_gmt":"2015-11-21T06:44:00","guid":{"rendered":"http:\/\/blog.espol.edu.ec\/tvillama\/?page_id=234"},"modified":"2015-11-21T06:44:00","modified_gmt":"2015-11-21T06:44:00","slug":"guerrero","status":"publish","type":"page","link":"https:\/\/blog.espol.edu.ec\/tvillama\/clases\/guerrero\/","title":{"rendered":"Guerrero"},"content":{"rendered":"<p style=\"text-align: justify\"><a href=\"http:\/\/blog.espol.edu.ec\/tvillama\/files\/2015\/11\/imback.jpg\"><img loading=\"lazy\" decoding=\"async\" class=\"alignnone size-medium wp-image-235\" src=\"http:\/\/blog.espol.edu.ec\/tvillama\/files\/2015\/11\/imback-296x300.jpg\" alt=\"imback\" width=\"296\" height=\"300\" srcset=\"https:\/\/blog.espol.edu.ec\/tvillama\/files\/2015\/11\/imback-296x300.jpg 296w, https:\/\/blog.espol.edu.ec\/tvillama\/files\/2015\/11\/imback-50x50.jpg 50w, https:\/\/blog.espol.edu.ec\/tvillama\/files\/2015\/11\/imback.jpg 939w\" sizes=\"auto, (max-width: 296px) 100vw, 296px\" \/><\/a><\/p>\n<p style=\"text-align: justify\">Mientras ha durado la guerra, los h\u00e9roes de cada raza han intentado dominar el arte de la batalla. Los guerreros combinan fuerza, liderazgo y un amplio conocimiento de armas y armaduras para crear el caos durante el glorioso combate. Algunos protegen desde las primeras l\u00edneas con escudos, bloqueando a los enemigos mientras los aliados apoyan a los guerreros desde detr\u00e1s con hechizos y arcos. Otros renuncian al escudo y desatan su ira contra la amenaza m\u00e1s pr\u00f3xima con una variedad de armas mortales.<\/p>\n<h2 style=\"text-align: justify\"><span style=\"color: #ff9900\">Caracter\u00edsticas<\/span><\/h2>\n<p style=\"text-align: justify\">\n<span style=\"color: #ff9900\">Defensa<\/span><br \/>\nLos poderosos guerreros dependen de su pesada armadura, escudos y astucia en la batalla para defenderse y asegurarse de que los enemigos no van a por sus aliados m\u00e1s d\u00e9biles<\/p>\n<p style=\"text-align: justify\">\n<span style=\"color: #ff9900\">Da\u00f1o cuerpo a cuerpo<\/span><br \/>\nLa maestr\u00eda en armas es un punto b\u00e1sico del entrenamiento de los guerreros; son capaces de infligir grandes cantidades de da\u00f1o con enormes armas a dos manos o con ataques usando dos armas de una mano.<\/p>\n<p style=\"text-align: justify\">\n<span style=\"color: #ff9900\">Ira<\/span><br \/>\nA medida que los guerreros infligen o reciben da\u00f1o, su ira aumenta, lo que les permite lanzar ataques realmente demoledores en el fragor de la batalla.<\/p>\n<p style=\"text-align: justify\">\n<span style=\"color: #ff9900\">Actitudes<\/span><br \/>\nAl cambiar su actitud durante la batalla, los guerreros pueden ajustar su enfoque en el combate, infligiendo m\u00e1s da\u00f1o, defendiendo con m\u00e1s cuidado contra los ataques enemigos o buscando un equilibrio.<\/p>\n","protected":false},"excerpt":{"rendered":"<p>Mientras ha durado la guerra, los h\u00e9roes de cada raza han intentado dominar el arte de la batalla. Los guerreros combinan fuerza, liderazgo y un amplio conocimiento de armas y armaduras para crear el caos durante el glorioso combate. Algunos protegen desde las primeras l\u00edneas con escudos, bloqueando a los enemigos mientras los aliados apoyan [&hellip;]<\/p>\n","protected":false},"author":10111,"featured_media":0,"parent":232,"menu_order":0,"comment_status":"open","ping_status":"closed","template":"","meta":{"footnotes":""},"class_list":["post-234","page","type-page","status-publish","hentry"],"_links":{"self":[{"href":"https:\/\/blog.espol.edu.ec\/tvillama\/wp-json\/wp\/v2\/pages\/234","targetHints":{"allow":["GET"]}}],"collection":[{"href":"https:\/\/blog.espol.edu.ec\/tvillama\/wp-json\/wp\/v2\/pages"}],"about":[{"href":"https:\/\/blog.espol.edu.ec\/tvillama\/wp-json\/wp\/v2\/types\/page"}],"author":[{"embeddable":true,"href":"https:\/\/blog.espol.edu.ec\/tvillama\/wp-json\/wp\/v2\/users\/10111"}],"replies":[{"embeddable":true,"href":"https:\/\/blog.espol.edu.ec\/tvillama\/wp-json\/wp\/v2\/comments?post=234"}],"version-history":[{"count":1,"href":"https:\/\/blog.espol.edu.ec\/tvillama\/wp-json\/wp\/v2\/pages\/234\/revisions"}],"predecessor-version":[{"id":236,"href":"https:\/\/blog.espol.edu.ec\/tvillama\/wp-json\/wp\/v2\/pages\/234\/revisions\/236"}],"up":[{"embeddable":true,"href":"https:\/\/blog.espol.edu.ec\/tvillama\/wp-json\/wp\/v2\/pages\/232"}],"wp:attachment":[{"href":"https:\/\/blog.espol.edu.ec\/tvillama\/wp-json\/wp\/v2\/media?parent=234"}],"curies":[{"name":"wp","href":"https:\/\/api.w.org\/{rel}","templated":true}]}}