{"id":246,"date":"2015-11-21T06:56:30","date_gmt":"2015-11-21T06:56:30","guid":{"rendered":"http:\/\/blog.espol.edu.ec\/tvillama\/?page_id=246"},"modified":"2015-11-21T06:57:32","modified_gmt":"2015-11-21T06:57:32","slug":"picaro","status":"publish","type":"page","link":"https:\/\/blog.espol.edu.ec\/tvillama\/clases\/picaro\/","title":{"rendered":"Picaro"},"content":{"rendered":"<p style=\"text-align: justify\"><a href=\"http:\/\/blog.espol.edu.ec\/tvillama\/files\/2015\/11\/maxresdefaultdd.jpg\"><img loading=\"lazy\" decoding=\"async\" class=\"alignnone size-medium wp-image-248\" src=\"http:\/\/blog.espol.edu.ec\/tvillama\/files\/2015\/11\/maxresdefaultdd-300x246.jpg\" alt=\"maxresdefaultdd\" width=\"300\" height=\"246\" srcset=\"https:\/\/blog.espol.edu.ec\/tvillama\/files\/2015\/11\/maxresdefaultdd-300x246.jpg 300w, https:\/\/blog.espol.edu.ec\/tvillama\/files\/2015\/11\/maxresdefaultdd-1024x840.jpg 1024w, https:\/\/blog.espol.edu.ec\/tvillama\/files\/2015\/11\/maxresdefaultdd.jpg 1280w\" sizes=\"auto, (max-width: 300px) 100vw, 300px\" \/><\/a><\/p>\n<p style=\"text-align: justify\">Para los p\u00edcaros el \u00fanico c\u00f3digo es el contrato y su honor se compra con oro. Libres de las limitaciones de una conciencia, estos mercenarios se apoyan en t\u00e1cticas brutales y eficientes. Asesinos letales y maestros del sigilo, se acercan a sus objetivos por detr\u00e1s, perforando un \u00f3rgano vital y desapareciendo entre las sombras antes de que la v\u00edctima ca\u00edga al suelo.<\/p>\n<h2 style=\"text-align: justify\"><span style=\"color: #ff9900\">Caracter\u00edsticas<\/span><\/h2>\n<p style=\"text-align: justify\"><span style=\"color: #ff9900\">Sigilo<\/span><br \/>\nLos p\u00edcaros se mueven a hurtadillas por el campo de batalla, escondi\u00e9ndose de los enemigos y asestando golpes por sorpresa a los desprevenidos cuando ven una oportunidad.<\/p>\n<p style=\"text-align: justify\"><span style=\"color: #ff9900\">Da\u00f1o cuerpo a cuerpo<\/span><br \/>\nAl untar sus armas con venenos mort\u00edferos, los p\u00edcaros pueden infligir un da\u00f1o enorme a sus objetivos.<\/p>\n<p style=\"text-align: justify\"><span style=\"color: #ff9900\">Evasi\u00f3n<\/span><br \/>\nCuando est\u00e1n en peligro, los p\u00edcaros tienen muchas herramientas a su disposici\u00f3n para evitar la vista de sus enemigos y, si fuera necesario, sus ataques.<\/p>\n<p style=\"text-align: justify\"><span style=\"color: #ff9900\">Combos<\/span><br \/>\nAl planear y combinar sucesivos ataques cuerpo a cuerpo, los p\u00edcaros pueden acumular puntos de combo que les permiten asestar golpes de gracia devastadores en combate.<\/p>\n","protected":false},"excerpt":{"rendered":"<p>Para los p\u00edcaros el \u00fanico c\u00f3digo es el contrato y su honor se compra con oro. Libres de las limitaciones de una conciencia, estos mercenarios se apoyan en t\u00e1cticas brutales y eficientes. Asesinos letales y maestros del sigilo, se acercan a sus objetivos por detr\u00e1s, perforando un \u00f3rgano vital y desapareciendo entre las sombras antes [&hellip;]<\/p>\n","protected":false},"author":10111,"featured_media":0,"parent":232,"menu_order":0,"comment_status":"open","ping_status":"closed","template":"","meta":{"footnotes":""},"class_list":["post-246","page","type-page","status-publish","hentry"],"_links":{"self":[{"href":"https:\/\/blog.espol.edu.ec\/tvillama\/wp-json\/wp\/v2\/pages\/246","targetHints":{"allow":["GET"]}}],"collection":[{"href":"https:\/\/blog.espol.edu.ec\/tvillama\/wp-json\/wp\/v2\/pages"}],"about":[{"href":"https:\/\/blog.espol.edu.ec\/tvillama\/wp-json\/wp\/v2\/types\/page"}],"author":[{"embeddable":true,"href":"https:\/\/blog.espol.edu.ec\/tvillama\/wp-json\/wp\/v2\/users\/10111"}],"replies":[{"embeddable":true,"href":"https:\/\/blog.espol.edu.ec\/tvillama\/wp-json\/wp\/v2\/comments?post=246"}],"version-history":[{"count":2,"href":"https:\/\/blog.espol.edu.ec\/tvillama\/wp-json\/wp\/v2\/pages\/246\/revisions"}],"predecessor-version":[{"id":249,"href":"https:\/\/blog.espol.edu.ec\/tvillama\/wp-json\/wp\/v2\/pages\/246\/revisions\/249"}],"up":[{"embeddable":true,"href":"https:\/\/blog.espol.edu.ec\/tvillama\/wp-json\/wp\/v2\/pages\/232"}],"wp:attachment":[{"href":"https:\/\/blog.espol.edu.ec\/tvillama\/wp-json\/wp\/v2\/media?parent=246"}],"curies":[{"name":"wp","href":"https:\/\/api.w.org\/{rel}","templated":true}]}}