{"id":269,"date":"2015-11-21T19:32:48","date_gmt":"2015-11-21T19:32:48","guid":{"rendered":"http:\/\/blog.espol.edu.ec\/tvillama\/?page_id=269"},"modified":"2015-11-21T19:32:48","modified_gmt":"2015-11-21T19:32:48","slug":"chaman","status":"publish","type":"page","link":"https:\/\/blog.espol.edu.ec\/tvillama\/clases\/chaman\/","title":{"rendered":"Cham\u00e1n"},"content":{"rendered":"<p style=\"text-align: justify\"><a href=\"http:\/\/blog.espol.edu.ec\/tvillama\/files\/2015\/11\/shaman05-large.jpg\"><img loading=\"lazy\" decoding=\"async\" class=\"alignnone size-medium wp-image-270\" src=\"http:\/\/blog.espol.edu.ec\/tvillama\/files\/2015\/11\/shaman05-large-210x300.jpg\" alt=\"shaman05-large\" width=\"210\" height=\"300\" srcset=\"https:\/\/blog.espol.edu.ec\/tvillama\/files\/2015\/11\/shaman05-large-210x300.jpg 210w, https:\/\/blog.espol.edu.ec\/tvillama\/files\/2015\/11\/shaman05-large.jpg 430w\" sizes=\"auto, (max-width: 210px) 100vw, 210px\" \/><\/a><\/p>\n<p style=\"text-align: justify\">Los chamanes son gu\u00edas espirituales y practicantes no de lo divino, sino de los propios elementales. Al contrario que otros m\u00edsticos, los chamanes comulgan con fuerzas que no son estrictamente ben\u00e9volas. Los elementos son ca\u00f3ticos y si los dejan a su aire, luchan entre s\u00ed con una furia primaria sin fin. La labor del cham\u00e1n es equilibrar ese caos. Actuando como moderadores entre la tierra, el fuego, el agua y el aire, los chamanes invocan t\u00f3tems que concentran a los elementos para apoyar a los aliados del cham\u00e1n o para castigar a quienes los amenazan.<\/p>\n<h2 class=\"scroll-title\" style=\"text-align: justify\"><span style=\"color: #ff9900\">Caracter\u00edsticas<\/span><\/h2>\n<div class=\"scroll-content\">\n<div class=\"feature-list\">\n<div class=\"feature-wrapper\"><span class=\"feature-item-title\" style=\"color: #ff9900\">SANACI\u00d3N<\/span><\/div>\n<div class=\"feature-wrapper\">Invocando su poder espiritual, el cham\u00e1n puede restaurar la salud a los aliados heridos.<\/div>\n<div class=\"feature-wrapper\"><span class=\"feature-item-title\" style=\"color: #ff9900\">DA\u00d1O CUERPO A CUERPO<\/span><\/div>\n<div class=\"feature-wrapper\">El cham\u00e1n mejora sus armas con efectos elementales, lo que les hace quemar, congelar o producir otros efectos al golpear.<\/div>\n<div class=\"feature-wrapper\"><\/div>\n<div class=\"feature-wrapper\"><span style=\"color: #ff9900\">DA\u00d1O A DISTANCIA<\/span><\/div>\n<div class=\"feature-wrapper\">La fuerza elemental del cham\u00e1n puede usarse para da\u00f1ar a los enemigos desde lejos con golpes de rayos, terremotos o r\u00e1fagas de lava.<\/div>\n<p class=\"feature-item clear-after\" style=\"text-align: justify\">\n<div class=\"feature-item clear-after\">\n<p class=\"feature-wrapper\" style=\"text-align: justify\"><span class=\"feature-item-title\" style=\"color: #ff9900\">TOTEMS<\/span><\/p>\n<p class=\"feature-wrapper\" style=\"text-align: justify\">Los totems que deja un cham\u00e1n concentran una serie de efectos positivos, incluidos restauraci\u00f3n mejorada, da\u00f1o aumentado, ataques m\u00e1s r\u00e1pidos y m\u00e1s.<\/p>\n<\/div>\n<\/div>\n<\/div>\n","protected":false},"excerpt":{"rendered":"<p>Los chamanes son gu\u00edas espirituales y practicantes no de lo divino, sino de los propios elementales. Al contrario que otros m\u00edsticos, los chamanes comulgan con fuerzas que no son estrictamente ben\u00e9volas. Los elementos son ca\u00f3ticos y si los dejan a su aire, luchan entre s\u00ed con una furia primaria sin fin. La labor del cham\u00e1n [&hellip;]<\/p>\n","protected":false},"author":10111,"featured_media":0,"parent":232,"menu_order":0,"comment_status":"open","ping_status":"closed","template":"","meta":{"footnotes":""},"class_list":["post-269","page","type-page","status-publish","hentry"],"_links":{"self":[{"href":"https:\/\/blog.espol.edu.ec\/tvillama\/wp-json\/wp\/v2\/pages\/269","targetHints":{"allow":["GET"]}}],"collection":[{"href":"https:\/\/blog.espol.edu.ec\/tvillama\/wp-json\/wp\/v2\/pages"}],"about":[{"href":"https:\/\/blog.espol.edu.ec\/tvillama\/wp-json\/wp\/v2\/types\/page"}],"author":[{"embeddable":true,"href":"https:\/\/blog.espol.edu.ec\/tvillama\/wp-json\/wp\/v2\/users\/10111"}],"replies":[{"embeddable":true,"href":"https:\/\/blog.espol.edu.ec\/tvillama\/wp-json\/wp\/v2\/comments?post=269"}],"version-history":[{"count":1,"href":"https:\/\/blog.espol.edu.ec\/tvillama\/wp-json\/wp\/v2\/pages\/269\/revisions"}],"predecessor-version":[{"id":271,"href":"https:\/\/blog.espol.edu.ec\/tvillama\/wp-json\/wp\/v2\/pages\/269\/revisions\/271"}],"up":[{"embeddable":true,"href":"https:\/\/blog.espol.edu.ec\/tvillama\/wp-json\/wp\/v2\/pages\/232"}],"wp:attachment":[{"href":"https:\/\/blog.espol.edu.ec\/tvillama\/wp-json\/wp\/v2\/media?parent=269"}],"curies":[{"name":"wp","href":"https:\/\/api.w.org\/{rel}","templated":true}]}}