{"id":272,"date":"2015-11-21T19:35:36","date_gmt":"2015-11-21T19:35:36","guid":{"rendered":"http:\/\/blog.espol.edu.ec\/tvillama\/?page_id=272"},"modified":"2015-11-21T19:35:36","modified_gmt":"2015-11-21T19:35:36","slug":"mago","status":"publish","type":"page","link":"https:\/\/blog.espol.edu.ec\/tvillama\/clases\/mago\/","title":{"rendered":"Mago"},"content":{"rendered":"<p style=\"text-align: justify\"><a href=\"http:\/\/blog.espol.edu.ec\/tvillama\/files\/2015\/11\/deaconblood_elf_by_genzoman.jpg\"><img loading=\"lazy\" decoding=\"async\" class=\"alignnone size-medium wp-image-273\" src=\"http:\/\/blog.espol.edu.ec\/tvillama\/files\/2015\/11\/deaconblood_elf_by_genzoman-300x248.jpg\" alt=\"deaconblood_elf_by_genzoman\" width=\"300\" height=\"248\" srcset=\"https:\/\/blog.espol.edu.ec\/tvillama\/files\/2015\/11\/deaconblood_elf_by_genzoman-300x248.jpg 300w, https:\/\/blog.espol.edu.ec\/tvillama\/files\/2015\/11\/deaconblood_elf_by_genzoman.jpg 800w\" sizes=\"auto, (max-width: 300px) 100vw, 300px\" \/><\/a><\/p>\n<p style=\"text-align: justify\">Los estudiantes dotados de un agudo intelecto y una disciplina f\u00e9rrea pueden recorrer el camino del mago. La magia arcana disponible para los magos es tanto magn\u00edfica como peligrosa y, por tanto, solo se les revela a los m\u00e1s devotos practicantes. Para evitar las interferencias con sus lanzamientos de hechizos, los magos solo llevan armaduras de tela, pero los escudos arcanos y los encantamientos les proporcionan protecci\u00f3n adicional. Para mantener a los enemigos a raya, los magos pueden invocar r\u00e1fagas de fuego para incinerar a objetivos distantes y hacer que zonas enteras entren en erupci\u00f3n, prendiendo fuego a grupos de enemigos.<\/p>\n<h2 class=\"scroll-title\"><span style=\"color: #ff9900\">Caracter\u00edsticas<\/span><\/h2>\n<p class=\"scroll-title\">\n<div class=\"scroll-content\">\n<div class=\"feature-list\">\n<p class=\"feature-item clear-after\">\n<div class=\"feature-wrapper\"><span class=\"feature-item-title\" style=\"color: #ff9900\">DA\u00d1O A DISTANCIA<\/span><\/div>\n<div class=\"feature-wrapper\">Los magos pueden gastar man\u00e1 para infligir grandes cantidades de da\u00f1o muy deprisa, aunque tienen que tener cuidado de no agotarse.<\/div>\n<div class=\"feature-wrapper\"><\/div>\n<p class=\"feature-item clear-after\">\n<div class=\"feature-wrapper\"><span class=\"feature-item-title\" style=\"color: #ff9900\">HECHIZOS DE \u00c1REA DE EFECTO<\/span><\/div>\n<div class=\"feature-wrapper\">Invocando l\u00e1minas de hielo, columnas de llamas y olas de poder arcano, los magos pueden destruir de forma efectiva a varios enemigos al mismo tiempo.<\/div>\n<div class=\"feature-wrapper\"><\/div>\n<div class=\"feature-item clear-after\">\n<p class=\"feature-wrapper\"><span class=\"feature-item-title\" style=\"color: #ff9900\">CONTROL<\/span><\/p>\n<p class=\"feature-wrapper\">Un mago al que han pillado distra\u00eddo tienen muchas opciones para controlar el campo de batalla, desde congelar enemigos hasta convertirlos en desvalidas alima\u00f1as.<\/p>\n<p class=\"feature-wrapper\">\n<\/div>\n<div class=\"feature-item clear-after\">\n<p class=\"feature-wrapper\"><span class=\"feature-item-title\" style=\"color: #ff9900\">TELETRANSPORTE<\/span><\/p>\n<p class=\"feature-wrapper\">Los magos poseen la facultad de transportarse entre ciudades e invocar comida y agua en cualquier parte del mundo.<\/p>\n<\/div>\n<\/div>\n<\/div>\n","protected":false},"excerpt":{"rendered":"<p>Los estudiantes dotados de un agudo intelecto y una disciplina f\u00e9rrea pueden recorrer el camino del mago. La magia arcana disponible para los magos es tanto magn\u00edfica como peligrosa y, por tanto, solo se les revela a los m\u00e1s devotos practicantes. Para evitar las interferencias con sus lanzamientos de hechizos, los magos solo llevan armaduras [&hellip;]<\/p>\n","protected":false},"author":10111,"featured_media":0,"parent":232,"menu_order":0,"comment_status":"closed","ping_status":"closed","template":"","meta":{"footnotes":""},"class_list":["post-272","page","type-page","status-publish","hentry"],"_links":{"self":[{"href":"https:\/\/blog.espol.edu.ec\/tvillama\/wp-json\/wp\/v2\/pages\/272","targetHints":{"allow":["GET"]}}],"collection":[{"href":"https:\/\/blog.espol.edu.ec\/tvillama\/wp-json\/wp\/v2\/pages"}],"about":[{"href":"https:\/\/blog.espol.edu.ec\/tvillama\/wp-json\/wp\/v2\/types\/page"}],"author":[{"embeddable":true,"href":"https:\/\/blog.espol.edu.ec\/tvillama\/wp-json\/wp\/v2\/users\/10111"}],"replies":[{"embeddable":true,"href":"https:\/\/blog.espol.edu.ec\/tvillama\/wp-json\/wp\/v2\/comments?post=272"}],"version-history":[{"count":1,"href":"https:\/\/blog.espol.edu.ec\/tvillama\/wp-json\/wp\/v2\/pages\/272\/revisions"}],"predecessor-version":[{"id":274,"href":"https:\/\/blog.espol.edu.ec\/tvillama\/wp-json\/wp\/v2\/pages\/272\/revisions\/274"}],"up":[{"embeddable":true,"href":"https:\/\/blog.espol.edu.ec\/tvillama\/wp-json\/wp\/v2\/pages\/232"}],"wp:attachment":[{"href":"https:\/\/blog.espol.edu.ec\/tvillama\/wp-json\/wp\/v2\/media?parent=272"}],"curies":[{"name":"wp","href":"https:\/\/api.w.org\/{rel}","templated":true}]}}