{"id":275,"date":"2015-11-21T19:38:21","date_gmt":"2015-11-21T19:38:21","guid":{"rendered":"http:\/\/blog.espol.edu.ec\/tvillama\/?page_id=275"},"modified":"2015-11-21T19:38:21","modified_gmt":"2015-11-21T19:38:21","slug":"brujo","status":"publish","type":"page","link":"https:\/\/blog.espol.edu.ec\/tvillama\/clases\/brujo\/","title":{"rendered":"Brujo"},"content":{"rendered":"<p style=\"text-align: justify\"><a href=\"http:\/\/blog.espol.edu.ec\/tvillama\/files\/2015\/11\/undead_warlock_800x.jpg\"><img loading=\"lazy\" decoding=\"async\" class=\"alignnone size-medium wp-image-276\" src=\"http:\/\/blog.espol.edu.ec\/tvillama\/files\/2015\/11\/undead_warlock_800x-300x225.jpg\" alt=\"undead_warlock_800x\" width=\"300\" height=\"225\" srcset=\"https:\/\/blog.espol.edu.ec\/tvillama\/files\/2015\/11\/undead_warlock_800x-300x225.jpg 300w, https:\/\/blog.espol.edu.ec\/tvillama\/files\/2015\/11\/undead_warlock_800x.jpg 800w\" sizes=\"auto, (max-width: 300px) 100vw, 300px\" \/><\/a><\/p>\n<p style=\"text-align: justify\">En el rostro del poder demon\u00edaco, la mayor\u00eda de los h\u00e9roes ven muerte. Los brujos solo ven oportunidad. La dominaci\u00f3n es su objetivo y han encontrado un camino hacia \u00e9l en las artes oscuras. Estos voraces hechiceros invocan esbirros demon\u00edacos para que luchen a su lado. Al principio, solo controlan a los diablillos, pero a medida que el conocimiento del brujo se ampl\u00eda, seductores s\u00facubos, leales abisarios, y temibles man\u00e1fagos se unen a las filas de los hechiceros oscuros para causar estragos contra cualquiera que se interponga en el camino de su amo.<\/p>\n<h2 class=\"scroll-title\"><span style=\"color: #ff9900\">Caracter\u00edsticas<\/span><\/h2>\n<div class=\"scroll-content\">\n<div class=\"feature-list\">\n<div class=\"feature-wrapper\"><span class=\"feature-item-title\" style=\"color: #ff9900\">MASCOTAS<\/span><\/div>\n<div class=\"feature-wrapper\">Los brujos vinculan demonios a su voluntad, estos habitantes infernales defender\u00e1n a sus maestros con sus vidas o har\u00e1n que llueva muerte sobre sus enemigos.<\/div>\n<div class=\"feature-wrapper\"><span class=\"feature-item-title\" style=\"color: #ff9900\">INVOCACI\u00d3N<\/span><\/div>\n<div class=\"feature-wrapper\">Los brujos son expertos en invocar a sus aliados ante s\u00ed, ya sean dichos aliados otros h\u00e9roes o demonios sanguinarios.<\/div>\n<div class=\"feature-wrapper\"><span class=\"feature-item-title\" style=\"color: #ff9900\">DA\u00d1O A DISTANCIA<\/span><\/div>\n<div class=\"feature-wrapper\">Los brujos lanzan fuego infernal y da\u00f1o de sombras con sus hechizos, y pueden herir a los dem\u00e1s de forma instant\u00e1nea o con aflicciones persistentes.<\/div>\n<div class=\"feature-item clear-after\">\n<div class=\"feature-wrapper\">\n<p><span class=\"feature-item-title\" style=\"color: #ff9900\">RECURSOS DEMON\u00cdACOS<\/span><\/p>\n<p>Los brujos utilizan ascuas ardientes, furia demon\u00edaca o fragmentos de alma para potenciar sus propios hechizos y hacer que sean m\u00e1s r\u00e1pidos o m\u00e1s letales.<\/p>\n<\/div>\n<\/div>\n<\/div>\n<\/div>\n","protected":false},"excerpt":{"rendered":"<p>En el rostro del poder demon\u00edaco, la mayor\u00eda de los h\u00e9roes ven muerte. Los brujos solo ven oportunidad. La dominaci\u00f3n es su objetivo y han encontrado un camino hacia \u00e9l en las artes oscuras. Estos voraces hechiceros invocan esbirros demon\u00edacos para que luchen a su lado. Al principio, solo controlan a los diablillos, pero a [&hellip;]<\/p>\n","protected":false},"author":10111,"featured_media":0,"parent":232,"menu_order":0,"comment_status":"closed","ping_status":"closed","template":"","meta":{"footnotes":""},"class_list":["post-275","page","type-page","status-publish","hentry"],"_links":{"self":[{"href":"https:\/\/blog.espol.edu.ec\/tvillama\/wp-json\/wp\/v2\/pages\/275","targetHints":{"allow":["GET"]}}],"collection":[{"href":"https:\/\/blog.espol.edu.ec\/tvillama\/wp-json\/wp\/v2\/pages"}],"about":[{"href":"https:\/\/blog.espol.edu.ec\/tvillama\/wp-json\/wp\/v2\/types\/page"}],"author":[{"embeddable":true,"href":"https:\/\/blog.espol.edu.ec\/tvillama\/wp-json\/wp\/v2\/users\/10111"}],"replies":[{"embeddable":true,"href":"https:\/\/blog.espol.edu.ec\/tvillama\/wp-json\/wp\/v2\/comments?post=275"}],"version-history":[{"count":1,"href":"https:\/\/blog.espol.edu.ec\/tvillama\/wp-json\/wp\/v2\/pages\/275\/revisions"}],"predecessor-version":[{"id":277,"href":"https:\/\/blog.espol.edu.ec\/tvillama\/wp-json\/wp\/v2\/pages\/275\/revisions\/277"}],"up":[{"embeddable":true,"href":"https:\/\/blog.espol.edu.ec\/tvillama\/wp-json\/wp\/v2\/pages\/232"}],"wp:attachment":[{"href":"https:\/\/blog.espol.edu.ec\/tvillama\/wp-json\/wp\/v2\/media?parent=275"}],"curies":[{"name":"wp","href":"https:\/\/api.w.org\/{rel}","templated":true}]}}