{"id":281,"date":"2015-11-21T19:44:30","date_gmt":"2015-11-21T19:44:30","guid":{"rendered":"http:\/\/blog.espol.edu.ec\/tvillama\/?page_id=281"},"modified":"2015-11-21T19:44:30","modified_gmt":"2015-11-21T19:44:30","slug":"druida","status":"publish","type":"page","link":"https:\/\/blog.espol.edu.ec\/tvillama\/clases\/druida\/","title":{"rendered":"Druida"},"content":{"rendered":"<p style=\"text-align: justify\"><a href=\"http:\/\/blog.espol.edu.ec\/tvillama\/files\/2015\/11\/fanart-0567-full.jpg\"><img loading=\"lazy\" decoding=\"async\" class=\"alignnone size-medium wp-image-282\" src=\"http:\/\/blog.espol.edu.ec\/tvillama\/files\/2015\/11\/fanart-0567-full-194x300.jpg\" alt=\"fanart-0567-full\" width=\"194\" height=\"300\" srcset=\"https:\/\/blog.espol.edu.ec\/tvillama\/files\/2015\/11\/fanart-0567-full-194x300.jpg 194w, https:\/\/blog.espol.edu.ec\/tvillama\/files\/2015\/11\/fanart-0567-full.jpg 650w\" sizes=\"auto, (max-width: 194px) 100vw, 194px\" \/><\/a><\/p>\n<p style=\"text-align: justify\">Los druidas controlan los enormes poderes de la naturaleza para mantener el equilibrio y proteger la vida. Con experiencia, los druidas pueden desatar la energ\u00eda bruta de la naturaleza contra sus enemigos, lanzando una furia celestial sobre ellos desde muy lejos, atrap\u00e1ndolos con vides encantadas o fren\u00e1ndolos con ciclones implacables.<\/p>\n<h2 class=\"scroll-title\" style=\"text-align: justify\"><span style=\"color: #ff9900\">Caracter\u00edsticas<\/span><\/h2>\n<div class=\"scroll-content\">\n<div class=\"feature-list\">\n<div class=\"feature-wrapper\"><span class=\"feature-item-title\" style=\"color: #ff9900\">VERSATILIDAD<\/span><\/div>\n<div class=\"feature-wrapper\">Las formas cambiantes de los druidas les permiten desempe\u00f1ar diferentes papeles y concentrarse en ser el tanque, sanar o infligir da\u00f1o. Tambi\u00e9n pueden cambiar de forma para viajar m\u00e1s deprisa por tierra, mar o aire.<\/div>\n<div class=\"feature-wrapper\"><span class=\"feature-item-title\" style=\"color: #ff9900\">SANAR<\/span><\/div>\n<div class=\"feature-wrapper\">Invocando los poderes de la naturaleza, los druidas pueden restaurar r\u00e1pidamente la salud de quienes hayan resultado heridos en combate.<\/div>\n<div class=\"feature-wrapper\"><span class=\"feature-item-title\" style=\"color: #ff9900\">DEFENSA<\/span><\/div>\n<div class=\"feature-wrapper\">En forma de oso, los druidas tienen una gruesa piel y una presencia imponente que los convierte en los protectores de primera l\u00ednea ideales para los miembro m\u00e1s d\u00e9biles del grupo.<\/div>\n<div class=\"feature-item clear-after\">\n<div class=\"feature-wrapper\">\n<p style=\"text-align: justify\"><span class=\"feature-item-title\" style=\"color: #ff9900\">DA\u00d1O CUERPO A CUERPO Y A DISTANCIA<\/span><\/p>\n<p style=\"text-align: justify\">Los druidas pueden adoptar la forma de felinos salvajes para atacar con su zarpa y morder a sus enemigos pr\u00f3ximos, o la forma de un lech\u00facico salvaje para acabar con los enemigos desde lejos.<\/p>\n<\/div>\n<\/div>\n<\/div>\n<\/div>\n","protected":false},"excerpt":{"rendered":"<p>Los druidas controlan los enormes poderes de la naturaleza para mantener el equilibrio y proteger la vida. Con experiencia, los druidas pueden desatar la energ\u00eda bruta de la naturaleza contra sus enemigos, lanzando una furia celestial sobre ellos desde muy lejos, atrap\u00e1ndolos con vides encantadas o fren\u00e1ndolos con ciclones implacables. Caracter\u00edsticas VERSATILIDAD Las formas cambiantes [&hellip;]<\/p>\n","protected":false},"author":10111,"featured_media":0,"parent":232,"menu_order":0,"comment_status":"open","ping_status":"closed","template":"","meta":{"footnotes":""},"class_list":["post-281","page","type-page","status-publish","hentry"],"_links":{"self":[{"href":"https:\/\/blog.espol.edu.ec\/tvillama\/wp-json\/wp\/v2\/pages\/281","targetHints":{"allow":["GET"]}}],"collection":[{"href":"https:\/\/blog.espol.edu.ec\/tvillama\/wp-json\/wp\/v2\/pages"}],"about":[{"href":"https:\/\/blog.espol.edu.ec\/tvillama\/wp-json\/wp\/v2\/types\/page"}],"author":[{"embeddable":true,"href":"https:\/\/blog.espol.edu.ec\/tvillama\/wp-json\/wp\/v2\/users\/10111"}],"replies":[{"embeddable":true,"href":"https:\/\/blog.espol.edu.ec\/tvillama\/wp-json\/wp\/v2\/comments?post=281"}],"version-history":[{"count":1,"href":"https:\/\/blog.espol.edu.ec\/tvillama\/wp-json\/wp\/v2\/pages\/281\/revisions"}],"predecessor-version":[{"id":283,"href":"https:\/\/blog.espol.edu.ec\/tvillama\/wp-json\/wp\/v2\/pages\/281\/revisions\/283"}],"up":[{"embeddable":true,"href":"https:\/\/blog.espol.edu.ec\/tvillama\/wp-json\/wp\/v2\/pages\/232"}],"wp:attachment":[{"href":"https:\/\/blog.espol.edu.ec\/tvillama\/wp-json\/wp\/v2\/media?parent=281"}],"curies":[{"name":"wp","href":"https:\/\/api.w.org\/{rel}","templated":true}]}}