{"id":284,"date":"2015-11-21T19:47:14","date_gmt":"2015-11-21T19:47:14","guid":{"rendered":"http:\/\/blog.espol.edu.ec\/tvillama\/?page_id=284"},"modified":"2015-11-21T19:47:14","modified_gmt":"2015-11-21T19:47:14","slug":"cazador-de-demonios","status":"publish","type":"page","link":"https:\/\/blog.espol.edu.ec\/tvillama\/clases\/cazador-de-demonios\/","title":{"rendered":"Cazador de Demonios"},"content":{"rendered":"<p style=\"text-align: justify\"><a href=\"http:\/\/blog.espol.edu.ec\/tvillama\/files\/2015\/11\/fanart-0824-full.jpg\"><img loading=\"lazy\" decoding=\"async\" class=\"alignnone size-medium wp-image-285\" src=\"http:\/\/blog.espol.edu.ec\/tvillama\/files\/2015\/11\/fanart-0824-full-239x300.jpg\" alt=\"fanart-0824-full\" width=\"239\" height=\"300\" srcset=\"https:\/\/blog.espol.edu.ec\/tvillama\/files\/2015\/11\/fanart-0824-full-239x300.jpg 239w, https:\/\/blog.espol.edu.ec\/tvillama\/files\/2015\/11\/fanart-0824-full-816x1024.jpg 816w, https:\/\/blog.espol.edu.ec\/tvillama\/files\/2015\/11\/fanart-0824-full.jpg 949w\" sizes=\"auto, (max-width: 239px) 100vw, 239px\" \/><\/a><\/p>\n<p style=\"text-align: justify\">Los cazadores de demonios, disc\u00edpulos de Illidan Tempestira, cargan con un oscuro legado que atemoriza a aliados y enemigos por igual. Los Illidari se sirven de magia vil y magia ca\u00f3tica, energ\u00edas que durante eones han amenazado Azeroth y que, seg\u00fan ellos, son esenciales para hacer frente a la Legi\u00f3n Ardiente. Con los poderes de los demonios a los que han asesinado, los Illidari desarrollan rasgos demon\u00edacos que provocan repulsi\u00f3n y pavor entre sus cong\u00e9neres, los elfos.<\/p>\n<h2 class=\"scroll-title\" style=\"text-align: justify\"><span style=\"color: #ff9900\">CARACTER\u00cdSTICAS<\/span><\/h2>\n<div class=\"scroll-content\">\n<div class=\"feature-list\">\n<div class=\"feature-wrapper\"><span class=\"feature-item-title\" style=\"color: #ff9900\">MOVILIDAD SIN PAR<\/span><\/div>\n<div class=\"feature-wrapper\">Los cazadores de demonios pueden realizar saltos dobles, irrumpir en los combates y huir de ellos, e incluso desplegar sus monstruosas alas para atacar y sorprender a los enemigos desde el cielo.<\/div>\n<div class=\"feature-wrapper\"><span class=\"feature-item-title\" style=\"color: #ff9900\">METAMORFOSIS<\/span><\/div>\n<div class=\"feature-wrapper\">Los cazadores de demonios se transforman en criaturas infernales para potenciar su especializaci\u00f3n: los Illidari centrados en infligir da\u00f1o pueden teletransportarse al combate, mientras que los que optan por un papel defensivo confieren poderosas auras de apoyo.<\/div>\n<div class=\"feature-wrapper\"><span class=\"feature-item-title\" style=\"color: #ff9900\">DA\u00d1O CUERPO A CUERPO<\/span><\/div>\n<div class=\"feature-wrapper\">La energ\u00eda ca\u00f3tica que fluye a trav\u00e9s de los cazadores de demonios potencia enormemente sus ataques f\u00edsicos y m\u00e1gicos.<\/div>\n<div class=\"feature-item clear-after\">\n<div class=\"feature-wrapper\">\n<p style=\"text-align: justify\"><span class=\"feature-item-title\" style=\"color: #ff9900\">VISI\u00d3N ESPECTRAL<\/span><\/p>\n<p style=\"text-align: justify\">La aparente ceguera de los cazadores de demonios camufla sus verdaderos poderes de percepci\u00f3n. Hacen uso de su visi\u00f3n m\u00e1gicamente aumentada para detectar enemigos, aun si estos est\u00e1n ocultos detr\u00e1s de obst\u00e1culos.<\/p>\n<\/div>\n<\/div>\n<\/div>\n<\/div>\n","protected":false},"excerpt":{"rendered":"<p>Los cazadores de demonios, disc\u00edpulos de Illidan Tempestira, cargan con un oscuro legado que atemoriza a aliados y enemigos por igual. Los Illidari se sirven de magia vil y magia ca\u00f3tica, energ\u00edas que durante eones han amenazado Azeroth y que, seg\u00fan ellos, son esenciales para hacer frente a la Legi\u00f3n Ardiente. Con los poderes de [&hellip;]<\/p>\n","protected":false},"author":10111,"featured_media":0,"parent":232,"menu_order":0,"comment_status":"open","ping_status":"closed","template":"","meta":{"footnotes":""},"class_list":["post-284","page","type-page","status-publish","hentry"],"_links":{"self":[{"href":"https:\/\/blog.espol.edu.ec\/tvillama\/wp-json\/wp\/v2\/pages\/284","targetHints":{"allow":["GET"]}}],"collection":[{"href":"https:\/\/blog.espol.edu.ec\/tvillama\/wp-json\/wp\/v2\/pages"}],"about":[{"href":"https:\/\/blog.espol.edu.ec\/tvillama\/wp-json\/wp\/v2\/types\/page"}],"author":[{"embeddable":true,"href":"https:\/\/blog.espol.edu.ec\/tvillama\/wp-json\/wp\/v2\/users\/10111"}],"replies":[{"embeddable":true,"href":"https:\/\/blog.espol.edu.ec\/tvillama\/wp-json\/wp\/v2\/comments?post=284"}],"version-history":[{"count":1,"href":"https:\/\/blog.espol.edu.ec\/tvillama\/wp-json\/wp\/v2\/pages\/284\/revisions"}],"predecessor-version":[{"id":286,"href":"https:\/\/blog.espol.edu.ec\/tvillama\/wp-json\/wp\/v2\/pages\/284\/revisions\/286"}],"up":[{"embeddable":true,"href":"https:\/\/blog.espol.edu.ec\/tvillama\/wp-json\/wp\/v2\/pages\/232"}],"wp:attachment":[{"href":"https:\/\/blog.espol.edu.ec\/tvillama\/wp-json\/wp\/v2\/media?parent=284"}],"curies":[{"name":"wp","href":"https:\/\/api.w.org\/{rel}","templated":true}]}}