{"id":29,"date":"2015-11-18T03:17:05","date_gmt":"2015-11-18T03:17:05","guid":{"rendered":"http:\/\/blog.espol.edu.ec\/tvillama\/?page_id=29"},"modified":"2015-11-22T06:08:44","modified_gmt":"2015-11-22T06:08:44","slug":"alianza","status":"publish","type":"page","link":"https:\/\/blog.espol.edu.ec\/tvillama\/pagina-ejemplo\/alianza\/","title":{"rendered":"Alianza"},"content":{"rendered":"<p><a href=\"http:\/\/blog.espol.edu.ec\/tvillama\/files\/2015\/11\/camiseta-alianza-de-world-of-warcraft.jpg\"><img loading=\"lazy\" decoding=\"async\" class=\"alignnone size-medium wp-image-30\" src=\"http:\/\/blog.espol.edu.ec\/tvillama\/files\/2015\/11\/camiseta-alianza-de-world-of-warcraft-263x300.jpg\" alt=\"camiseta-alianza-de-world-of-warcraft\" width=\"263\" height=\"300\" srcset=\"https:\/\/blog.espol.edu.ec\/tvillama\/files\/2015\/11\/camiseta-alianza-de-world-of-warcraft-263x300.jpg 263w, https:\/\/blog.espol.edu.ec\/tvillama\/files\/2015\/11\/camiseta-alianza-de-world-of-warcraft.jpg 272w\" sizes=\"auto, (max-width: 263px) 100vw, 263px\" \/><\/a><\/p>\n<dl>\n<dd><i>\"Los humanos, elfos de la noche, enanos, gnomos, draenei, y los salvajes huargen conforman la ilustre Alianza. Orgullosos y nobles, valientes y sabios, estas razas trabajan juntos para preservar el orden en Azeroth. La Alianza est\u00e1 impulsada por el honor y la tradici\u00f3n. Sus gobernantes son campeones de la justicia, de la esperanza, del conocimiento y de la fe.\"<\/i><\/dd>\n<dd><i>En un momento en que el caos y la incertidumbre reinan, la Alianza se mantiene firme en su determinaci\u00f3n ante llevar la luz a los rincones m\u00e1s oscuros del mundo.<\/i><\/dd>\n<\/dl>\n<p style=\"text-align: justify\">La <b>Alianza<\/b> es una de las dos facciones pol\u00edticas m\u00e1s numerosa de las razas de <a title=\"Azeroth\" href=\"http:\/\/wow-es.gamepedia.com\/Azeroth\">Azeroth<\/a>, en contrapartida a la <a title=\"Horda\" href=\"http:\/\/wow-es.gamepedia.com\/Horda\">Horda<\/a>. La Alianza abarca una gran cantidad de poderosas culturas unidas por un objetivo com\u00fan, ya sea por necesidad o desesperaci\u00f3n, pero que en sus ra\u00edces se basa en conceptos como la nobleza y el honor.<sup id=\"cite_ref-5\" class=\"reference\"><a href=\"http:\/\/wow-es.gamepedia.com\/Alianza#cite_note-5\">[5]<\/a><\/sup> La Alianza fue conocida hace tiempo como la <a title=\"Alianza de Lordaeron\" href=\"http:\/\/wow-es.gamepedia.com\/Alianza_de_Lordaeron\">Alianza de Lordaeron<\/a> cuando su gobierno se encontraba en el reino humano de <a title=\"Lordaeron\" href=\"http:\/\/wow-es.gamepedia.com\/Lordaeron\">Lordaeron<\/a>. Sin embargo, tras la <a class=\"mw-redirect\" title=\"Plaga\" href=\"http:\/\/wow-es.gamepedia.com\/Plaga\">Plaga<\/a> que asol\u00f3 Lordaeron, la Alianza se vio obligada a desplazar todos sus fuerzas hacia el sur y repartirlos entre la parte central y sur de los <a title=\"Reinos del Este\" href=\"http:\/\/wow-es.gamepedia.com\/Reinos_del_Este\">Reinos del Este<\/a> as\u00ed como a la costa este de <a title=\"Kalimdor\" href=\"http:\/\/wow-es.gamepedia.com\/Kalimdor\">Kalimdor<\/a> por lo que se pueden encontrar emplazamientos por todo <a title=\"Azeroth\" href=\"http:\/\/wow-es.gamepedia.com\/Azeroth\">Azeroth<\/a>. Fue entonces, cuando murieron muchos de sus miembros, cuando consigui\u00f3 nuevos aliados.<\/p>\n","protected":false},"excerpt":{"rendered":"<p>\"Los humanos, elfos de la noche, enanos, gnomos, draenei, y los salvajes huargen conforman la ilustre Alianza. Orgullosos y nobles, valientes y sabios, estas razas trabajan juntos para preservar el orden en Azeroth. La Alianza est\u00e1 impulsada por el honor y la tradici\u00f3n. Sus gobernantes son campeones de la justicia, de la esperanza, del conocimiento [&hellip;]<\/p>\n","protected":false},"author":10111,"featured_media":0,"parent":2,"menu_order":0,"comment_status":"open","ping_status":"closed","template":"","meta":{"footnotes":""},"class_list":["post-29","page","type-page","status-publish","hentry"],"_links":{"self":[{"href":"https:\/\/blog.espol.edu.ec\/tvillama\/wp-json\/wp\/v2\/pages\/29","targetHints":{"allow":["GET"]}}],"collection":[{"href":"https:\/\/blog.espol.edu.ec\/tvillama\/wp-json\/wp\/v2\/pages"}],"about":[{"href":"https:\/\/blog.espol.edu.ec\/tvillama\/wp-json\/wp\/v2\/types\/page"}],"author":[{"embeddable":true,"href":"https:\/\/blog.espol.edu.ec\/tvillama\/wp-json\/wp\/v2\/users\/10111"}],"replies":[{"embeddable":true,"href":"https:\/\/blog.espol.edu.ec\/tvillama\/wp-json\/wp\/v2\/comments?post=29"}],"version-history":[{"count":1,"href":"https:\/\/blog.espol.edu.ec\/tvillama\/wp-json\/wp\/v2\/pages\/29\/revisions"}],"predecessor-version":[{"id":31,"href":"https:\/\/blog.espol.edu.ec\/tvillama\/wp-json\/wp\/v2\/pages\/29\/revisions\/31"}],"up":[{"embeddable":true,"href":"https:\/\/blog.espol.edu.ec\/tvillama\/wp-json\/wp\/v2\/pages\/2"}],"wp:attachment":[{"href":"https:\/\/blog.espol.edu.ec\/tvillama\/wp-json\/wp\/v2\/media?parent=29"}],"curies":[{"name":"wp","href":"https:\/\/api.w.org\/{rel}","templated":true}]}}