{"id":32,"date":"2015-11-18T03:23:23","date_gmt":"2015-11-18T03:23:23","guid":{"rendered":"http:\/\/blog.espol.edu.ec\/tvillama\/?page_id=32"},"modified":"2015-11-21T03:58:47","modified_gmt":"2015-11-21T03:58:47","slug":"razas-alianza","status":"publish","type":"page","link":"https:\/\/blog.espol.edu.ec\/tvillama\/razas-alianza\/","title":{"rendered":"Razas"},"content":{"rendered":"<p style=\"text-align: justify\"><span style=\"color: #ffffff\">Existen multitud de razas dentro de World of Warcraft. Por facciones podemos encontrarnos razas hostiles, razas amigables y razas elegibles para jugar. Dependiendo de la raza de nuestro personaje as\u00ed interactuaremos con las dem\u00e1s ya que la amistad o enemistad muchas veces depende de la facci\u00f3n con que se juegue.<\/span><\/p>\n<p style=\"text-align: justify\"><span style=\"color: #ffffff\">Las <b>razas elegibles<\/b> de inicio est\u00e1n divididas en las dos facciones principales del juego<\/span><\/p>\n<p><span style=\"color: #ffffff\"><a href=\"http:\/\/blog.espol.edu.ec\/tvillama\/files\/2015\/11\/wow_new_class_icon_by_chippgenome-d2zesoy.jpg\"><img loading=\"lazy\" decoding=\"async\" class=\"alignnone size-medium wp-image-80\" src=\"http:\/\/blog.espol.edu.ec\/tvillama\/files\/2015\/11\/wow_new_class_icon_by_chippgenome-d2zesoy-300x225.jpg\" alt=\"wow_new_class_icon_by_chippgenome-d2zesoy\" width=\"300\" height=\"225\" srcset=\"https:\/\/blog.espol.edu.ec\/tvillama\/files\/2015\/11\/wow_new_class_icon_by_chippgenome-d2zesoy-300x225.jpg 300w, https:\/\/blog.espol.edu.ec\/tvillama\/files\/2015\/11\/wow_new_class_icon_by_chippgenome-d2zesoy.jpg 800w\" sizes=\"auto, (max-width: 300px) 100vw, 300px\" \/><\/a><\/span><\/p>\n","protected":false},"excerpt":{"rendered":"<p>Existen multitud de razas dentro de World of Warcraft. Por facciones podemos encontrarnos razas hostiles, razas amigables y razas elegibles para jugar. Dependiendo de la raza de nuestro personaje as\u00ed interactuaremos con las dem\u00e1s ya que la amistad o enemistad muchas veces depende de la facci\u00f3n con que se juegue. Las razas elegibles de inicio [&hellip;]<\/p>\n","protected":false},"author":10111,"featured_media":0,"parent":0,"menu_order":0,"comment_status":"open","ping_status":"closed","template":"","meta":{"footnotes":""},"class_list":["post-32","page","type-page","status-publish","hentry"],"_links":{"self":[{"href":"https:\/\/blog.espol.edu.ec\/tvillama\/wp-json\/wp\/v2\/pages\/32","targetHints":{"allow":["GET"]}}],"collection":[{"href":"https:\/\/blog.espol.edu.ec\/tvillama\/wp-json\/wp\/v2\/pages"}],"about":[{"href":"https:\/\/blog.espol.edu.ec\/tvillama\/wp-json\/wp\/v2\/types\/page"}],"author":[{"embeddable":true,"href":"https:\/\/blog.espol.edu.ec\/tvillama\/wp-json\/wp\/v2\/users\/10111"}],"replies":[{"embeddable":true,"href":"https:\/\/blog.espol.edu.ec\/tvillama\/wp-json\/wp\/v2\/comments?post=32"}],"version-history":[{"count":10,"href":"https:\/\/blog.espol.edu.ec\/tvillama\/wp-json\/wp\/v2\/pages\/32\/revisions"}],"predecessor-version":[{"id":81,"href":"https:\/\/blog.espol.edu.ec\/tvillama\/wp-json\/wp\/v2\/pages\/32\/revisions\/81"}],"wp:attachment":[{"href":"https:\/\/blog.espol.edu.ec\/tvillama\/wp-json\/wp\/v2\/media?parent=32"}],"curies":[{"name":"wp","href":"https:\/\/api.w.org\/{rel}","templated":true}]}}