{"id":458,"date":"2015-11-24T15:10:51","date_gmt":"2015-11-24T15:10:51","guid":{"rendered":"http:\/\/blog.espol.edu.ec\/tvillama\/?page_id=458"},"modified":"2015-11-24T15:10:51","modified_gmt":"2015-11-24T15:10:51","slug":"idiomas","status":"publish","type":"page","link":"https:\/\/blog.espol.edu.ec\/tvillama\/idiomas\/","title":{"rendered":"Idiomas"},"content":{"rendered":"<p style=\"text-align: justify\">Los idiomas son un sistema implementado por Blizzard para evitar que los jugadores de las facciones contrarias se comuniquen entre s\u00ed, con vistas a prevenir guerras de des calificaciones o insultos entre facciones por los chats comunes. Cada facci\u00f3n tiene un idioma comprensible por todas las razas de la facci\u00f3n, y que por tanto es el idioma m\u00e1s utilizado en cada sitio. No obstante, todas las razas tienen idiomas propios que les sirven para comunicarse \u00fanicamente con los miembros de su propia raza (salvo humanos y orcos, cuyos idiomas son los idiomas comunes de facci\u00f3n). El idioma que emplea el jugador es seleccionable a trav\u00e9s de su interfaz. Si un jugador al comunicarse emplea un idioma que su interlocutor no puede comprender, el interlocutor no ver\u00e1 el texto introducido por el hablante sino una frase incomprensible en el idioma que el jugador emplea. En todo caso que el hablante no emplee el idioma com\u00fan o el orco, se ver\u00e1 entre corchetes el nombre del idioma que utiliza (los jugadores de la Horda ver\u00e1n esta etiqueta con el idioma com\u00fan, y los de la Alianza ver\u00e1n la etiqueta con el idioma orco)<\/p>\n","protected":false},"excerpt":{"rendered":"<p>Los idiomas son un sistema implementado por Blizzard para evitar que los jugadores de las facciones contrarias se comuniquen entre s\u00ed, con vistas a prevenir guerras de des calificaciones o insultos entre facciones por los chats comunes. Cada facci\u00f3n tiene un idioma comprensible por todas las razas de la facci\u00f3n, y que por tanto es [&hellip;]<\/p>\n","protected":false},"author":10111,"featured_media":0,"parent":0,"menu_order":0,"comment_status":"closed","ping_status":"closed","template":"","meta":{"footnotes":""},"class_list":["post-458","page","type-page","status-publish","hentry"],"_links":{"self":[{"href":"https:\/\/blog.espol.edu.ec\/tvillama\/wp-json\/wp\/v2\/pages\/458","targetHints":{"allow":["GET"]}}],"collection":[{"href":"https:\/\/blog.espol.edu.ec\/tvillama\/wp-json\/wp\/v2\/pages"}],"about":[{"href":"https:\/\/blog.espol.edu.ec\/tvillama\/wp-json\/wp\/v2\/types\/page"}],"author":[{"embeddable":true,"href":"https:\/\/blog.espol.edu.ec\/tvillama\/wp-json\/wp\/v2\/users\/10111"}],"replies":[{"embeddable":true,"href":"https:\/\/blog.espol.edu.ec\/tvillama\/wp-json\/wp\/v2\/comments?post=458"}],"version-history":[{"count":1,"href":"https:\/\/blog.espol.edu.ec\/tvillama\/wp-json\/wp\/v2\/pages\/458\/revisions"}],"predecessor-version":[{"id":459,"href":"https:\/\/blog.espol.edu.ec\/tvillama\/wp-json\/wp\/v2\/pages\/458\/revisions\/459"}],"wp:attachment":[{"href":"https:\/\/blog.espol.edu.ec\/tvillama\/wp-json\/wp\/v2\/media?parent=458"}],"curies":[{"name":"wp","href":"https:\/\/api.w.org\/{rel}","templated":true}]}}