{"id":82,"date":"2015-11-21T04:04:26","date_gmt":"2015-11-21T04:04:26","guid":{"rendered":"http:\/\/blog.espol.edu.ec\/tvillama\/?page_id=82"},"modified":"2015-11-22T02:40:19","modified_gmt":"2015-11-22T02:40:19","slug":"humano","status":"publish","type":"page","link":"https:\/\/blog.espol.edu.ec\/tvillama\/razas-alianza\/razas-alianza-2\/humano\/","title":{"rendered":"Humano"},"content":{"rendered":"<p>&nbsp;<\/p>\n<p style=\"text-align: justify\"><a href=\"http:\/\/blog.espol.edu.ec\/tvillama\/files\/2015\/11\/World_of_Warcraft_2004.jpg\"><img loading=\"lazy\" decoding=\"async\" class=\"alignnone wp-image-83\" src=\"http:\/\/blog.espol.edu.ec\/tvillama\/files\/2015\/11\/World_of_Warcraft_2004-300x225.jpg\" alt=\"World_of_Warcraft,_2004\" width=\"447\" height=\"335\" srcset=\"https:\/\/blog.espol.edu.ec\/tvillama\/files\/2015\/11\/World_of_Warcraft_2004-300x225.jpg 300w, https:\/\/blog.espol.edu.ec\/tvillama\/files\/2015\/11\/World_of_Warcraft_2004.jpg 1024w\" sizes=\"auto, (max-width: 447px) 100vw, 447px\" \/><\/a><\/p>\n<p style=\"text-align: justify\">Descubrimientos recientes demuestran que los humanos descienden de los b\u00e1rbaros vrykul, guerreros semigigantes que habitan en Rasganorte. Los primeros humanos se organizaron originariamente en pueblos tribales desperdigados durante varios milenios, hasta que la creciente fuerza del imperio trol les oblig\u00f3 a unificarse por motivos estrat\u00e9gicos. Y de este modo se form\u00f3 la naci\u00f3n de Arathord, as\u00ed como su capital: la ciudad estado de Strom.<\/p>\n<h2 style=\"text-align: justify\"><span style=\"color: #2D37F1\">Caracter\u00edsticas<\/span><\/h2>\n<p style=\"text-align: justify\"><span style=\"color: #2D37F1\">S\u00e1lvese quien pueda<\/span><br \/>\nLos humanos pueden eliminar los efectos que impiden el movimiento y los efectos que causan la p\u00e9rdida de control del personaje.<\/p>\n<p style=\"text-align: justify\"><span style=\"color: #2D37F1\">Diplomacia<\/span><br \/>\nLos directos y francos humanos tienden a llevarse bien con otras razas y obtienen su confianza con relativa facilidad.<\/p>\n<p style=\"text-align: justify\"><span style=\"color: #2D37F1\">El esp\u00edritu humano<\/span><br \/>\nLos humanos son conocidos por su ind\u00f3mito esp\u00edritu y reciben un ligero bonus a su atributo esp\u00edritu.<\/p>\n","protected":false},"excerpt":{"rendered":"<p>&nbsp; Descubrimientos recientes demuestran que los humanos descienden de los b\u00e1rbaros vrykul, guerreros semigigantes que habitan en Rasganorte. Los primeros humanos se organizaron originariamente en pueblos tribales desperdigados durante varios milenios, hasta que la creciente fuerza del imperio trol les oblig\u00f3 a unificarse por motivos estrat\u00e9gicos. Y de este modo se form\u00f3 la naci\u00f3n de [&hellip;]<\/p>\n","protected":false},"author":10111,"featured_media":0,"parent":77,"menu_order":0,"comment_status":"open","ping_status":"closed","template":"","meta":{"footnotes":""},"class_list":["post-82","page","type-page","status-publish","hentry"],"_links":{"self":[{"href":"https:\/\/blog.espol.edu.ec\/tvillama\/wp-json\/wp\/v2\/pages\/82","targetHints":{"allow":["GET"]}}],"collection":[{"href":"https:\/\/blog.espol.edu.ec\/tvillama\/wp-json\/wp\/v2\/pages"}],"about":[{"href":"https:\/\/blog.espol.edu.ec\/tvillama\/wp-json\/wp\/v2\/types\/page"}],"author":[{"embeddable":true,"href":"https:\/\/blog.espol.edu.ec\/tvillama\/wp-json\/wp\/v2\/users\/10111"}],"replies":[{"embeddable":true,"href":"https:\/\/blog.espol.edu.ec\/tvillama\/wp-json\/wp\/v2\/comments?post=82"}],"version-history":[{"count":14,"href":"https:\/\/blog.espol.edu.ec\/tvillama\/wp-json\/wp\/v2\/pages\/82\/revisions"}],"predecessor-version":[{"id":316,"href":"https:\/\/blog.espol.edu.ec\/tvillama\/wp-json\/wp\/v2\/pages\/82\/revisions\/316"}],"up":[{"embeddable":true,"href":"https:\/\/blog.espol.edu.ec\/tvillama\/wp-json\/wp\/v2\/pages\/77"}],"wp:attachment":[{"href":"https:\/\/blog.espol.edu.ec\/tvillama\/wp-json\/wp\/v2\/media?parent=82"}],"curies":[{"name":"wp","href":"https:\/\/api.w.org\/{rel}","templated":true}]}}