{"id":91,"date":"2015-11-21T04:14:03","date_gmt":"2015-11-21T04:14:03","guid":{"rendered":"http:\/\/blog.espol.edu.ec\/tvillama\/?page_id=91"},"modified":"2015-11-22T02:47:35","modified_gmt":"2015-11-22T02:47:35","slug":"gnomo","status":"publish","type":"page","link":"https:\/\/blog.espol.edu.ec\/tvillama\/razas-alianza\/razas-alianza-2\/gnomo\/","title":{"rendered":"Gnomo"},"content":{"rendered":"<p style=\"text-align: justify\"><a href=\"http:\/\/blog.espol.edu.ec\/tvillama\/files\/2015\/11\/2830463_640px.jpg\"><img loading=\"lazy\" decoding=\"async\" class=\"alignnone size-medium wp-image-92\" src=\"http:\/\/blog.espol.edu.ec\/tvillama\/files\/2015\/11\/2830463_640px-300x280.jpg\" alt=\"2830463_640px\" width=\"300\" height=\"280\" srcset=\"https:\/\/blog.espol.edu.ec\/tvillama\/files\/2015\/11\/2830463_640px-300x280.jpg 300w, https:\/\/blog.espol.edu.ec\/tvillama\/files\/2015\/11\/2830463_640px.jpg 640w\" sizes=\"auto, (max-width: 300px) 100vw, 300px\" \/><\/a><\/p>\n<p style=\"text-align: justify\">Los gnomos, una raza astuta, valerosa y a menudo exc\u00e9ntrica, representan una paradoja \u00fanica entre las razas civilizadas de Azeroth. Esta raza de inventores brillantes con una irreprimible disposici\u00f3n para la alegr\u00eda ha sufrido el azote de la traici\u00f3n, el desplazamiento y casi el genocidio. Su impresionante optimismo ante tales calamidades simboliza el aut\u00e9ntico esp\u00edritu inquebrantable de los gnomos.<\/p>\n<h2 style=\"text-align: justify\"><\/h2>\n<h2 style=\"text-align: justify\"><\/h2>\n<p>&nbsp;<\/p>\n<p>&nbsp;<\/p>\n<h2 style=\"text-align: justify\"><span style=\"color: #2D5EF1\">Caracter\u00edsticas<br \/>\n<\/span><\/h2>\n<p style=\"text-align: justify\"><span style=\"color: #2D5EF1\">Artista del escape<\/span><br \/>\nLos gnomos son peque\u00f1os y \u00e1giles, lo que les permite escapar incluso de las trampas m\u00e1s astutas.<\/p>\n<p style=\"text-align: justify\"><span style=\"color: #2D5EF1\">Resistencia a lo Arcano<\/span><br \/>\nlos gnomos tienen una resistencia natural a la magia Arcana que hace que sea m\u00e1s dif\u00edcil convertirlos en objetivo de hechizos da\u00f1inos arcanos.<\/p>\n<p style=\"text-align: justify\"><span style=\"color: #2D5EF1\">Mente expansiva<\/span><br \/>\nCuriosos, creativos y brillantes, los gnomos reciben un peque\u00f1o bonus en su reserva de man\u00e1.<\/p>\n<p style=\"text-align: justify\"><span style=\"color: #2D5EF1\">Especializaci\u00f3n de ingenier\u00eda<\/span><br \/>\nAficionados a los trastos, cacharros y trucos, los gnomos reciben un bonus de habilidad en ingenier\u00eda.<\/p>\n<p style=\"text-align: justify\"><span style=\"color: #2D5EF1\">Dedos diestros<\/span><br \/>\nLos gnomos, aunque no poseen una gran estatura, son peligrosamente r\u00e1pidos.<\/p>\n","protected":false},"excerpt":{"rendered":"<p>Los gnomos, una raza astuta, valerosa y a menudo exc\u00e9ntrica, representan una paradoja \u00fanica entre las razas civilizadas de Azeroth. Esta raza de inventores brillantes con una irreprimible disposici\u00f3n para la alegr\u00eda ha sufrido el azote de la traici\u00f3n, el desplazamiento y casi el genocidio. Su impresionante optimismo ante tales calamidades simboliza el aut\u00e9ntico esp\u00edritu [&hellip;]<\/p>\n","protected":false},"author":10111,"featured_media":0,"parent":77,"menu_order":0,"comment_status":"open","ping_status":"closed","template":"","meta":{"footnotes":""},"class_list":["post-91","page","type-page","status-publish","hentry"],"_links":{"self":[{"href":"https:\/\/blog.espol.edu.ec\/tvillama\/wp-json\/wp\/v2\/pages\/91","targetHints":{"allow":["GET"]}}],"collection":[{"href":"https:\/\/blog.espol.edu.ec\/tvillama\/wp-json\/wp\/v2\/pages"}],"about":[{"href":"https:\/\/blog.espol.edu.ec\/tvillama\/wp-json\/wp\/v2\/types\/page"}],"author":[{"embeddable":true,"href":"https:\/\/blog.espol.edu.ec\/tvillama\/wp-json\/wp\/v2\/users\/10111"}],"replies":[{"embeddable":true,"href":"https:\/\/blog.espol.edu.ec\/tvillama\/wp-json\/wp\/v2\/comments?post=91"}],"version-history":[{"count":5,"href":"https:\/\/blog.espol.edu.ec\/tvillama\/wp-json\/wp\/v2\/pages\/91\/revisions"}],"predecessor-version":[{"id":322,"href":"https:\/\/blog.espol.edu.ec\/tvillama\/wp-json\/wp\/v2\/pages\/91\/revisions\/322"}],"up":[{"embeddable":true,"href":"https:\/\/blog.espol.edu.ec\/tvillama\/wp-json\/wp\/v2\/pages\/77"}],"wp:attachment":[{"href":"https:\/\/blog.espol.edu.ec\/tvillama\/wp-json\/wp\/v2\/media?parent=91"}],"curies":[{"name":"wp","href":"https:\/\/api.w.org\/{rel}","templated":true}]}}