{"id":63,"date":"2016-11-13T04:04:27","date_gmt":"2016-11-13T04:04:27","guid":{"rendered":"http:\/\/blog.espol.edu.ec\/ualejand\/?page_id=63"},"modified":"2016-11-13T04:04:27","modified_gmt":"2016-11-13T04:04:27","slug":"vocaciones-de-los-deportes","status":"publish","type":"page","link":"https:\/\/blog.espol.edu.ec\/ualejand\/vocaciones-de-los-deportes\/","title":{"rendered":"Vocaciones de los Deportes"},"content":{"rendered":"<p style=\"text-align: center\">Todos podemos tener vocaciones para algo, pero en realidad se ponen a prueba cuando se los experimenta. Existen muchos aficionados que solo lo hacen por querer probar algo nuevo, pero para realizar deportes extremos se requiere de mucha concentraci\u00f3n, pues estos arriesgan nuestra vida. Solo con continuas practicas y disciplinas se puede llevar a dominar el deporte que uno desee, porque si le gusta lo har\u00e1 por Vocaci\u00f3n m\u00e1s no compromiso o querer sorprende alguien (padres), para realizar una actividad as\u00ed debemos tener la debida preparaci\u00f3n para evitar futuros accidentes.<\/p>\n<p><img loading=\"lazy\" decoding=\"async\" class=\"alignnone size-medium\" src=\"https:\/\/sommelies.files.wordpress.com\/2010\/08\/31.png\" alt=\"\" width=\"4587\" height=\"1507\" \/><\/p>\n","protected":false},"excerpt":{"rendered":"<p>Todos podemos tener vocaciones para algo, pero en realidad se ponen a prueba cuando se los experimenta. Existen muchos aficionados que solo lo hacen por querer probar algo nuevo, pero para realizar deportes extremos se requiere de mucha concentraci\u00f3n, pues estos arriesgan nuestra vida. Solo con continuas practicas y disciplinas se puede llevar a dominar [&hellip;]<\/p>\n","protected":false},"author":10636,"featured_media":64,"parent":0,"menu_order":0,"comment_status":"closed","ping_status":"closed","template":"","meta":{"_monsterinsights_skip_tracking":false,"_monsterinsights_sitenote_active":false,"_monsterinsights_sitenote_note":"","_monsterinsights_sitenote_category":0,"footnotes":""},"class_list":["post-63","page","type-page","status-publish","has-post-thumbnail","hentry"],"_links":{"self":[{"href":"https:\/\/blog.espol.edu.ec\/ualejand\/wp-json\/wp\/v2\/pages\/63","targetHints":{"allow":["GET"]}}],"collection":[{"href":"https:\/\/blog.espol.edu.ec\/ualejand\/wp-json\/wp\/v2\/pages"}],"about":[{"href":"https:\/\/blog.espol.edu.ec\/ualejand\/wp-json\/wp\/v2\/types\/page"}],"author":[{"embeddable":true,"href":"https:\/\/blog.espol.edu.ec\/ualejand\/wp-json\/wp\/v2\/users\/10636"}],"replies":[{"embeddable":true,"href":"https:\/\/blog.espol.edu.ec\/ualejand\/wp-json\/wp\/v2\/comments?post=63"}],"version-history":[{"count":1,"href":"https:\/\/blog.espol.edu.ec\/ualejand\/wp-json\/wp\/v2\/pages\/63\/revisions"}],"predecessor-version":[{"id":66,"href":"https:\/\/blog.espol.edu.ec\/ualejand\/wp-json\/wp\/v2\/pages\/63\/revisions\/66"}],"wp:featuredmedia":[{"embeddable":true,"href":"https:\/\/blog.espol.edu.ec\/ualejand\/wp-json\/wp\/v2\/media\/64"}],"wp:attachment":[{"href":"https:\/\/blog.espol.edu.ec\/ualejand\/wp-json\/wp\/v2\/media?parent=63"}],"curies":[{"name":"wp","href":"https:\/\/api.w.org\/{rel}","templated":true}]}}