{"id":67,"date":"2016-11-13T04:11:37","date_gmt":"2016-11-13T04:11:37","guid":{"rendered":"http:\/\/blog.espol.edu.ec\/ualejand\/?page_id=67"},"modified":"2016-11-13T04:11:37","modified_gmt":"2016-11-13T04:11:37","slug":"normas-de-seguridad","status":"publish","type":"page","link":"https:\/\/blog.espol.edu.ec\/ualejand\/normas-de-seguridad\/","title":{"rendered":"Normas de seguridad"},"content":{"rendered":"<p>Es muy importante que antes de que comenzamos cualquier actividad, primero debemos preguntarnos si en realidad estamos preparados para realizar dicha acci\u00f3n. Aparte de ello, est\u00e1 en la obligaci\u00f3n de aquellos que brindan ese servicio en cuidar a las personas, deber\u00eda haber personas capacitadas y puedan mostrar como se debe usar correctamente los equipos de seguridad seg\u00fan sea el deporte al que se realice, se debe tomar con mucho respeto y aparte con mucha seriedad los implemento de seguridad, porque todos son necesarios para resguardar la vida del mismo.<\/p>\n<p><img loading=\"lazy\" decoding=\"async\" class=\"alignnone size-medium\" src=\"http:\/\/image.slidesharecdn.com\/normasdeseguridadeneldeporte-111025221548-phpapp01\/95\/normas-de-seguridad-en-el-deporte-1-728.jpg?cb=1319581918\" alt=\"\" width=\"728\" height=\"546\" \/><\/p>\n","protected":false},"excerpt":{"rendered":"<p>Es muy importante que antes de que comenzamos cualquier actividad, primero debemos preguntarnos si en realidad estamos preparados para realizar dicha acci\u00f3n. Aparte de ello, est\u00e1 en la obligaci\u00f3n de aquellos que brindan ese servicio en cuidar a las personas, deber\u00eda haber personas capacitadas y puedan mostrar como se debe usar correctamente los equipos de [&hellip;]<\/p>\n","protected":false},"author":10636,"featured_media":0,"parent":0,"menu_order":0,"comment_status":"closed","ping_status":"closed","template":"","meta":{"_monsterinsights_skip_tracking":false,"_monsterinsights_sitenote_active":false,"_monsterinsights_sitenote_note":"","_monsterinsights_sitenote_category":0,"footnotes":""},"class_list":["post-67","page","type-page","status-publish","hentry"],"_links":{"self":[{"href":"https:\/\/blog.espol.edu.ec\/ualejand\/wp-json\/wp\/v2\/pages\/67","targetHints":{"allow":["GET"]}}],"collection":[{"href":"https:\/\/blog.espol.edu.ec\/ualejand\/wp-json\/wp\/v2\/pages"}],"about":[{"href":"https:\/\/blog.espol.edu.ec\/ualejand\/wp-json\/wp\/v2\/types\/page"}],"author":[{"embeddable":true,"href":"https:\/\/blog.espol.edu.ec\/ualejand\/wp-json\/wp\/v2\/users\/10636"}],"replies":[{"embeddable":true,"href":"https:\/\/blog.espol.edu.ec\/ualejand\/wp-json\/wp\/v2\/comments?post=67"}],"version-history":[{"count":1,"href":"https:\/\/blog.espol.edu.ec\/ualejand\/wp-json\/wp\/v2\/pages\/67\/revisions"}],"predecessor-version":[{"id":69,"href":"https:\/\/blog.espol.edu.ec\/ualejand\/wp-json\/wp\/v2\/pages\/67\/revisions\/69"}],"wp:attachment":[{"href":"https:\/\/blog.espol.edu.ec\/ualejand\/wp-json\/wp\/v2\/media?parent=67"}],"curies":[{"name":"wp","href":"https:\/\/api.w.org\/{rel}","templated":true}]}}