{"id":70,"date":"2016-11-13T04:19:54","date_gmt":"2016-11-13T04:19:54","guid":{"rendered":"http:\/\/blog.espol.edu.ec\/ualejand\/?page_id=70"},"modified":"2016-11-13T04:19:54","modified_gmt":"2016-11-13T04:19:54","slug":"condiciones-de-salud-de-la-persona","status":"publish","type":"page","link":"https:\/\/blog.espol.edu.ec\/ualejand\/condiciones-de-salud-de-la-persona\/","title":{"rendered":"Condiciones de salud de la persona."},"content":{"rendered":"<p>No todas las personas poseemos los mismos nervios, pues todos somos diferentes y eso es lo que nos hace \u00fanico y especial, pero se debe tomar en cuenta esto con mucha seriedad al momento de que la persona con una muy mala condici\u00f3n de salud intente realizar alg\u00fan deporte extremo, esto a su vez (dependiendo cual sea su enfermedad), pues porque se tendr\u00e1 que decir que deportes esta apta y cuales no, para evitar tristes lamentaciones y poder disfrutar del deporte sin ningun inconveniente.<\/p>\n<p><img loading=\"lazy\" decoding=\"async\" class=\"alignnone size-medium\" src=\"http:\/\/3.bp.blogspot.com\/-SHlZ-_cOEjU\/VAZH131w0YI\/AAAAAAAAAAo\/Y8nlV5r-KgE\/s1600\/11-sacude-calorias-y-gana-salud-deporte.gif\" alt=\"\" width=\"300\" height=\"278\" \/><\/p>\n","protected":false},"excerpt":{"rendered":"<p>No todas las personas poseemos los mismos nervios, pues todos somos diferentes y eso es lo que nos hace \u00fanico y especial, pero se debe tomar en cuenta esto con mucha seriedad al momento de que la persona con una muy mala condici\u00f3n de salud intente realizar alg\u00fan deporte extremo, esto a su vez (dependiendo [&hellip;]<\/p>\n","protected":false},"author":10636,"featured_media":0,"parent":0,"menu_order":0,"comment_status":"closed","ping_status":"closed","template":"","meta":{"_monsterinsights_skip_tracking":false,"_monsterinsights_sitenote_active":false,"_monsterinsights_sitenote_note":"","_monsterinsights_sitenote_category":0,"footnotes":""},"class_list":["post-70","page","type-page","status-publish","hentry"],"_links":{"self":[{"href":"https:\/\/blog.espol.edu.ec\/ualejand\/wp-json\/wp\/v2\/pages\/70","targetHints":{"allow":["GET"]}}],"collection":[{"href":"https:\/\/blog.espol.edu.ec\/ualejand\/wp-json\/wp\/v2\/pages"}],"about":[{"href":"https:\/\/blog.espol.edu.ec\/ualejand\/wp-json\/wp\/v2\/types\/page"}],"author":[{"embeddable":true,"href":"https:\/\/blog.espol.edu.ec\/ualejand\/wp-json\/wp\/v2\/users\/10636"}],"replies":[{"embeddable":true,"href":"https:\/\/blog.espol.edu.ec\/ualejand\/wp-json\/wp\/v2\/comments?post=70"}],"version-history":[{"count":1,"href":"https:\/\/blog.espol.edu.ec\/ualejand\/wp-json\/wp\/v2\/pages\/70\/revisions"}],"predecessor-version":[{"id":72,"href":"https:\/\/blog.espol.edu.ec\/ualejand\/wp-json\/wp\/v2\/pages\/70\/revisions\/72"}],"wp:attachment":[{"href":"https:\/\/blog.espol.edu.ec\/ualejand\/wp-json\/wp\/v2\/media?parent=70"}],"curies":[{"name":"wp","href":"https:\/\/api.w.org\/{rel}","templated":true}]}}