{"id":78,"date":"2015-06-24T22:51:31","date_gmt":"2015-06-25T03:51:31","guid":{"rendered":"http:\/\/blog.espol.edu.ec\/urbanologia\/?page_id=78"},"modified":"2015-06-30T22:27:57","modified_gmt":"2015-07-01T03:27:57","slug":"mejores-temas","status":"publish","type":"page","link":"https:\/\/blog.espol.edu.ec\/urbanologia\/?page_id=78","title":{"rendered":"Mejores Temas"},"content":{"rendered":"<p>En la historia del Rap en Espa\u00f1ol, han habido muchos temas que han recibido el calificativo de \"himnos\" del g\u00e9nero. En esta p\u00e1gina intentaremos mostrar un pu\u00f1ado de las que, a mi parecer han sido canciones referente en el Hip Hop en espa\u00f1ol. Si eres nuevo en el g\u00e9nero, deber\u00edas echarle un vistazo a alguno de estos trabajos, ser\u00eda un buen punto por donde empezar. Antes que nada, aclarar que las canciones mostradas en este sitio son por opini\u00f3n del autor y no est\u00e1n ordenadas. Empecemos.<\/p>\n<p style=\"text-align: center\"><strong>Juaninacka - Poniendo y Quitando [2002]<\/strong><\/p>\n<p style=\"text-align: left\">Siempre me han gustado los temas de Juaninacka, por la raz\u00f3n en que siempre logro identificarme de alguna u otra manera en alguno de ellos. Entre esos temas est\u00e1 \u00e9ste, donde logra escribir sobre una decepci\u00f3n amorosa de una forma en la que muy pocos raperos pueden hacerlo.<\/p>\n<p style=\"text-align: left\">Desde el momento en que la conoce hasta cuando entiende que no tiene ninguna oportunidad con ella, la narraci\u00f3n de este tema mantiene enganchado de principio a fin. El mejor momento de la canci\u00f3n a mi parecer deber\u00eda ser \u00e9ste:<\/p>\n<blockquote>\n<p style=\"text-align: left\">\"Y eso que nunca pens\u00e9 en escribir sobre \u00e9stas cosas, pero lo hice...\" - Juaninacka, 2002<\/p>\n<\/blockquote>\n<p style=\"text-align: left\">Es un tema bastante bueno que intenta dejar el mensaje de no amar a quien no te ama, pero donde el mismo autor no sabe realmente como aplicarlo.<\/p>\n<p><a href=\"https:\/\/www.youtube.com\/watch?v=5PSQ7vACYDA\">https:\/\/www.youtube.com\/watch?v=5PSQ7vACYDA<\/a><\/p>\n<p style=\"text-align: center\"><strong>ToteKing &amp; Shotta - Poes\u00eda Urbana [2002]<\/strong><\/p>\n<p style=\"text-align: left\">Salido de \"Tu madre es una Foca [2002]\" que para muchos es uno de los mejores discos del rap en espa\u00f1ol, este es otro tema que puede engancharte desde la primera escucha.<\/p>\n<p style=\"text-align: left\">Ya es costumbre que un rapero hable de su relaci\u00f3n con el g\u00e9nero, pero pocos lo han hecho de la forma que ToteKing lo hace aqu\u00ed y lo demuestra en cada una de las frases como por ejemplo \u00e9sta:<\/p>\n<blockquote>\n<p style=\"text-align: left\">\"Aunque no es monja, todo el mundo come a costa de ella...\" - ToteKing, 2002<\/p>\n<\/blockquote>\n<p style=\"text-align: left\">La instrumental es magn\u00edfica, Shotta hace un buen trabajo en los estribillos, y los scratches en la mitad y al final de la canci\u00f3n son simplemente espl\u00e9ndidos. Una canci\u00f3n a tomar en cuenta.<\/p>\n<p><iframe loading=\"lazy\" title=\"Tote king y Shotta-Poes\u00eda Urbana\" width=\"584\" height=\"438\" src=\"https:\/\/www.youtube.com\/embed\/qJ4kk4U3iSU?feature=oembed\" frameborder=\"0\" allow=\"accelerometer; autoplay; clipboard-write; encrypted-media; gyroscope; picture-in-picture; web-share\" referrerpolicy=\"strict-origin-when-cross-origin\" allowfullscreen><\/iframe><\/p>\n<p style=\"text-align: center\"><strong>Kase.O - Ballantines [2002]<\/strong><\/p>\n<p style=\"text-align: left\">Aunque este tema data del a\u00f1o 1998, su mejor versi\u00f3n la encontramos en el maxi <strong>\"Violadores del Verso presentan a Kase.O en: Mierda [2002]\"<\/strong>. Kase.O es considerado por la gran mayor\u00eda como el m\u00e1s talentoso en todo el rap espa\u00f1ol, y la raz\u00f3n por la que el grupo Violadores del Verso tenga tanto peso en el g\u00e9nero.<\/p>\n<p style=\"text-align: left\">Y es que este tema es practicamente un himno al alcohol, que junto con \"Mierda\" del mismo maxi, dieron a conocer al artista como un claro referente no solo en el p\u00fablico estrictamente rapero. Un tema que b\u00e1sicamente narra los resultados de una borrachera producto de una decepci\u00f3n amorosa.<\/p>\n<blockquote>\n<p style=\"text-align: left\">\"He perdido el rumbo, pero soy feliz con soledad, jazz, y whisky...\" - Kase.O, 2002<\/p>\n<\/blockquote>\n<p style=\"text-align: left\">Y es que, como dice <a href=\"http:\/\/hiphoplifemag.es\/2013\/08\/kase-o-ballantines-especial-las-50-mejores-canciones-del-rap-espanol\/\" target=\"_blank\">Hip Hop Life<\/a>: \u00bfQui\u00e9n\u00a0no se ha visto alguna vez sentado en el borde de la cama vomitando?<\/p>\n<p><iframe loading=\"lazy\" title=\"Ballantines - Violadores del verso\" width=\"584\" height=\"438\" src=\"https:\/\/www.youtube.com\/embed\/afYQu1qhSxE?feature=oembed\" frameborder=\"0\" allow=\"accelerometer; autoplay; clipboard-write; encrypted-media; gyroscope; picture-in-picture; web-share\" referrerpolicy=\"strict-origin-when-cross-origin\" allowfullscreen><\/iframe><\/p>\n<p style=\"text-align: center\"><strong>Dogma Crew - Antih\u00e9roes [2003]<\/strong><\/p>\n<p style=\"text-align: left\">El grupo sevillano presenta este tema en su primer maxi, el cual lleva el mismo nombre. Dogma Crew fue uno de los grupos referentes del Hip Hop en Sevilla en ese entonces, grupo que se ha caracterizado por sus letras de estilo \"hardcore\".<\/p>\n<p style=\"text-align: left\">No todos los temas de rap tienen que tener un mensaje, y este trabajo es la prueba m\u00e1s fiel. Este es un tema poco serio, donde el objetivo es desparramar un flow que pocos tienen. Aqu\u00ed encontrar\u00e1s frases ingeniosas y originales que en esta ocasi\u00f3n tienden a lo s\u00e1dico.<\/p>\n<blockquote>\n<p style=\"text-align: left\">\"Viviendo en un gimnasio, no cambiar\u00e1 tu cara de adefesio...\" - Putolargo, 2003<\/p>\n<\/blockquote>\n<p style=\"text-align: left\"><strong>\"Antih\u00e9roes\"<\/strong> es un tema el cual disfrutar\u00e1s mucho si no te lo tomas en serio, al igual que muchos trabajos en este g\u00e9nero.<\/p>\n<p><iframe loading=\"lazy\" title=\"Dogma Crew - Antiheroes\" width=\"584\" height=\"438\" src=\"https:\/\/www.youtube.com\/embed\/MiRVe9xRO1g?feature=oembed\" frameborder=\"0\" allow=\"accelerometer; autoplay; clipboard-write; encrypted-media; gyroscope; picture-in-picture; web-share\" referrerpolicy=\"strict-origin-when-cross-origin\" allowfullscreen><\/iframe><\/p>\n<p style=\"text-align: center\"><strong>Rafael Lechowsky - Por Amor al Odio [2007]<\/strong><\/p>\n<p style=\"text-align: left\">Ex miembro del grupo \"Flowkl\u00f3rikos\", lanz\u00f3 este tema en el LP \"Donde Duele Inspira [2007], canci\u00f3n que tuvo su remasterizaci\u00f3n en tono de Jazz en el 2011.<\/p>\n<p style=\"text-align: left\">No hay mucho que decir sobre este tema. El autor expresa todos sus pensamientos acerca del amor y del odio de una forma extraordinaria. Encontrar\u00e1s muchas frases excelentes, pero me quedo con \u00e9sta:<\/p>\n<blockquote>\n<p style=\"text-align: left\">\"Me ajusto a la vida, pero la vida no es justa; quien yo quiero no me quiere y quien me quiere no me gusta...\" - Rafael Lechowsky, 2007<\/p>\n<\/blockquote>\n<p style=\"text-align: left\">Este es un tema muy recomendado, incluso si est\u00e1s fuera del g\u00e9nero.<\/p>\n<p><a href=\"https:\/\/www.youtube.com\/watch?v=QvluuW4n9qE\">https:\/\/www.youtube.com\/watch?v=QvluuW4n9qE<\/a><\/p>\n","protected":false},"excerpt":{"rendered":"<p>En la historia del Rap en Espa\u00f1ol, han habido muchos temas que han recibido el calificativo de \"himnos\" del g\u00e9nero. En esta p\u00e1gina intentaremos mostrar un pu\u00f1ado de las que, a mi parecer han sido canciones referente en el Hip &hellip; <a href=\"https:\/\/blog.espol.edu.ec\/urbanologia\/?page_id=78\">Sigue leyendo <span class=\"meta-nav\">&rarr;<\/span><\/a><\/p>\n","protected":false},"author":9689,"featured_media":0,"parent":0,"menu_order":0,"comment_status":"open","ping_status":"open","template":"","meta":{"footnotes":""},"class_list":["post-78","page","type-page","status-publish","hentry"],"_links":{"self":[{"href":"https:\/\/blog.espol.edu.ec\/urbanologia\/index.php?rest_route=\/wp\/v2\/pages\/78","targetHints":{"allow":["GET"]}}],"collection":[{"href":"https:\/\/blog.espol.edu.ec\/urbanologia\/index.php?rest_route=\/wp\/v2\/pages"}],"about":[{"href":"https:\/\/blog.espol.edu.ec\/urbanologia\/index.php?rest_route=\/wp\/v2\/types\/page"}],"author":[{"embeddable":true,"href":"https:\/\/blog.espol.edu.ec\/urbanologia\/index.php?rest_route=\/wp\/v2\/users\/9689"}],"replies":[{"embeddable":true,"href":"https:\/\/blog.espol.edu.ec\/urbanologia\/index.php?rest_route=%2Fwp%2Fv2%2Fcomments&post=78"}],"version-history":[{"count":2,"href":"https:\/\/blog.espol.edu.ec\/urbanologia\/index.php?rest_route=\/wp\/v2\/pages\/78\/revisions"}],"predecessor-version":[{"id":99,"href":"https:\/\/blog.espol.edu.ec\/urbanologia\/index.php?rest_route=\/wp\/v2\/pages\/78\/revisions\/99"}],"wp:attachment":[{"href":"https:\/\/blog.espol.edu.ec\/urbanologia\/index.php?rest_route=%2Fwp%2Fv2%2Fmedia&parent=78"}],"curies":[{"name":"wp","href":"https:\/\/api.w.org\/{rel}","templated":true}]}}