{"id":85,"date":"2015-06-28T22:32:37","date_gmt":"2015-06-29T03:32:37","guid":{"rendered":"http:\/\/blog.espol.edu.ec\/urbanologia\/?page_id=85"},"modified":"2015-06-30T22:21:08","modified_gmt":"2015-07-01T03:21:08","slug":"top-50","status":"publish","type":"page","link":"https:\/\/blog.espol.edu.ec\/urbanologia\/?page_id=85","title":{"rendered":"Top 50"},"content":{"rendered":"<p style=\"text-align: center\"><strong>50. R de Rumba - Amberes (ft. L\u00edrico y Rebel) [2004]<\/strong><\/p>\n<p><iframe loading=\"lazy\" title=\"R de Rumba \u2014 Amberes (Con L\u00edrico y Rebel) [TOP 50 RAP espa\u00f1ol]\" width=\"584\" height=\"329\" src=\"https:\/\/www.youtube.com\/embed\/J9iWUXFlYJU?feature=oembed\" frameborder=\"0\" allow=\"accelerometer; autoplay; clipboard-write; encrypted-media; gyroscope; picture-in-picture; web-share\" referrerpolicy=\"strict-origin-when-cross-origin\" allowfullscreen><\/iframe><\/p>\n<p style=\"text-align: center\"><strong>49. La Trama - La Hora del Jarkor [1999]<\/strong><\/p>\n<p><iframe loading=\"lazy\" title=\"La Trama \u2014 La hora del jarkor [TOP 50 RAP espa\u00f1ol]\" width=\"584\" height=\"329\" src=\"https:\/\/www.youtube.com\/embed\/oExB4UqMJ5o?feature=oembed\" frameborder=\"0\" allow=\"accelerometer; autoplay; clipboard-write; encrypted-media; gyroscope; picture-in-picture; web-share\" referrerpolicy=\"strict-origin-when-cross-origin\" allowfullscreen><\/iframe><\/p>\n<p style=\"text-align: center\"><strong>48. Xcese - Lleg\u00f3 mi Tiempo [2011]<\/strong><\/p>\n<p><iframe loading=\"lazy\" title=\"XCESE - LLEG\u00d3 MI TIEMPO\" width=\"584\" height=\"329\" src=\"https:\/\/www.youtube.com\/embed\/lYem_tFX-BQ?feature=oembed\" frameborder=\"0\" allow=\"accelerometer; autoplay; clipboard-write; encrypted-media; gyroscope; picture-in-picture; web-share\" referrerpolicy=\"strict-origin-when-cross-origin\" allowfullscreen><\/iframe><\/p>\n<p style=\"text-align: center\"><strong>47. Los Chikos del Ma\u00edz - Cultura y Compromiso [2012]<\/strong><\/p>\n<p><iframe loading=\"lazy\" title=\"LOS CHIKOS DEL MAIZ - CULTURA Y COMPROMISO\" width=\"584\" height=\"329\" src=\"https:\/\/www.youtube.com\/embed\/h1pcveGKcUk?feature=oembed\" frameborder=\"0\" allow=\"accelerometer; autoplay; clipboard-write; encrypted-media; gyroscope; picture-in-picture; web-share\" referrerpolicy=\"strict-origin-when-cross-origin\" allowfullscreen><\/iframe><\/p>\n<p style=\"text-align: center\"><strong>46. Xhelazz - Sistema R. A. P. [2003]<\/strong><\/p>\n<p><iframe loading=\"lazy\" title=\"Xhelazz \u2014 Sistema R.A.P [TOP 50 RAP espa\u00f1ol]\" width=\"584\" height=\"329\" src=\"https:\/\/www.youtube.com\/embed\/v48GnO2oZsg?feature=oembed\" frameborder=\"0\" allow=\"accelerometer; autoplay; clipboard-write; encrypted-media; gyroscope; picture-in-picture; web-share\" referrerpolicy=\"strict-origin-when-cross-origin\" allowfullscreen><\/iframe><\/p>\n<p style=\"text-align: center\"><strong>45. Agorazein - I Can't Get it Out [2011]<\/strong><\/p>\n<p><iframe loading=\"lazy\" title=\"Agorazein - I can&#039;t get it out\" width=\"584\" height=\"329\" src=\"https:\/\/www.youtube.com\/embed\/AIY_JZ8u1gw?feature=oembed\" frameborder=\"0\" allow=\"accelerometer; autoplay; clipboard-write; encrypted-media; gyroscope; picture-in-picture; web-share\" referrerpolicy=\"strict-origin-when-cross-origin\" allowfullscreen><\/iframe><\/p>\n<p style=\"text-align: center\"><strong>44. Bano - Cuarzo [2009]<\/strong><\/p>\n<p><iframe loading=\"lazy\" title=\"Bano - Cuarzo (Video Clip Oficial) - Prometeo - Tony Valencya\" width=\"584\" height=\"438\" src=\"https:\/\/www.youtube.com\/embed\/n5Bg16nlYP8?feature=oembed\" frameborder=\"0\" allow=\"accelerometer; autoplay; clipboard-write; encrypted-media; gyroscope; picture-in-picture; web-share\" referrerpolicy=\"strict-origin-when-cross-origin\" allowfullscreen><\/iframe><\/p>\n<p style=\"text-align: center\"><strong>43. Duo Kie - Nosotros lo Hicimos [2008]<\/strong><\/p>\n<p><iframe loading=\"lazy\" title=\"DUO KIE - NOSOTROS LO HICIMOS\" width=\"584\" height=\"329\" src=\"https:\/\/www.youtube.com\/embed\/otKHGqOq3Fc?feature=oembed\" frameborder=\"0\" allow=\"accelerometer; autoplay; clipboard-write; encrypted-media; gyroscope; picture-in-picture; web-share\" referrerpolicy=\"strict-origin-when-cross-origin\" allowfullscreen><\/iframe><\/p>\n<p style=\"text-align: center\"><strong>42. Dogma Crew - Antih\u00e9roes [2003]<\/strong><\/p>\n<p><iframe loading=\"lazy\" title=\"Dogma Crew \u2014 Antih\u00e9roes [TOP 50 RAP espa\u00f1ol]\" width=\"584\" height=\"329\" src=\"https:\/\/www.youtube.com\/embed\/-V_1xH_aevY?feature=oembed\" frameborder=\"0\" allow=\"accelerometer; autoplay; clipboard-write; encrypted-media; gyroscope; picture-in-picture; web-share\" referrerpolicy=\"strict-origin-when-cross-origin\" allowfullscreen><\/iframe><\/p>\n<p style=\"text-align: center\"><strong>41. Tone - Si Chapan el Seven [2005]<\/strong><\/p>\n<p><iframe loading=\"lazy\" title=\"Tone \u2014 Si chapan el seven [TOP 50 RAP espa\u00f1ol]\" width=\"584\" height=\"329\" src=\"https:\/\/www.youtube.com\/embed\/w-unaxGDUAw?feature=oembed\" frameborder=\"0\" allow=\"accelerometer; autoplay; clipboard-write; encrypted-media; gyroscope; picture-in-picture; web-share\" referrerpolicy=\"strict-origin-when-cross-origin\" allowfullscreen><\/iframe><\/p>\n<p style=\"text-align: center\"><b>40. Jungle Kings - Jungle Kings [1989]<\/b><\/p>\n<p><iframe loading=\"lazy\" title=\"Jungle Kings \u2014 Jungle Kings [TOP 50 RAP espa\u00f1ol]\" width=\"584\" height=\"329\" src=\"https:\/\/www.youtube.com\/embed\/gAQyCAfyt3w?feature=oembed\" frameborder=\"0\" allow=\"accelerometer; autoplay; clipboard-write; encrypted-media; gyroscope; picture-in-picture; web-share\" referrerpolicy=\"strict-origin-when-cross-origin\" allowfullscreen><\/iframe><\/p>\n<p style=\"text-align: center\"><strong>39. Acqua Toffana - Hagakure [2009]<\/strong><\/p>\n<p><iframe loading=\"lazy\" title=\"Acqua Toffana \u2014 Hagakure [TOP 50 RAP espa\u00f1ol]\" width=\"584\" height=\"329\" src=\"https:\/\/www.youtube.com\/embed\/ouXErdjT7bE?feature=oembed\" frameborder=\"0\" allow=\"accelerometer; autoplay; clipboard-write; encrypted-media; gyroscope; picture-in-picture; web-share\" referrerpolicy=\"strict-origin-when-cross-origin\" allowfullscreen><\/iframe><\/p>\n<p style=\"text-align: center\"><strong>38. ZPU - Revoluci\u00f3n [2010]<\/strong><\/p>\n<p><iframe loading=\"lazy\" title=\"ZPU - REVOLUCION (CANAL BOA)\" width=\"584\" height=\"329\" src=\"https:\/\/www.youtube.com\/embed\/19HCQ5DJU7g?feature=oembed\" frameborder=\"0\" allow=\"accelerometer; autoplay; clipboard-write; encrypted-media; gyroscope; picture-in-picture; web-share\" referrerpolicy=\"strict-origin-when-cross-origin\" allowfullscreen><\/iframe><\/p>\n<p style=\"text-align: center\"><strong>37. Souchi - Noches de Humo (ft. Morodo) [2000]<\/strong><\/p>\n<p><iframe loading=\"lazy\" title=\"Souchi \u2014 Noches de humo (Con Morodo) [TOP 50 RAP espa\u00f1ol]\" width=\"584\" height=\"329\" src=\"https:\/\/www.youtube.com\/embed\/ufQIJaNMJNs?feature=oembed\" frameborder=\"0\" allow=\"accelerometer; autoplay; clipboard-write; encrypted-media; gyroscope; picture-in-picture; web-share\" referrerpolicy=\"strict-origin-when-cross-origin\" allowfullscreen><\/iframe><\/p>\n<p style=\"text-align: center\"><strong>36. R de Rumba - Quieres (ft. Kase.O y Kami) [2004]<\/strong><\/p>\n<p><iframe loading=\"lazy\" title=\"R de Rumba \u2014 Quieres (Con Kase.O y Kami) [TOP 50 RAP espa\u00f1ol]\" width=\"584\" height=\"329\" src=\"https:\/\/www.youtube.com\/embed\/4wwrf_EhoL8?feature=oembed\" frameborder=\"0\" allow=\"accelerometer; autoplay; clipboard-write; encrypted-media; gyroscope; picture-in-picture; web-share\" referrerpolicy=\"strict-origin-when-cross-origin\" allowfullscreen><\/iframe><\/p>\n<p style=\"text-align: center\"><strong>35. Punto Final - A la Sombra del Bloque [2001]<\/strong><\/p>\n<p><iframe loading=\"lazy\" title=\"Punto Final \u2014 A la sombra del bloque [TOP 50 RAP espa\u00f1ol]\" width=\"584\" height=\"329\" src=\"https:\/\/www.youtube.com\/embed\/OY5YAA_WEHU?feature=oembed\" frameborder=\"0\" allow=\"accelerometer; autoplay; clipboard-write; encrypted-media; gyroscope; picture-in-picture; web-share\" referrerpolicy=\"strict-origin-when-cross-origin\" allowfullscreen><\/iframe><\/p>\n<p style=\"text-align: center\"><strong>34. L. E. Flaco - Rap de Rubbik [2006]<\/strong><\/p>\n<p><iframe loading=\"lazy\" title=\"L.E.FLACO &quot;RAP DE RUBBIK&quot;\" width=\"584\" height=\"438\" src=\"https:\/\/www.youtube.com\/embed\/mLFrygW0W_Q?feature=oembed\" frameborder=\"0\" allow=\"accelerometer; autoplay; clipboard-write; encrypted-media; gyroscope; picture-in-picture; web-share\" referrerpolicy=\"strict-origin-when-cross-origin\" allowfullscreen><\/iframe><\/p>\n<p style=\"text-align: center\"><strong>33. Hablando en Plata - El Castigo de los D\u00e9biles [2009]<\/strong><\/p>\n<p><iframe loading=\"lazy\" title=\"HABLANDO EN PLATA - EL CASTIGO DE LOS DEBILES\" width=\"584\" height=\"329\" src=\"https:\/\/www.youtube.com\/embed\/Ebh6GkTI20g?feature=oembed\" frameborder=\"0\" allow=\"accelerometer; autoplay; clipboard-write; encrypted-media; gyroscope; picture-in-picture; web-share\" referrerpolicy=\"strict-origin-when-cross-origin\" allowfullscreen><\/iframe><\/p>\n<p style=\"text-align: center\"><strong>32. Tote King &amp; Shotta - Damballa [2002]<\/strong><\/p>\n<p><iframe loading=\"lazy\" title=\"Tote King &amp; Shotta \u2014 Damballa [TOP 50 RAP Espa\u00f1ol]\" width=\"584\" height=\"329\" src=\"https:\/\/www.youtube.com\/embed\/HiZq2S24PR4?feature=oembed\" frameborder=\"0\" allow=\"accelerometer; autoplay; clipboard-write; encrypted-media; gyroscope; picture-in-picture; web-share\" referrerpolicy=\"strict-origin-when-cross-origin\" allowfullscreen><\/iframe><\/p>\n<p style=\"text-align: center\"><strong>31. La Puta Opep\u00e9 - Don Sim\u00f3n [1996]<\/strong><\/p>\n<p><iframe loading=\"lazy\" title=\"La Puta Opep\u00e9 \u2014 Don Sim\u00f3n [TOP 50 RAP Espa\u00f1ol]\" width=\"584\" height=\"329\" src=\"https:\/\/www.youtube.com\/embed\/QW1L6yQ9-0g?feature=oembed\" frameborder=\"0\" allow=\"accelerometer; autoplay; clipboard-write; encrypted-media; gyroscope; picture-in-picture; web-share\" referrerpolicy=\"strict-origin-when-cross-origin\" allowfullscreen><\/iframe><\/p>\n<p style=\"text-align: center\"><strong>30. Guante Blanco - Ruina [2004]<\/strong><\/p>\n<p><iframe loading=\"lazy\" title=\"Guante Blanco \u2014 Ruina [TOP 50 RAP espa\u00f1ol]\" width=\"584\" height=\"329\" src=\"https:\/\/www.youtube.com\/embed\/xCXFewhbaoE?feature=oembed\" frameborder=\"0\" allow=\"accelerometer; autoplay; clipboard-write; encrypted-media; gyroscope; picture-in-picture; web-share\" referrerpolicy=\"strict-origin-when-cross-origin\" allowfullscreen><\/iframe><\/p>\n<p style=\"text-align: center\"><strong>29. VKR - Algo de ke Hablar [2005]<\/strong><\/p>\n<p><iframe loading=\"lazy\" title=\"VKR - &quot;Algo de ke hablar&quot;  [Videoclip]\" width=\"584\" height=\"438\" src=\"https:\/\/www.youtube.com\/embed\/1xrYTtotfaY?feature=oembed\" frameborder=\"0\" allow=\"accelerometer; autoplay; clipboard-write; encrypted-media; gyroscope; picture-in-picture; web-share\" referrerpolicy=\"strict-origin-when-cross-origin\" allowfullscreen><\/iframe><\/p>\n<p style=\"text-align: center\"><strong>28. Mitsuruggy - Los Locos [2004]<\/strong><\/p>\n<p>https:\/\/www.youtube.com\/watch?v=b66MlAoHvO4<\/p>\n<p style=\"text-align: center\"><strong>27. Payo Malo - De Donde Vengo [2001]<\/strong><\/p>\n<p><iframe loading=\"lazy\" title=\"Payo malo \u2014 De donde vengo [TOP 50 RAP espa\u00f1ol]\" width=\"584\" height=\"329\" src=\"https:\/\/www.youtube.com\/embed\/_C8Ixr-DKgg?feature=oembed\" frameborder=\"0\" allow=\"accelerometer; autoplay; clipboard-write; encrypted-media; gyroscope; picture-in-picture; web-share\" referrerpolicy=\"strict-origin-when-cross-origin\" allowfullscreen><\/iframe><\/p>\n<p style=\"text-align: center\"><strong>26. Genoraci\u00f3n - R\u00e9quiem [1999]<\/strong><\/p>\n<p><iframe loading=\"lazy\" title=\"Geronaci\u00f3n \u2014 R\u00e9quiem [TOP 50 RAP espa\u00f1ol]\" width=\"584\" height=\"329\" src=\"https:\/\/www.youtube.com\/embed\/mKmOB0BWoAM?feature=oembed\" frameborder=\"0\" allow=\"accelerometer; autoplay; clipboard-write; encrypted-media; gyroscope; picture-in-picture; web-share\" referrerpolicy=\"strict-origin-when-cross-origin\" allowfullscreen><\/iframe><\/p>\n<p style=\"text-align: center\"><strong>25. Ivan Nieto - Rebeldes (ft. Tony Calamonte) [2008]<\/strong><\/p>\n<p><iframe loading=\"lazy\" title=\"Iv\u00e1n Nieto &amp; Tony Calamonte - Rebeldes\" width=\"584\" height=\"438\" src=\"https:\/\/www.youtube.com\/embed\/MszkxAflUHg?feature=oembed\" frameborder=\"0\" allow=\"accelerometer; autoplay; clipboard-write; encrypted-media; gyroscope; picture-in-picture; web-share\" referrerpolicy=\"strict-origin-when-cross-origin\" allowfullscreen><\/iframe><\/p>\n<p style=\"text-align: center\"><strong>24. Rapsusklei &amp; Hazhe - Jazz Elak Ol\u00e9 [2002]<\/strong><\/p>\n<p><iframe loading=\"lazy\" title=\"Rapsusklei &amp; Hazhe \u2014 Jazz elak ol\u00e9 [TOP 50 RAP espa\u00f1ol]\" width=\"584\" height=\"329\" src=\"https:\/\/www.youtube.com\/embed\/Cgr6zN0lWbY?feature=oembed\" frameborder=\"0\" allow=\"accelerometer; autoplay; clipboard-write; encrypted-media; gyroscope; picture-in-picture; web-share\" referrerpolicy=\"strict-origin-when-cross-origin\" allowfullscreen><\/iframe><\/p>\n<p style=\"text-align: center\"><strong>23. Ari - Arriba los Buscavidas [1999]<\/strong><\/p>\n<p><iframe loading=\"lazy\" title=\"Ari \u2014 Arriba los buscavidas [TOP 50 RAP espa\u00f1ol]\" width=\"584\" height=\"329\" src=\"https:\/\/www.youtube.com\/embed\/Ts9XSnV-4Fs?feature=oembed\" frameborder=\"0\" allow=\"accelerometer; autoplay; clipboard-write; encrypted-media; gyroscope; picture-in-picture; web-share\" referrerpolicy=\"strict-origin-when-cross-origin\" allowfullscreen><\/iframe><\/p>\n<p style=\"text-align: center\"><strong>22. Triple xXx - Ya no te Acuerdas [2002]<\/strong><\/p>\n<p><iframe loading=\"lazy\" title=\"Triple xXx \u2014 Ya no te acuerdas [TOP 50 RAP espa\u00f1ol]\" width=\"584\" height=\"329\" src=\"https:\/\/www.youtube.com\/embed\/RyXMsNz4kxM?feature=oembed\" frameborder=\"0\" allow=\"accelerometer; autoplay; clipboard-write; encrypted-media; gyroscope; picture-in-picture; web-share\" referrerpolicy=\"strict-origin-when-cross-origin\" allowfullscreen><\/iframe><\/p>\n<p style=\"text-align: center\"><strong>21. Frank T - La Gran Obra Maestra [1998]<\/strong><\/p>\n<p><iframe loading=\"lazy\" title=\"Frank T \u2014 La gran obra maestra [TOP 50 RAP espa\u00f1ol]\" width=\"584\" height=\"329\" src=\"https:\/\/www.youtube.com\/embed\/eRU4NSyJ3bA?feature=oembed\" frameborder=\"0\" allow=\"accelerometer; autoplay; clipboard-write; encrypted-media; gyroscope; picture-in-picture; web-share\" referrerpolicy=\"strict-origin-when-cross-origin\" allowfullscreen><\/iframe><\/p>\n<p style=\"text-align: center\"><strong>20. Rafael Lechowski - Por Amor al Odio [2007]<\/strong><\/p>\n<p><iframe loading=\"lazy\" title=\"Rafael Lechowski \u2014 Por amor al odio [TOP 50 RAP espa\u00f1ol]\" width=\"584\" height=\"329\" src=\"https:\/\/www.youtube.com\/embed\/oEFTTK7zQDc?feature=oembed\" frameborder=\"0\" allow=\"accelerometer; autoplay; clipboard-write; encrypted-media; gyroscope; picture-in-picture; web-share\" referrerpolicy=\"strict-origin-when-cross-origin\" allowfullscreen><\/iframe><\/p>\n<p style=\"text-align: center\"><strong>19. Jazz Two - Lo Esperado [1998]<\/strong><\/p>\n<p><iframe loading=\"lazy\" title=\"Jazz Two \u2014 Lo esperado [TOP 50 RAP espa\u00f1ol]\" width=\"584\" height=\"329\" src=\"https:\/\/www.youtube.com\/embed\/TarzQdmzHhQ?feature=oembed\" frameborder=\"0\" allow=\"accelerometer; autoplay; clipboard-write; encrypted-media; gyroscope; picture-in-picture; web-share\" referrerpolicy=\"strict-origin-when-cross-origin\" allowfullscreen><\/iframe><\/p>\n<p style=\"text-align: center\"><strong>18. Charlie Vegas - Bloques<\/strong><\/p>\n<p><iframe loading=\"lazy\" title=\"Chirie Vegas \u2014 Bloques [TOP 50 RAP espa\u00f1ol]\" width=\"584\" height=\"329\" src=\"https:\/\/www.youtube.com\/embed\/Hiym22yu1qk?feature=oembed\" frameborder=\"0\" allow=\"accelerometer; autoplay; clipboard-write; encrypted-media; gyroscope; picture-in-picture; web-share\" referrerpolicy=\"strict-origin-when-cross-origin\" allowfullscreen><\/iframe><\/p>\n<p style=\"text-align: center\"><strong>17. El Chojin - \u00danete a mi Bando [2011]<\/strong><\/p>\n<p><iframe loading=\"lazy\" title=\"El Chojin - Unete A Mi Bando (Videoclip)\" width=\"584\" height=\"329\" src=\"https:\/\/www.youtube.com\/embed\/WLOrkLWiMsU?feature=oembed\" frameborder=\"0\" allow=\"accelerometer; autoplay; clipboard-write; encrypted-media; gyroscope; picture-in-picture; web-share\" referrerpolicy=\"strict-origin-when-cross-origin\" allowfullscreen><\/iframe><\/p>\n<p style=\"text-align: center\"><strong>16. Falsalarma - Eclipse [2005]<\/strong><\/p>\n<p><iframe loading=\"lazy\" title=\"Falsalarma \u2014 Eclipse [TOP 50 RAP espa\u00f1ol]\" width=\"584\" height=\"329\" src=\"https:\/\/www.youtube.com\/embed\/93hiKY_Vap4?feature=oembed\" frameborder=\"0\" allow=\"accelerometer; autoplay; clipboard-write; encrypted-media; gyroscope; picture-in-picture; web-share\" referrerpolicy=\"strict-origin-when-cross-origin\" allowfullscreen><\/iframe><\/p>\n<p style=\"text-align: center\"><strong>15. Tremendo Menda - Vibraciones [2001]<\/strong><\/p>\n<p><iframe loading=\"lazy\" title=\"Tremendo Menda \u2014 Vibraciones [TOP 50 RAP espa\u00f1ol]\" width=\"584\" height=\"329\" src=\"https:\/\/www.youtube.com\/embed\/dpPfb2Vo4qc?feature=oembed\" frameborder=\"0\" allow=\"accelerometer; autoplay; clipboard-write; encrypted-media; gyroscope; picture-in-picture; web-share\" referrerpolicy=\"strict-origin-when-cross-origin\" allowfullscreen><\/iframe><\/p>\n<p style=\"text-align: center\"><strong>14. Hermanos Herm\u00e9ticos - Vamos Otra Vez [2005]<\/strong><\/p>\n<p><iframe loading=\"lazy\" title=\"Hermanos Hermeticos - &quot;Vamos otra vez&quot;\" width=\"584\" height=\"438\" src=\"https:\/\/www.youtube.com\/embed\/YJqa6wbpsgg?feature=oembed\" frameborder=\"0\" allow=\"accelerometer; autoplay; clipboard-write; encrypted-media; gyroscope; picture-in-picture; web-share\" referrerpolicy=\"strict-origin-when-cross-origin\" allowfullscreen><\/iframe><\/p>\n<p style=\"text-align: center\"><strong>13. La Mala Rodr\u00edguez - Yo Marco el Minuto [2000]<\/strong><\/p>\n<p><iframe loading=\"lazy\" title=\"La Mala Rodr\u00edguez \u2014 Yo marco el minuto [TOP 50 RAP espa\u00f1ol]\" width=\"584\" height=\"329\" src=\"https:\/\/www.youtube.com\/embed\/lI9ggeyPfkw?feature=oembed\" frameborder=\"0\" allow=\"accelerometer; autoplay; clipboard-write; encrypted-media; gyroscope; picture-in-picture; web-share\" referrerpolicy=\"strict-origin-when-cross-origin\" allowfullscreen><\/iframe><\/p>\n<p style=\"text-align: center\"><strong>12. Chinatown - Lo Bueno y lo Malo [2010]<\/strong><\/p>\n<p><iframe loading=\"lazy\" title=\"Chinatown \u2014 Lo bueno y lo malo [TOP 50 RAP espa\u00f1ol]\" width=\"584\" height=\"329\" src=\"https:\/\/www.youtube.com\/embed\/B0NPaSTmOmo?feature=oembed\" frameborder=\"0\" allow=\"accelerometer; autoplay; clipboard-write; encrypted-media; gyroscope; picture-in-picture; web-share\" referrerpolicy=\"strict-origin-when-cross-origin\" allowfullscreen><\/iframe><\/p>\n<p style=\"text-align: center\"><strong>11. Kase.O - Ballantines [1998]<\/strong><\/p>\n<p><iframe loading=\"lazy\" title=\"Kase.O \u2014 Ballantines [TOP 50 RAP espa\u00f1ol]\" width=\"584\" height=\"329\" src=\"https:\/\/www.youtube.com\/embed\/sP1OhpnpUFw?feature=oembed\" frameborder=\"0\" allow=\"accelerometer; autoplay; clipboard-write; encrypted-media; gyroscope; picture-in-picture; web-share\" referrerpolicy=\"strict-origin-when-cross-origin\" allowfullscreen><\/iframe><\/p>\n<p style=\"text-align: center\"><strong>10. Darmo - Rap 4 Life [2005]<\/strong><\/p>\n<p><iframe loading=\"lazy\" title=\"Darmo \u2014 Rap 4 life [TOP 50 RAP espa\u00f1ol]\" width=\"584\" height=\"329\" src=\"https:\/\/www.youtube.com\/embed\/kfMrnLiNLtQ?feature=oembed\" frameborder=\"0\" allow=\"accelerometer; autoplay; clipboard-write; encrypted-media; gyroscope; picture-in-picture; web-share\" referrerpolicy=\"strict-origin-when-cross-origin\" allowfullscreen><\/iframe><\/p>\n<p style=\"text-align: center\"><b>09. Nach - El Cuentacuentos [2003]<\/b><\/p>\n<p><iframe loading=\"lazy\" title=\"Nach \u2014 El cuentacuentos [TOP 50 RAP espa\u00f1ol]\" width=\"584\" height=\"329\" src=\"https:\/\/www.youtube.com\/embed\/xF4efwGdV3Y?feature=oembed\" frameborder=\"0\" allow=\"accelerometer; autoplay; clipboard-write; encrypted-media; gyroscope; picture-in-picture; web-share\" referrerpolicy=\"strict-origin-when-cross-origin\" allowfullscreen><\/iframe><\/p>\n<p style=\"text-align: center\"><strong>08. Juaninacka - Brindemos [2004]<\/strong><\/p>\n<p><iframe loading=\"lazy\" title=\"Juaninacka \u2014 Brindemos [TOP 50 RAP espa\u00f1ol]\" width=\"584\" height=\"329\" src=\"https:\/\/www.youtube.com\/embed\/9RviyJb3nJw?feature=oembed\" frameborder=\"0\" allow=\"accelerometer; autoplay; clipboard-write; encrypted-media; gyroscope; picture-in-picture; web-share\" referrerpolicy=\"strict-origin-when-cross-origin\" allowfullscreen><\/iframe><\/p>\n<p style=\"text-align: center\"><strong>07. SFDK - El Liricista en el Tejado [2001]<\/strong><\/p>\n<p><iframe loading=\"lazy\" title=\"sfdk - el liricista en el tejado (videoclip)\" width=\"584\" height=\"438\" src=\"https:\/\/www.youtube.com\/embed\/thlTl6e4BRY?feature=oembed\" frameborder=\"0\" allow=\"accelerometer; autoplay; clipboard-write; encrypted-media; gyroscope; picture-in-picture; web-share\" referrerpolicy=\"strict-origin-when-cross-origin\" allowfullscreen><\/iframe><\/p>\n<p style=\"text-align: center\"><strong>06. Solo los Solo - Bugasistema [2001]<\/strong><\/p>\n<p><iframe loading=\"lazy\" title=\"Solo los solo \u2014 Bugasistema [TOP 50 RAP espa\u00f1ol]\" width=\"584\" height=\"329\" src=\"https:\/\/www.youtube.com\/embed\/zoXlzzh5EJ4?feature=oembed\" frameborder=\"0\" allow=\"accelerometer; autoplay; clipboard-write; encrypted-media; gyroscope; picture-in-picture; web-share\" referrerpolicy=\"strict-origin-when-cross-origin\" allowfullscreen><\/iframe><\/p>\n<p style=\"text-align: center\"><strong>05. Tote King - Matem\u00e1ticas [2003]<\/strong><\/p>\n<p><iframe loading=\"lazy\" title=\"Tote King \u2014 Matem\u00e1ticas [TOP 50 RAP espa\u00f1ol]\" width=\"584\" height=\"329\" src=\"https:\/\/www.youtube.com\/embed\/ip6rCzcTlJA?feature=oembed\" frameborder=\"0\" allow=\"accelerometer; autoplay; clipboard-write; encrypted-media; gyroscope; picture-in-picture; web-share\" referrerpolicy=\"strict-origin-when-cross-origin\" allowfullscreen><\/iframe><\/p>\n<p style=\"text-align: center\"><strong>04. Maese KDS - B-boy Hasta la Muerte [2001]<\/strong><\/p>\n<p><iframe loading=\"lazy\" title=\"Maese KDS \u2014 B-boy hasta la muerte [TOP 50 RAP espa\u00f1ol]\" width=\"584\" height=\"329\" src=\"https:\/\/www.youtube.com\/embed\/AGQUy-uguCE?feature=oembed\" frameborder=\"0\" allow=\"accelerometer; autoplay; clipboard-write; encrypted-media; gyroscope; picture-in-picture; web-share\" referrerpolicy=\"strict-origin-when-cross-origin\" allowfullscreen><\/iframe><\/p>\n<p style=\"text-align: center\"><strong>03. CPV - De Cacer\u00eda [1997]<\/strong><\/p>\n<p><iframe loading=\"lazy\" title=\"CPV De Cacer\u00eda V\u00eddeo Original\" width=\"584\" height=\"438\" src=\"https:\/\/www.youtube.com\/embed\/kbMt-37oZwg?feature=oembed\" frameborder=\"0\" allow=\"accelerometer; autoplay; clipboard-write; encrypted-media; gyroscope; picture-in-picture; web-share\" referrerpolicy=\"strict-origin-when-cross-origin\" allowfullscreen><\/iframe><\/p>\n<p style=\"text-align: center\"><strong>02. 7 Notas 7 Colores - Hecho, es Simple [1997]<\/strong><\/p>\n<p><iframe loading=\"lazy\" title=\"7 notas 7 colores \u2014 Hecho, es simple [TOP 50 RAP espa\u00f1ol]\" width=\"584\" height=\"329\" src=\"https:\/\/www.youtube.com\/embed\/1MbkNcJ1SH8?feature=oembed\" frameborder=\"0\" allow=\"accelerometer; autoplay; clipboard-write; encrypted-media; gyroscope; picture-in-picture; web-share\" referrerpolicy=\"strict-origin-when-cross-origin\" allowfullscreen><\/iframe><\/p>\n<p style=\"text-align: center\"><strong>01. Violadores del Verso - M\u00e1ximo Exponente [1999]<\/strong><\/p>\n<p><iframe loading=\"lazy\" title=\"VIOLADORES DEL VERSO - MAXIMO EXPONENTE (CANAL BOA)\" width=\"584\" height=\"329\" src=\"https:\/\/www.youtube.com\/embed\/SS3jKPoIjjo?feature=oembed\" frameborder=\"0\" allow=\"accelerometer; autoplay; clipboard-write; encrypted-media; gyroscope; picture-in-picture; web-share\" referrerpolicy=\"strict-origin-when-cross-origin\" allowfullscreen><\/iframe><\/p>\n","protected":false},"excerpt":{"rendered":"<p>50. R de Rumba - Amberes (ft. L\u00edrico y Rebel) [2004] 49. La Trama - La Hora del Jarkor [1999] 48. Xcese - Lleg\u00f3 mi Tiempo [2011] 47. Los Chikos del Ma\u00edz - Cultura y Compromiso [2012] 46. Xhelazz - &hellip; <a href=\"https:\/\/blog.espol.edu.ec\/urbanologia\/?page_id=85\">Sigue leyendo <span class=\"meta-nav\">&rarr;<\/span><\/a><\/p>\n","protected":false},"author":9689,"featured_media":0,"parent":0,"menu_order":0,"comment_status":"open","ping_status":"open","template":"","meta":{"footnotes":""},"class_list":["post-85","page","type-page","status-publish","hentry"],"_links":{"self":[{"href":"https:\/\/blog.espol.edu.ec\/urbanologia\/index.php?rest_route=\/wp\/v2\/pages\/85","targetHints":{"allow":["GET"]}}],"collection":[{"href":"https:\/\/blog.espol.edu.ec\/urbanologia\/index.php?rest_route=\/wp\/v2\/pages"}],"about":[{"href":"https:\/\/blog.espol.edu.ec\/urbanologia\/index.php?rest_route=\/wp\/v2\/types\/page"}],"author":[{"embeddable":true,"href":"https:\/\/blog.espol.edu.ec\/urbanologia\/index.php?rest_route=\/wp\/v2\/users\/9689"}],"replies":[{"embeddable":true,"href":"https:\/\/blog.espol.edu.ec\/urbanologia\/index.php?rest_route=%2Fwp%2Fv2%2Fcomments&post=85"}],"version-history":[{"count":3,"href":"https:\/\/blog.espol.edu.ec\/urbanologia\/index.php?rest_route=\/wp\/v2\/pages\/85\/revisions"}],"predecessor-version":[{"id":98,"href":"https:\/\/blog.espol.edu.ec\/urbanologia\/index.php?rest_route=\/wp\/v2\/pages\/85\/revisions\/98"}],"wp:attachment":[{"href":"https:\/\/blog.espol.edu.ec\/urbanologia\/index.php?rest_route=%2Fwp%2Fv2%2Fmedia&parent=85"}],"curies":[{"name":"wp","href":"https:\/\/api.w.org\/{rel}","templated":true}]}}