{"id":1,"date":"2008-12-02T12:14:03","date_gmt":"2008-12-02T17:14:03","guid":{"rendered":""},"modified":"2011-05-30T17:44:42","modified_gmt":"2011-05-30T22:44:42","slug":"about","status":"publish","type":"page","link":"https:\/\/blog.espol.edu.ec\/vaeb\/about\/","title":{"rendered":"Sobre Nosotros"},"content":{"rendered":"<p><span style=\"color: #000000\">El Vicerrectorado de Asuntos Estudiantiles y Bienestar te puede ayudar con los siguientes servicios:<\/span><\/p>\n<ul>\n<li><span style=\"color: #000000\"><a href=\"http:\/\/blog.espol.edu.ec\/vaeb\/about\/transporte\/\">Transporte<\/a><\/span><\/li>\n<li><a href=\"http:\/\/blog.espol.edu.ec\/vaeb\/about\/alimentacion\/\"><span style=\"color: #000000\">Alimentaci\u00f3n<\/span><\/a><\/li>\n<li><a href=\"http:\/\/blog.espol.edu.ec\/vaeb\/about\/salud\"><span style=\"color: #000000\">Salud<\/span><\/a><\/li>\n<li><a href=\"http:\/\/blog.espol.edu.ec\/vaeb\/deportes\/\"><span style=\"color: #000000\">Deportes<\/span><\/a><\/li>\n<li><span style=\"color: #000000\"><a href=\"http:\/\/blog.espol.edu.ec\/vaeb\/bienestar-estudiantil\/\">Bienestar Estudiantil (Becas, Cr\u00e9ditos, Convenios)<\/a>.<\/span><\/li>\n<li><a href=\"http:\/\/blog.espol.edu.ec\/vaeb\/incorporacion-colectiva\/\"><span style=\"color: #000000\">Incorporaci\u00f3n <span style=\"color: #000000\">Colectiva<\/span><\/span><\/a><\/li>\n<li><a href=\"http:\/\/blog.espol.edu.ec\/vaeb\/actividades-culturales\/\"><span style=\"color: #000000\">Actividades Culturales<\/span><\/a><\/li>\n<\/ul>\n<p><object classid=\"clsid:d27cdb6e-ae6d-11cf-96b8-444553540000\" width=\"660\" height=\"405\"><param name=\"allowFullScreen\" value=\"true\" \/><param name=\"allowscriptaccess\" value=\"always\" \/><param name=\"src\" value=\"http:\/\/www.youtube.com\/v\/K5jfdWv2M5E&amp;hl=es_ES&amp;fs=1&amp;rel=0&amp;color1=0x2b405b&amp;color2=0x6b8ab6&amp;border=1\" \/><param name=\"allowfullscreen\" value=\"true\" \/><embed type=\"application\/x-shockwave-flash\" width=\"660\" height=\"405\" src=\"http:\/\/www.youtube.com\/v\/K5jfdWv2M5E&amp;hl=es_ES&amp;fs=1&amp;rel=0&amp;color1=0x2b405b&amp;color2=0x6b8ab6&amp;border=1\" allowscriptaccess=\"always\" allowfullscreen=\"true\"><\/embed><\/object><\/p>\n","protected":false},"excerpt":{"rendered":"<p>El Vicerrectorado de Asuntos Estudiantiles y Bienestar te puede ayudar con los siguientes servicios: Transporte Alimentaci\u00f3n Salud Deportes Bienestar Estudiantil (Becas, Cr\u00e9ditos, Convenios). Incorporaci\u00f3n Colectiva Actividades Culturales<\/p>\n","protected":false},"author":715,"featured_media":0,"parent":0,"menu_order":0,"comment_status":"open","ping_status":"open","template":"","meta":{"_monsterinsights_skip_tracking":false,"_monsterinsights_sitenote_active":false,"_monsterinsights_sitenote_note":"","_monsterinsights_sitenote_category":0,"footnotes":""},"class_list":["post-1","page","type-page","status-publish","hentry"],"_links":{"self":[{"href":"https:\/\/blog.espol.edu.ec\/vaeb\/wp-json\/wp\/v2\/pages\/1","targetHints":{"allow":["GET"]}}],"collection":[{"href":"https:\/\/blog.espol.edu.ec\/vaeb\/wp-json\/wp\/v2\/pages"}],"about":[{"href":"https:\/\/blog.espol.edu.ec\/vaeb\/wp-json\/wp\/v2\/types\/page"}],"author":[{"embeddable":true,"href":"https:\/\/blog.espol.edu.ec\/vaeb\/wp-json\/wp\/v2\/users\/715"}],"replies":[{"embeddable":true,"href":"https:\/\/blog.espol.edu.ec\/vaeb\/wp-json\/wp\/v2\/comments?post=1"}],"version-history":[{"count":19,"href":"https:\/\/blog.espol.edu.ec\/vaeb\/wp-json\/wp\/v2\/pages\/1\/revisions"}],"predecessor-version":[{"id":6,"href":"https:\/\/blog.espol.edu.ec\/vaeb\/wp-json\/wp\/v2\/pages\/1\/revisions\/6"}],"wp:attachment":[{"href":"https:\/\/blog.espol.edu.ec\/vaeb\/wp-json\/wp\/v2\/media?parent=1"}],"curies":[{"name":"wp","href":"https:\/\/api.w.org\/{rel}","templated":true}]}}