{"id":19,"date":"2011-10-07T12:45:29","date_gmt":"2011-10-07T17:45:29","guid":{"rendered":"http:\/\/blog.espol.edu.ec\/vaeb\/?page_id=19"},"modified":"2011-10-07T12:48:43","modified_gmt":"2011-10-07T17:48:43","slug":"transporte","status":"publish","type":"page","link":"https:\/\/blog.espol.edu.ec\/vaeb\/bienestar-estudiantil\/transporte\/","title":{"rendered":"Transporte"},"content":{"rendered":"<p>Rutas y Horarios de Transporte II<\/p>\n<p><a href=\"..\/about\/transporte\/mapas-de-las-rutas-de-transporte-ii-termino-2009-2010\/\"><span style=\"text-decoration: underline\">Mapas de las Rutas (II t\u00e9rmino 2011-2012)<\/span><\/a><\/p>\n<p>Para que la comunidad polit\u00e9cnica tenga facilidad de acceso al Campus de la Prosperina, se cuenta con la colaboraci\u00f3n de la EMPRESA P\u00daBLICA TRANSESPOL que presta el servicio de transporte hacia el campus.<\/p>\n<p>TRANSESPOL es una empresa p\u00fablica y se mantiene con el dinero que se recauda por la prestaci\u00f3n de su servicio. El presidente es el Ing. Alejandro Chanab\u00e1 y el Gerente es el Ing. Alejandro Moyano. Las unidades con las que se cuenta son de transporte p\u00fablico.<\/p>\n<p>Actualmente, TRANSESPOL presta sus servicios con una cantidad de unidades suficientes, y el servicio est\u00e1 en b\u00fasqueda de la mejora continua, por lo que se cuenta con varias rutas que parten de distintos puntos en la ciudad de Guayaquil hacia el Campus Gustavo Galindo.<\/p>\n<p>Para la mejora del servicio se est\u00e1 recopilando informaci\u00f3n cuantitativa, el primer paso que se dio fue la instalaci\u00f3n de los sensores y actualmente se est\u00e1 instalando un sistema de monitoreo satelital.<\/p>\n<p>Cada semestre se planifican las rutas y frecuencias que se van a ofrecer durante el t\u00e9rmino y se pueden consultar en este blog y en los carteles y volantes que se difunden en el Campus.<\/p>\n<p>Para precautelar la seguridad de los usuarios, se debe presentar la credencial estudiantil antes de hacer uso de las unidades de transporte.<\/p>\n<p><strong>\u00bfC\u00d3MO PUEDO PRESENTAR ALG\u00daN COMENTARIO, QUEJA O SUGERENCIA?<\/strong><\/p>\n<p>Para poder ejercer una acci\u00f3n que mejore el servicio, se debe dirigir una carta al VAEB o un mail (mfierro@espol.edu.ec) plenamente identificable para poder tr\u00e1mite a la solicitud y hacer el seguimiento respectivo. En caso de querer presentar una queja se debe indicar los datos que permitan identificar tales como mes, d\u00eda, hora, unidad (placa).<\/p>\n<p><strong>\u00bfC\u00d3MO ME MOVILIZO INTERNAMENTE EN EL CAMPUS?<\/strong><\/p>\n<p>Para la movilizaci\u00f3n interna se cuenta con 3 buses de TRANSESPOL que realizan el recorrido interno desde las 07h10 hasta las 17h00 de manera fija, cada 15 minutos, y los buses amarillos, si tienen capacidad para recoger estudiantes, pueden hacerlo.<\/p>\n<p><strong>RECOMENDACIONES<\/strong><\/p>\n<ul>\n<li>Se les recuerda a los usuarios de las unidades de transporte que deben estar con un tiempo considerable de anticipaci\u00f3n en los diferentes puntos de salidas de las diferentes rutas de transporte para que puedan llegar puntualmente a su destino.<\/li>\n<li>No maltratar las unidades de transporte, ni dejar basura dentro de los buses.<\/li>\n<li>Tratar cordialmente a los conductores de los buses para preservar el respeto mutuo.<\/li>\n<li>Tener la credencial a la mano para presentarla.<\/li>\n<li>RESPETAR la columna para poder acceder a las unidades de transporte<\/li>\n<li>Hacer uso de las diferentes rutas de transporte para descongestionar la ruta de la Piscina<\/li>\n<\/ul>\n","protected":false},"excerpt":{"rendered":"<p>Rutas y Horarios de Transporte II Mapas de las Rutas (II t\u00e9rmino 2011-2012) Para que la comunidad polit\u00e9cnica tenga facilidad de acceso al Campus de la Prosperina, se cuenta con la colaboraci\u00f3n de la EMPRESA P\u00daBLICA TRANSESPOL que presta el &hellip; <a href=\"https:\/\/blog.espol.edu.ec\/vaeb\/bienestar-estudiantil\/transporte\/\">Sigue leyendo <span class=\"meta-nav\">&rarr;<\/span><\/a><\/p>\n","protected":false},"author":715,"featured_media":0,"parent":841,"menu_order":5,"comment_status":"open","ping_status":"open","template":"","meta":{"_monsterinsights_skip_tracking":false,"_monsterinsights_sitenote_active":false,"_monsterinsights_sitenote_note":"","_monsterinsights_sitenote_category":0,"footnotes":""},"class_list":["post-19","page","type-page","status-publish","hentry"],"_links":{"self":[{"href":"https:\/\/blog.espol.edu.ec\/vaeb\/wp-json\/wp\/v2\/pages\/19","targetHints":{"allow":["GET"]}}],"collection":[{"href":"https:\/\/blog.espol.edu.ec\/vaeb\/wp-json\/wp\/v2\/pages"}],"about":[{"href":"https:\/\/blog.espol.edu.ec\/vaeb\/wp-json\/wp\/v2\/types\/page"}],"author":[{"embeddable":true,"href":"https:\/\/blog.espol.edu.ec\/vaeb\/wp-json\/wp\/v2\/users\/715"}],"replies":[{"embeddable":true,"href":"https:\/\/blog.espol.edu.ec\/vaeb\/wp-json\/wp\/v2\/comments?post=19"}],"version-history":[{"count":19,"href":"https:\/\/blog.espol.edu.ec\/vaeb\/wp-json\/wp\/v2\/pages\/19\/revisions"}],"predecessor-version":[{"id":1059,"href":"https:\/\/blog.espol.edu.ec\/vaeb\/wp-json\/wp\/v2\/pages\/19\/revisions\/1059"}],"up":[{"embeddable":true,"href":"https:\/\/blog.espol.edu.ec\/vaeb\/wp-json\/wp\/v2\/pages\/841"}],"wp:attachment":[{"href":"https:\/\/blog.espol.edu.ec\/vaeb\/wp-json\/wp\/v2\/media?parent=19"}],"curies":[{"name":"wp","href":"https:\/\/api.w.org\/{rel}","templated":true}]}}