{"id":329,"date":"2010-04-05T15:47:15","date_gmt":"2010-04-05T20:47:15","guid":{"rendered":"http:\/\/blog.espol.edu.ec\/vaeb\/?page_id=329"},"modified":"2011-05-30T16:51:30","modified_gmt":"2011-05-30T21:51:30","slug":"salud","status":"publish","type":"page","link":"https:\/\/blog.espol.edu.ec\/vaeb\/bienestar-estudiantil\/salud\/","title":{"rendered":"Salud"},"content":{"rendered":"<p><span style=\"color: #000000\">En la ESPOL, se ofrecen diferentes servicios para precautelar la salud de la Comunidad Polit\u00e9cnica:<\/span><\/p>\n<ul>\n<li><a href=\"http:\/\/blog.espol.edu.ec\/vaeb\/salud\/atencion-medica-y-enfermeria\/\"><span style=\"color: #000000\">Atenci\u00f3n M\u00e9dica General<\/span><\/a><\/li>\n<li><a href=\"http:\/\/blog.espol.edu.ec\/vaeb\/about\/salud\/atencion-psicologica\/\"><span style=\"color: #000000\">Atenci\u00f3n Psicol\u00f3gica<\/span><\/a><\/li>\n<li><span style=\"color: #000000\">Laboratorio Cl\u00ednico<\/span><\/li>\n<li><span style=\"color: #000000\">Laboratorio de Rayos X<\/span><\/li>\n<li><a href=\"http:\/\/blog.espol.edu.ec\/vaeb\/atencion-odontologica\/\"><span style=\"color: #000000\">Atenci\u00f3n Odontol\u00f3gica<\/span><\/a><\/li>\n<li><a href=\"http:\/\/blog.espol.edu.ec\/vaeb\/about\/salud\/seguro-de-accidentes-estudiantil\/\"><span style=\"color: #000000\">Seguro de Accidentes Estudiantil<\/span><\/a><\/li>\n<\/ul>\n<p><span style=\"text-decoration: underline\"><strong>ELABORACI\u00d3N DE FICHA M\u00c9DICA ESTUDIANTIL<\/strong><\/span><\/p>\n<p>Los estudiantes que ingresan a la ESPOL deben presentar ex\u00e1menes m\u00e9dicos para la elaboraci\u00f3n de la ficha m\u00e9dica correspondiente. Los pasos a seguir son los siguientes:<\/p>\n<p>1.\u00a0 Realizarse los siguientes ex\u00e1menes m\u00e9dicos:<\/p>\n<p>Grupo Sangu\u00edneo<br \/>\nHemograma Completo<br \/>\nTest de LUES<br \/>\nEx\u00e1menes de Orina y Heces<br \/>\nRX Standard de T\u00f3rax<br \/>\nHIV (Opcional)<\/p>\n<p>2. Presentar en Dispensario M\u00e9dico los ex\u00e1menes de 08h30 a 13h00 y se le dar\u00e1 una cita.<\/p>\n<p>3. Llevar el d\u00eda de la cita los ex\u00e1menes y deben estar 10 minutos antes de su cita para que tomar los signos vitales en enfermer\u00eda.<\/p>\n<p><span style=\"text-decoration: underline\"><strong>LABORATORIO DE RAYOS X<\/strong><\/span><\/p>\n<p>En el Dispensario M\u00e9dico del Campus Prosperina se encuentra una Unidad de Rayos X que atiende en horario de 8h00 a 12h00, bajo la responsabilidad de un profesional. Los costos de los servicios que presta son de un valor econ\u00f3mico inferior al costo particular y real. Estos servicios son los siguientes:<\/p>\n<p>R x est\u00e1ndar de t\u00f3rax<\/p>\n<p>R x huesos nasales<\/p>\n<p>R x ap y L de columna cervical<\/p>\n<p>R x ap y L mu\u00f1eca<\/p>\n<p>R x ap y L mano<\/p>\n<p>R x ap y L tobillo<\/p>\n<p>R x ap y oblicua de pie<\/p>\n<p>R x AP y Axial de Hombro<\/p>\n<p>R x AP y L de Codo<\/p>\n<p>R x AP y L de Rodilla<\/p>\n<p><span style=\"text-decoration: underline\"><strong>LABORATORIO CL\u00cdNICO<\/strong><\/span><\/p>\n<p>En el Campus Prosperina se dispone de un Laboratorio Cl\u00ednico, ubicado en el \u00e1rea de Tecnolog\u00edas, cuya atenci\u00f3n es brindada por la Dra. Rosa Coronel de Herrera. Los ex\u00e1menes ofrecidos son los siguientes:<\/p>\n<ul>\n<li>HEMATOLOG\u00cdA<\/li>\n<li>INMUNOLOG\u00cdA - SEROLOG\u00cdA<\/li>\n<li>BIOQUIMICOS<\/li>\n<li>ORINA<\/li>\n<li>HECES<\/li>\n<li>ACTEROLOG\u00cdA<\/li>\n<li>EX\u00c1MENES ESPECIALES<\/li>\n<\/ul>\n","protected":false},"excerpt":{"rendered":"<p>En la ESPOL, se ofrecen diferentes servicios para precautelar la salud de la Comunidad Polit\u00e9cnica: Atenci\u00f3n M\u00e9dica General Atenci\u00f3n Psicol\u00f3gica Laboratorio Cl\u00ednico Laboratorio de Rayos X Atenci\u00f3n Odontol\u00f3gica Seguro de Accidentes Estudiantil ELABORACI\u00d3N DE FICHA M\u00c9DICA ESTUDIANTIL Los estudiantes que &hellip; <a href=\"https:\/\/blog.espol.edu.ec\/vaeb\/bienestar-estudiantil\/salud\/\">Sigue leyendo <span class=\"meta-nav\">&rarr;<\/span><\/a><\/p>\n","protected":false},"author":715,"featured_media":0,"parent":841,"menu_order":4,"comment_status":"open","ping_status":"open","template":"","meta":{"_monsterinsights_skip_tracking":false,"_monsterinsights_sitenote_active":false,"_monsterinsights_sitenote_note":"","_monsterinsights_sitenote_category":0,"footnotes":""},"class_list":["post-329","page","type-page","status-publish","hentry"],"_links":{"self":[{"href":"https:\/\/blog.espol.edu.ec\/vaeb\/wp-json\/wp\/v2\/pages\/329","targetHints":{"allow":["GET"]}}],"collection":[{"href":"https:\/\/blog.espol.edu.ec\/vaeb\/wp-json\/wp\/v2\/pages"}],"about":[{"href":"https:\/\/blog.espol.edu.ec\/vaeb\/wp-json\/wp\/v2\/types\/page"}],"author":[{"embeddable":true,"href":"https:\/\/blog.espol.edu.ec\/vaeb\/wp-json\/wp\/v2\/users\/715"}],"replies":[{"embeddable":true,"href":"https:\/\/blog.espol.edu.ec\/vaeb\/wp-json\/wp\/v2\/comments?post=329"}],"version-history":[{"count":24,"href":"https:\/\/blog.espol.edu.ec\/vaeb\/wp-json\/wp\/v2\/pages\/329\/revisions"}],"predecessor-version":[{"id":961,"href":"https:\/\/blog.espol.edu.ec\/vaeb\/wp-json\/wp\/v2\/pages\/329\/revisions\/961"}],"up":[{"embeddable":true,"href":"https:\/\/blog.espol.edu.ec\/vaeb\/wp-json\/wp\/v2\/pages\/841"}],"wp:attachment":[{"href":"https:\/\/blog.espol.edu.ec\/vaeb\/wp-json\/wp\/v2\/media?parent=329"}],"curies":[{"name":"wp","href":"https:\/\/api.w.org\/{rel}","templated":true}]}}