{"id":335,"date":"2010-04-05T16:12:41","date_gmt":"2010-04-05T21:12:41","guid":{"rendered":"http:\/\/blog.espol.edu.ec\/vaeb\/?page_id=335"},"modified":"2010-04-05T16:12:41","modified_gmt":"2010-04-05T21:12:41","slug":"atencion-psicologica","status":"publish","type":"page","link":"https:\/\/blog.espol.edu.ec\/vaeb\/bienestar-estudiantil\/salud\/atencion-psicologica\/","title":{"rendered":"Atenci\u00f3n Psicol\u00f3gica"},"content":{"rendered":"<p><span style=\"color: #000000\">La atenci\u00f3n psicol\u00f3gica es gratuita, y es brindada por Jorge Crusellas Sierra, Psic\u00f3logo Cl\u00ednico y Deportivo, quien ofrece los siguientes servicios:<\/span><\/p>\n<ul>\n<li><span style=\"color: #000000\">Atenci\u00f3n Psicol\u00f3gica<\/span><\/li>\n<li><span style=\"color: #000000\">Problemas Individuales<\/span><\/li>\n<li><span style=\"color: #000000\">Problemas Familiares<\/span><\/li>\n<li><span style=\"color: #000000\">Orientaci\u00f3n y Terapias Sexuales<\/span><\/li>\n<li><span style=\"color: #000000\">Terapias de Pareja<\/span><\/li>\n<li><span style=\"color: #000000\">Psicolog\u00eda Deportiva<\/span><\/li>\n<li><span style=\"color: #000000\">Problemas de Estudio<\/span><\/li>\n<\/ul>\n<p><span style=\"color: #000000\"><br \/>\n<\/span><\/p>\n<p><strong><span style=\"text-decoration: underline\"><span style=\"color: #000000\">HORARIOS DE ATENCI\u00d3N<\/span><\/span><\/strong><\/p>\n<p><span style=\"color: #333399\"><strong><em>Campus Prosperina<\/em><\/strong><\/span><\/p>\n<p>Mi\u00e9rcoles, de 08h00 a 13h00<\/p>\n<p>(Dispensario M\u00e9dico)<\/p>\n<p><span style=\"color: #333399\"><strong><em>Campus Las Pe\u00f1as<\/em><\/strong><\/span><\/p>\n<p>Jueves, de 08h00 a 13h00<\/p>\n<p>(Biblioteca)<\/p>\n","protected":false},"excerpt":{"rendered":"<p>La atenci\u00f3n psicol\u00f3gica es gratuita, y es brindada por Jorge Crusellas Sierra, Psic\u00f3logo Cl\u00ednico y Deportivo, quien ofrece los siguientes servicios: Atenci\u00f3n Psicol\u00f3gica Problemas Individuales Problemas Familiares Orientaci\u00f3n y Terapias Sexuales Terapias de Pareja Psicolog\u00eda Deportiva Problemas de Estudio HORARIOS &hellip; <a href=\"https:\/\/blog.espol.edu.ec\/vaeb\/bienestar-estudiantil\/salud\/atencion-psicologica\/\">Sigue leyendo <span class=\"meta-nav\">&rarr;<\/span><\/a><\/p>\n","protected":false},"author":715,"featured_media":0,"parent":329,"menu_order":0,"comment_status":"open","ping_status":"open","template":"","meta":{"_monsterinsights_skip_tracking":false,"_monsterinsights_sitenote_active":false,"_monsterinsights_sitenote_note":"","_monsterinsights_sitenote_category":0,"footnotes":""},"class_list":["post-335","page","type-page","status-publish","hentry"],"_links":{"self":[{"href":"https:\/\/blog.espol.edu.ec\/vaeb\/wp-json\/wp\/v2\/pages\/335","targetHints":{"allow":["GET"]}}],"collection":[{"href":"https:\/\/blog.espol.edu.ec\/vaeb\/wp-json\/wp\/v2\/pages"}],"about":[{"href":"https:\/\/blog.espol.edu.ec\/vaeb\/wp-json\/wp\/v2\/types\/page"}],"author":[{"embeddable":true,"href":"https:\/\/blog.espol.edu.ec\/vaeb\/wp-json\/wp\/v2\/users\/715"}],"replies":[{"embeddable":true,"href":"https:\/\/blog.espol.edu.ec\/vaeb\/wp-json\/wp\/v2\/comments?post=335"}],"version-history":[{"count":1,"href":"https:\/\/blog.espol.edu.ec\/vaeb\/wp-json\/wp\/v2\/pages\/335\/revisions"}],"predecessor-version":[{"id":336,"href":"https:\/\/blog.espol.edu.ec\/vaeb\/wp-json\/wp\/v2\/pages\/335\/revisions\/336"}],"up":[{"embeddable":true,"href":"https:\/\/blog.espol.edu.ec\/vaeb\/wp-json\/wp\/v2\/pages\/329"}],"wp:attachment":[{"href":"https:\/\/blog.espol.edu.ec\/vaeb\/wp-json\/wp\/v2\/media?parent=335"}],"curies":[{"name":"wp","href":"https:\/\/api.w.org\/{rel}","templated":true}]}}