{"id":349,"date":"2010-04-08T09:37:25","date_gmt":"2010-04-08T14:37:25","guid":{"rendered":"http:\/\/blog.espol.edu.ec\/vaeb\/?page_id=349"},"modified":"2010-11-10T01:24:26","modified_gmt":"2010-11-10T06:24:26","slug":"seguro-de-accidentes-estudiantil","status":"publish","type":"page","link":"https:\/\/blog.espol.edu.ec\/vaeb\/bienestar-estudiantil\/salud\/seguro-de-accidentes-estudiantil\/","title":{"rendered":"Seguro de Accidentes Estudiantil"},"content":{"rendered":"<p><a href=\"http:\/\/blog.espol.edu.ec\/vaeb\/files\/2010\/04\/seguroestudiantil-copia.jpg\"><img loading=\"lazy\" decoding=\"async\" class=\"aligncenter size-full wp-image-350\" title=\"seguroestudiantil - copia\" src=\"http:\/\/blog.espol.edu.ec\/vaeb\/files\/2010\/04\/seguroestudiantil-copia.jpg\" alt=\"\" width=\"616\" height=\"566\" srcset=\"https:\/\/blog.espol.edu.ec\/vaeb\/files\/2010\/04\/seguroestudiantil-copia.jpg 616w, https:\/\/blog.espol.edu.ec\/vaeb\/files\/2010\/04\/seguroestudiantil-copia-300x275.jpg 300w\" sizes=\"auto, (max-width: 616px) 100vw, 616px\" \/><\/a><\/p>\n<p><span style=\"color: #000000\">Para poder hacer uso del seguro, se debe presentar una solicitud en especie valorada\u00a0 al VAEB, quien pondr\u00e1 el decreto correspondiente para que se d\u00e9 el tr\u00e1mite correspondiente y luego con esta solicitud, se debe acercar a la Vicepresidencia Financiera para continuar el tr\u00e1mite con la Ing. Dolores Garc\u00e9s.<\/span><\/p>\n<h2 style=\"text-align: center\"><span style=\"text-decoration: underline\"><strong><span style=\"color: #000000\">CERTIFICADO DE SEGURO DE ACCIDENTES<\/span><\/strong><\/span><\/h2>\n<p><span style=\"color: #000000\">Si alg\u00fan estudiante desea obtener un certificado de que est\u00e1 asegurado contra accidente, debe realizar lo siguiente:<\/span><\/p>\n<ul>\n<li><span style=\"color: #000000\">Acercarse al VAEB con el carnet estudiantil<\/span><\/li>\n<li><span style=\"color: #000000\">En el VAEB le imprimir\u00e1n un certificado que debe llevarlo a la Vicepresidencia Financiera para que le sea puesto el visto bueno de la Ing. Dolores Garc\u00e9s.<\/span><\/li>\n<li><span style=\"color: #000000\">Luego debe regresar al VAEB para que el Vicerrector firme el certificado<\/span><\/li>\n<\/ul>\n<p><span style=\"color: #000000\"><em>Nota: para que sea emitido dicho certificado el estudiante debe tener la matr\u00edcula activa y haberse registrado en el \u00faltimo semestre acad\u00e9mico (el vacacional no cuenta)<\/em><\/span><\/p>\n","protected":false},"excerpt":{"rendered":"<p>Para poder hacer uso del seguro, se debe presentar una solicitud en especie valorada\u00a0 al VAEB, quien pondr\u00e1 el decreto correspondiente para que se d\u00e9 el tr\u00e1mite correspondiente y luego con esta solicitud, se debe acercar a la Vicepresidencia Financiera &hellip; <a href=\"https:\/\/blog.espol.edu.ec\/vaeb\/bienestar-estudiantil\/salud\/seguro-de-accidentes-estudiantil\/\">Sigue leyendo <span class=\"meta-nav\">&rarr;<\/span><\/a><\/p>\n","protected":false},"author":715,"featured_media":0,"parent":329,"menu_order":0,"comment_status":"open","ping_status":"open","template":"","meta":{"_monsterinsights_skip_tracking":false,"_monsterinsights_sitenote_active":false,"_monsterinsights_sitenote_note":"","_monsterinsights_sitenote_category":0,"footnotes":""},"class_list":["post-349","page","type-page","status-publish","hentry"],"_links":{"self":[{"href":"https:\/\/blog.espol.edu.ec\/vaeb\/wp-json\/wp\/v2\/pages\/349","targetHints":{"allow":["GET"]}}],"collection":[{"href":"https:\/\/blog.espol.edu.ec\/vaeb\/wp-json\/wp\/v2\/pages"}],"about":[{"href":"https:\/\/blog.espol.edu.ec\/vaeb\/wp-json\/wp\/v2\/types\/page"}],"author":[{"embeddable":true,"href":"https:\/\/blog.espol.edu.ec\/vaeb\/wp-json\/wp\/v2\/users\/715"}],"replies":[{"embeddable":true,"href":"https:\/\/blog.espol.edu.ec\/vaeb\/wp-json\/wp\/v2\/comments?post=349"}],"version-history":[{"count":6,"href":"https:\/\/blog.espol.edu.ec\/vaeb\/wp-json\/wp\/v2\/pages\/349\/revisions"}],"predecessor-version":[{"id":358,"href":"https:\/\/blog.espol.edu.ec\/vaeb\/wp-json\/wp\/v2\/pages\/349\/revisions\/358"}],"up":[{"embeddable":true,"href":"https:\/\/blog.espol.edu.ec\/vaeb\/wp-json\/wp\/v2\/pages\/329"}],"wp:attachment":[{"href":"https:\/\/blog.espol.edu.ec\/vaeb\/wp-json\/wp\/v2\/media?parent=349"}],"curies":[{"name":"wp","href":"https:\/\/api.w.org\/{rel}","templated":true}]}}