{"id":797,"date":"2010-06-10T01:18:24","date_gmt":"2010-06-10T06:18:24","guid":{"rendered":"http:\/\/blog.espol.edu.ec\/vaeb\/?page_id=797"},"modified":"2010-11-10T02:12:36","modified_gmt":"2010-11-10T07:12:36","slug":"nuestro-personal-de-salud","status":"publish","type":"page","link":"https:\/\/blog.espol.edu.ec\/vaeb\/bienestar-estudiantil\/salud\/atencion-medica-y-enfermeria\/nuestro-personal-de-salud\/","title":{"rendered":"Nuestro Personal de Salud"},"content":{"rendered":"<p><strong>CARMEN TRUJILLO\u00a0 IZURIETA<\/strong><br \/>\nLCDA. MSC.\u00a0 EN GERENCIA DE SALUD<br \/>\n<a href=\"http:\/\/blog.espol.edu.ec\/vaeb\/files\/2010\/11\/CARMEN-TRUJILLO_S.jpg\"><img loading=\"lazy\" decoding=\"async\" class=\"aligncenter size-full wp-image-798\" title=\"CARMEN TRUJILLO_S\" src=\"http:\/\/blog.espol.edu.ec\/vaeb\/files\/2010\/11\/CARMEN-TRUJILLO_S.jpg\" alt=\"\" width=\"336\" height=\"366\" srcset=\"https:\/\/blog.espol.edu.ec\/vaeb\/files\/2010\/11\/CARMEN-TRUJILLO_S.jpg 336w, https:\/\/blog.espol.edu.ec\/vaeb\/files\/2010\/11\/CARMEN-TRUJILLO_S-275x300.jpg 275w\" sizes=\"auto, (max-width: 336px) 100vw, 336px\" \/><\/a><br \/>\nHORARIO DE ATENCI\u00d3N: 08H00 A 16H00.<br \/>\nDE LUNES A VIERNES<\/p>\n<ul>\n<li>ATENCI\u00d3N DIRECTA AL PACIENTE<\/li>\n<li>CURACIONES<\/li>\n<li>PLANIFICACION Y EJECUCI\u00d3N DE VACUNAS<\/li>\n<li>TOMA DE ELECTROCARDIOGRAMAS<\/li>\n<li>CONTROL DE GLICEMIA CAPILAR<\/li>\n<li>NEBULIZACI\u00d3N<\/li>\n<li>CONTROL DE CONSTANTES VITALES<\/li>\n<\/ul>\n<p><strong>SONIA VARGAS Y AYUDANTES<\/strong><\/p>\n<p><a href=\"http:\/\/blog.espol.edu.ec\/vaeb\/files\/2010\/11\/VARGAS_S.jpg\"><img loading=\"lazy\" decoding=\"async\" class=\"aligncenter size-full wp-image-799\" title=\"VARGAS_S\" src=\"http:\/\/blog.espol.edu.ec\/vaeb\/files\/2010\/11\/VARGAS_S.jpg\" alt=\"\" width=\"404\" height=\"336\" srcset=\"https:\/\/blog.espol.edu.ec\/vaeb\/files\/2010\/11\/VARGAS_S.jpg 404w, https:\/\/blog.espol.edu.ec\/vaeb\/files\/2010\/11\/VARGAS_S-300x249.jpg 300w\" sizes=\"auto, (max-width: 404px) 100vw, 404px\" \/><\/a><\/p>\n<ul>\n<li>INGRESOS DE DATOS PERSONALES DE\u00a0 HISTORIAS CL\u00cdNICAS DE SERVIDORES Y TRABAJADORES DE LA ESPOL<\/li>\n<li>INGRESOS DE DATOS PERSONALES DE FICHAS M\u00c9DICAS\u00a0 DE ESTUDIANTES<\/li>\n<li>REGISTRO DE CITAS EN EL SISTEMA MEDICAL CONTROL DE LAS HISTORIAS CL\u00cdNICAS<\/li>\n<li>DESPACHO DE MEDICAMENTO EN EL SISITEMA DE BODEGA 3<\/li>\n<li>CONTROL DE ARCHIVO DE CARPETAS DE PACIENTES<\/li>\n<li>DIGITACI\u00d3N DE OFICIOS, PEDIDOS Y DOCUMENTOS VARIOS<\/li>\n<li>ELABORACI\u00d3N DE INFORMES MENSUALES DE ENFERMER\u00cdA<\/li>\n<li>DESPACHO DE MEDICAMENTO<\/li>\n<li>PREPARACI\u00d3N DE MATERIALES E INSTRUMENTOS DE ENFERMER\u00cdA<\/li>\n<\/ul>\n<p><strong>DRA. PATRICIA POVEDA VELASCO<\/strong><\/p>\n<p>HORARIO DE ATENCI\u00d3N: 08H00 A 13H00<br \/>\nDE LUNES A VIERNES<\/p>\n<p><a href=\"http:\/\/blog.espol.edu.ec\/vaeb\/files\/2010\/11\/POVEDA_S.jpg\"><img loading=\"lazy\" decoding=\"async\" class=\"aligncenter size-full wp-image-800\" title=\"POVEDA_S\" src=\"http:\/\/blog.espol.edu.ec\/vaeb\/files\/2010\/11\/POVEDA_S.jpg\" alt=\"\" width=\"448\" height=\"315\" srcset=\"https:\/\/blog.espol.edu.ec\/vaeb\/files\/2010\/11\/POVEDA_S.jpg 448w, https:\/\/blog.espol.edu.ec\/vaeb\/files\/2010\/11\/POVEDA_S-300x210.jpg 300w\" sizes=\"auto, (max-width: 448px) 100vw, 448px\" \/><\/a><br \/>\nLA ATENCI\u00d3N QUE SE BRINDA ES LA SIGUIENTE:<\/p>\n<ul>\n<li>CONSULTA M\u00c9DICA Y EMERGENCIAS<\/li>\n<li>ELABORACI\u00d3N DE FICHAS M\u00c9DICAS<\/li>\n<li>REALIZACI\u00d3N DE INTERCONSULTAS PARA EL IESS<\/li>\n<li>COORDINADORA DEL PROGRAMA DE MEDICINA PREVENTIVA<\/li>\n<li>ASESORAMIENTO DE VIH<\/li>\n<li>CONTROL DE ENFERMEDADES DIAGN\u00d3STICO Y TRATAMIENTO<\/li>\n<li>VISITAS M\u00c9DICAS A LOS PACIENTES HOSPITALIZADOS<\/li>\n<\/ul>\n<p>DR. NAPOLE\u00d3N MOLINA ADUM<br \/>\nHORARIO DE ATENCI\u00d3N: 13H00 A 17H00<br \/>\nDE LUNES A VIERNES<br \/>\nDR. V\u00cdCTOR MARCILLO GALLINO<br \/>\nHORARIO DE ATENCI\u00d3N: 17H00 A 22H00<br \/>\nDE LUNES A VIERNES (PARADERO DE LA FEN).<\/p>\n<p>DRS. EN\u00a0 MEDICINA GENERAL<\/p>\n<p>LA ATENCI\u00d3N QUE BRINDAN ES LA SIGUIENTE:<\/p>\n<ul>\n<li>CONSULTA M\u00c9DICA Y EMERGENCIAS<\/li>\n<li>ELABORACI\u00d3N DE FICHAS M\u00c9DICAS<\/li>\n<li>REALIZACI\u00d3N DE INTERCONSULTAS PARA EL IESS<\/li>\n<li>CONTROL DE ENFERMEDADES DIAGN\u00d3STICO Y TRATAMIENTO<\/li>\n<\/ul>\n<p>LCDA. CARMEN BURBANO\u00a0 S.<\/p>\n<ul>\n<li>LAS FUNCIONES DE LA TRABAJADORA SOCIAL EST\u00c1N DIRIGIDAS A LAS \u00c1REAS LABORAL Y ESTUDIANTIL<\/li>\n<li>TRABAJAR EN EQUIPO INTERDISCIPLINARIO CON LOS M\u00c9DICOS DE LA ESPOL EN LA PLANIFICACI\u00d3N ANUAL DE PROGRAMAS DE MEDICINA PREVENTIVA.<\/li>\n<li>TRASLADO O ACOMPA\u00d1AMIENTO DE PACIENTES A HOSPITALES EN CASOS DE EMERGENCIA.<\/li>\n<li>CONSEJERA Y PROMOTORA DE RESPUESTAS AL VIH-SIDA.<\/li>\n<\/ul>\n","protected":false},"excerpt":{"rendered":"<p>CARMEN TRUJILLO\u00a0 IZURIETA LCDA. MSC.\u00a0 EN GERENCIA DE SALUD HORARIO DE ATENCI\u00d3N: 08H00 A 16H00. DE LUNES A VIERNES ATENCI\u00d3N DIRECTA AL PACIENTE CURACIONES PLANIFICACION Y EJECUCI\u00d3N DE VACUNAS TOMA DE ELECTROCARDIOGRAMAS CONTROL DE GLICEMIA CAPILAR NEBULIZACI\u00d3N CONTROL DE CONSTANTES &hellip; <a href=\"https:\/\/blog.espol.edu.ec\/vaeb\/bienestar-estudiantil\/salud\/atencion-medica-y-enfermeria\/nuestro-personal-de-salud\/\">Sigue leyendo <span class=\"meta-nav\">&rarr;<\/span><\/a><\/p>\n","protected":false},"author":715,"featured_media":0,"parent":363,"menu_order":0,"comment_status":"open","ping_status":"open","template":"","meta":{"_monsterinsights_skip_tracking":false,"_monsterinsights_sitenote_active":false,"_monsterinsights_sitenote_note":"","_monsterinsights_sitenote_category":0,"footnotes":""},"class_list":["post-797","page","type-page","status-publish","hentry"],"_links":{"self":[{"href":"https:\/\/blog.espol.edu.ec\/vaeb\/wp-json\/wp\/v2\/pages\/797","targetHints":{"allow":["GET"]}}],"collection":[{"href":"https:\/\/blog.espol.edu.ec\/vaeb\/wp-json\/wp\/v2\/pages"}],"about":[{"href":"https:\/\/blog.espol.edu.ec\/vaeb\/wp-json\/wp\/v2\/types\/page"}],"author":[{"embeddable":true,"href":"https:\/\/blog.espol.edu.ec\/vaeb\/wp-json\/wp\/v2\/users\/715"}],"replies":[{"embeddable":true,"href":"https:\/\/blog.espol.edu.ec\/vaeb\/wp-json\/wp\/v2\/comments?post=797"}],"version-history":[{"count":2,"href":"https:\/\/blog.espol.edu.ec\/vaeb\/wp-json\/wp\/v2\/pages\/797\/revisions"}],"predecessor-version":[{"id":815,"href":"https:\/\/blog.espol.edu.ec\/vaeb\/wp-json\/wp\/v2\/pages\/797\/revisions\/815"}],"up":[{"embeddable":true,"href":"https:\/\/blog.espol.edu.ec\/vaeb\/wp-json\/wp\/v2\/pages\/363"}],"wp:attachment":[{"href":"https:\/\/blog.espol.edu.ec\/vaeb\/wp-json\/wp\/v2\/media?parent=797"}],"curies":[{"name":"wp","href":"https:\/\/api.w.org\/{rel}","templated":true}]}}