{"id":13,"date":"2016-10-16T22:47:28","date_gmt":"2016-10-16T22:47:28","guid":{"rendered":"http:\/\/blog.espol.edu.ec\/vanessaloor\/?page_id=13"},"modified":"2016-10-23T04:01:14","modified_gmt":"2016-10-23T04:01:14","slug":"bibliografia","status":"publish","type":"page","link":"https:\/\/blog.espol.edu.ec\/vanessaloor\/bibliografia\/","title":{"rendered":"Bibliograf\u00eda"},"content":{"rendered":"<p style=\"text-align: left\"><b>San Vicente<\/b> es el cant\u00f3n m\u00e1s joven de la <a title=\"Provincia de Manab\u00ed\" href=\"https:\/\/es.wikipedia.org\/wiki\/Provincia_de_Manab%C3%AD\">Provincia de Manab\u00ed<\/a>, creado como tal el <a title=\"16 de noviembre\" href=\"https:\/\/es.wikipedia.org\/wiki\/16_de_noviembre\">16 de noviembre<\/a> de <a title=\"1999\" href=\"https:\/\/es.wikipedia.org\/wiki\/1999\">1999<\/a>, tras largas gestiones de los ciudadanos. Posee 2 parroquias: San Vicente, la cabecera cantonal como parroquia urbana y Canoa, como parroquia rural. Esta \u00faltima es uno de los lugares preferidos de los turistas nacionales y extranjeros, debido a sus hermosas playas y sitios para visitar.<\/p>\n","protected":false},"excerpt":{"rendered":"<p>San Vicente es el cant\u00f3n m\u00e1s joven de la Provincia de Manab\u00ed, creado como tal el 16 de noviembre de 1999, tras largas gestiones de los ciudadanos. Posee 2 parroquias: San Vicente, la cabecera cantonal como parroquia urbana y Canoa, como parroquia rural. Esta \u00faltima es uno de los lugares preferidos de los turistas nacionales [&hellip;]<\/p>\n","protected":false},"author":10530,"featured_media":0,"parent":0,"menu_order":0,"comment_status":"closed","ping_status":"closed","template":"","meta":{"footnotes":""},"class_list":["post-13","page","type-page","status-publish","hentry"],"_links":{"self":[{"href":"https:\/\/blog.espol.edu.ec\/vanessaloor\/wp-json\/wp\/v2\/pages\/13","targetHints":{"allow":["GET"]}}],"collection":[{"href":"https:\/\/blog.espol.edu.ec\/vanessaloor\/wp-json\/wp\/v2\/pages"}],"about":[{"href":"https:\/\/blog.espol.edu.ec\/vanessaloor\/wp-json\/wp\/v2\/types\/page"}],"author":[{"embeddable":true,"href":"https:\/\/blog.espol.edu.ec\/vanessaloor\/wp-json\/wp\/v2\/users\/10530"}],"replies":[{"embeddable":true,"href":"https:\/\/blog.espol.edu.ec\/vanessaloor\/wp-json\/wp\/v2\/comments?post=13"}],"version-history":[{"count":4,"href":"https:\/\/blog.espol.edu.ec\/vanessaloor\/wp-json\/wp\/v2\/pages\/13\/revisions"}],"predecessor-version":[{"id":41,"href":"https:\/\/blog.espol.edu.ec\/vanessaloor\/wp-json\/wp\/v2\/pages\/13\/revisions\/41"}],"wp:attachment":[{"href":"https:\/\/blog.espol.edu.ec\/vanessaloor\/wp-json\/wp\/v2\/media?parent=13"}],"curies":[{"name":"wp","href":"https:\/\/api.w.org\/{rel}","templated":true}]}}