{"id":48,"date":"2016-10-25T03:49:28","date_gmt":"2016-10-25T03:49:28","guid":{"rendered":"http:\/\/blog.espol.edu.ec\/vanessaloor\/?page_id=48"},"modified":"2016-10-25T03:49:28","modified_gmt":"2016-10-25T03:49:28","slug":"playa-de-canoa","status":"publish","type":"page","link":"https:\/\/blog.espol.edu.ec\/vanessaloor\/playa-de-canoa\/","title":{"rendered":"Playa de Canoa"},"content":{"rendered":"<table border=\"0\" width=\"706\" cellspacing=\"0\" cellpadding=\"0\">\n<tbody>\n<tr>\n<td class=\"TITULO_PRINCIPAL\" style=\"text-align: center\" align=\"center\"><strong>Playa de Canoa<\/strong><\/td>\n<\/tr>\n<\/tbody>\n<\/table>\n<table border=\"0\" width=\"706\" cellspacing=\"0\" cellpadding=\"0\">\n<tbody>\n<tr>\n<td class=\"SUBTITULOS\" style=\"text-align: center\" align=\"center\" height=\"45\"><strong>Informaci\u00f3n\u00a0Tur\u00edstica<\/strong><\/td>\n<\/tr>\n<\/tbody>\n<\/table>\n<table border=\"0\" width=\"706\" cellspacing=\"0\" cellpadding=\"0\">\n<tbody>\n<tr>\n<td class=\"SUBTITULOS\"><strong>Canoa, Manabi, Ecuador<\/strong><\/td>\n<\/tr>\n<\/tbody>\n<\/table>\n<table style=\"height: 883px\" border=\"0\" width=\"533\" cellspacing=\"0\" cellpadding=\"0\">\n<tbody>\n<tr>\n<td class=\"parrafo\" height=\"85\">\n<div align=\"justify\">\n<p>La playa de Canoa es un para\u00edso de 17 kil\u00f3metros de tranquilidad, naturaleza y diversi\u00f3n en la provincia de\u00a0Manab\u00ed, cerca de la ciudad de\u00a0Bah\u00eda de Car\u00e1quez y San Vicente. El\u00a0ecoturismo\u00a0y las excelentes olas para surfistas son algunas de las principales ofertas de este lugar.<\/p>\n<p>El poblado tiene una vida nocturna muy activa. Las chozas a lo largo de la playa de arena blanca albergan clubes y restaurantes donde se sirven hasta altas horas de la noche platos y bebidas locales.<\/p>\n<p>Su geograf\u00eda es propicia para volar en alas delta y\u00a0parapente, saltando desde el acantilado sobre la playa. En sobrevuelos hasta el extremo norte se pasa por una cueva que es el hogar de descanso de los murci\u00e9lagos y de piqueros de patas azules\u00a0que se puede visitar cuando la marea est\u00e1 baja.<\/p>\n<p>La playa se caracteriza por su extensa arena blanca que cubre alrededor de 17 kil\u00f3metros de longitud llegando a la playa de Brice\u00f1o y San Vicente.<\/p>\n<p>Tambi\u00e9n se pueden alquilar bicicletas en algunos hoteles, puede recorrer la ciclovia Canoa - Brice\u00f1o - San Vicente - Bahia, cruzar el puente los Caras, todo el recorrido es por la ciclovia en buen estado.<\/p>\n<p>Los s\u00e1bados hay un mercado de productos org\u00e1nicos en la carretera principal.<\/p>\n<p>La mejor \u00e9poca para surfear es entre diciembre a mayo, cuando las olas alcanzan dos metros o m\u00e1s de altura y las condiciones para el\u00a0surf\u00a0y la nataci\u00f3n son las mejores.<\/p>\n<\/div>\n<p align=\"justify\">Algunas opciones desde la Playa de Canoa con nosotros son: Alquiler de bicicletas, Excursion en bicicleta, Cabalgata, Kayak, Pesca, Clases de surf, entre otros tours de full day a las Cascadas y Reservas Naturales.<\/p>\n<p align=\"justify\">\u00a0<img loading=\"lazy\" decoding=\"async\" class=\"aligncenter size-full wp-image-49\" src=\"http:\/\/blog.espol.edu.ec\/vanessaloor\/files\/2016\/10\/CANOA_SURF.jpg\" alt=\"canoa_surf\" width=\"700\" height=\"355\" srcset=\"https:\/\/blog.espol.edu.ec\/vanessaloor\/files\/2016\/10\/CANOA_SURF.jpg 700w, https:\/\/blog.espol.edu.ec\/vanessaloor\/files\/2016\/10\/CANOA_SURF-300x152.jpg 300w\" sizes=\"auto, (max-width: 700px) 100vw, 700px\" \/><\/p>\n<\/td>\n<\/tr>\n<\/tbody>\n<\/table>\n<p>&nbsp;<\/p>\n","protected":false},"excerpt":{"rendered":"<p>Playa de Canoa Informaci\u00f3n\u00a0Tur\u00edstica Canoa, Manabi, Ecuador La playa de Canoa es un para\u00edso de 17 kil\u00f3metros de tranquilidad, naturaleza y diversi\u00f3n en la provincia de\u00a0Manab\u00ed, cerca de la ciudad de\u00a0Bah\u00eda de Car\u00e1quez y San Vicente. El\u00a0ecoturismo\u00a0y las excelentes olas para surfistas son algunas de las principales ofertas de este lugar. El poblado tiene una [&hellip;]<\/p>\n","protected":false},"author":10530,"featured_media":0,"parent":0,"menu_order":0,"comment_status":"closed","ping_status":"closed","template":"","meta":{"footnotes":""},"class_list":["post-48","page","type-page","status-publish","hentry"],"_links":{"self":[{"href":"https:\/\/blog.espol.edu.ec\/vanessaloor\/wp-json\/wp\/v2\/pages\/48","targetHints":{"allow":["GET"]}}],"collection":[{"href":"https:\/\/blog.espol.edu.ec\/vanessaloor\/wp-json\/wp\/v2\/pages"}],"about":[{"href":"https:\/\/blog.espol.edu.ec\/vanessaloor\/wp-json\/wp\/v2\/types\/page"}],"author":[{"embeddable":true,"href":"https:\/\/blog.espol.edu.ec\/vanessaloor\/wp-json\/wp\/v2\/users\/10530"}],"replies":[{"embeddable":true,"href":"https:\/\/blog.espol.edu.ec\/vanessaloor\/wp-json\/wp\/v2\/comments?post=48"}],"version-history":[{"count":5,"href":"https:\/\/blog.espol.edu.ec\/vanessaloor\/wp-json\/wp\/v2\/pages\/48\/revisions"}],"predecessor-version":[{"id":54,"href":"https:\/\/blog.espol.edu.ec\/vanessaloor\/wp-json\/wp\/v2\/pages\/48\/revisions\/54"}],"wp:attachment":[{"href":"https:\/\/blog.espol.edu.ec\/vanessaloor\/wp-json\/wp\/v2\/media?parent=48"}],"curies":[{"name":"wp","href":"https:\/\/api.w.org\/{rel}","templated":true}]}}