{"id":35,"date":"2014-04-19T14:11:46","date_gmt":"2014-04-19T14:11:46","guid":{"rendered":"http:\/\/blog.espol.edu.ec\/vaniscam\/?page_id=35"},"modified":"2014-04-19T14:11:46","modified_gmt":"2014-04-19T14:11:46","slug":"home","status":"publish","type":"page","link":"https:\/\/blog.espol.edu.ec\/vaniscam\/home\/","title":{"rendered":"HOME"},"content":{"rendered":"<h2><a title=\"Permanent Link to \u00bfEn qu\u00e9 se diferencia LibertaGia?\" href=\"http:\/\/blog.espol.edu.ec\/jeanma111\/2014\/03\/26\/en-que-se-diferencia-libertagia\/\" rel=\"bookmark\">\u00bfEn qu\u00e9 se diferencia LibertaGia?<\/a><\/h2>\n<p><a href=\"http:\/\/blog.espol.edu.ec\/vaniscam\/files\/2014\/04\/exito-300x121.jpg\"><img loading=\"lazy\" decoding=\"async\" class=\"alignnone size-full wp-image-36\" alt=\"exito-300x121\" src=\"http:\/\/blog.espol.edu.ec\/vaniscam\/files\/2014\/04\/exito-300x121.jpg\" width=\"300\" height=\"121\" \/><\/a><\/p>\n<ul>\n<li>Lo primero que salta a la vista y que diferencia a esta Empresa de otras que ofrecen trabajar en marketing online, es que no tendr\u00e1s que invertir para registrarte y comenzar a trabajar con ella. Esto da la oportunidad de conocerla, saber c\u00f3mo funciona y dilucidar las dudas que puedan tenerse finalmente convertirse en un networker con LibertaGia.<\/li>\n<li>LibertaGia combina las caracter\u00edsticas del multinivel online con el multinivel tradicional, transformando este modelo y d\u00e1ndole un giro a los negocios por Internet tal y como los conocemos. Se puede iniciar y desarrollar un negocio sin gastar nunca dinero de tu bolsillo.<\/li>\n<li>Da la opci\u00f3n de evolucionar en el negocio, subiendo de nivel al adquirir paquetes mejor remunerados y con mayores beneficios, sin gastar solo auto-financi\u00e1ndote.<\/li>\n<li>Se trabaja de tres formas distintas:<\/li>\n<\/ul>\n<p>Promotor de Ventas ofreciendo productos de excelente calidad desde la comodidad de tu casa. Los productos que se comercializan son Live in Box, BoxCloud, Click plus y GiaRift. Siendo promotor se recompensas por cada objetivo que se cumpla y maravillosos incentivos.<\/p>\n<p>Publicista Online comenzando desde el paquete Bronce (Gratuito) realizando tareas sencillas diariamente y ascendiendo de nivel para obtener m\u00e1s beneficios y ventajas. Es la forma de ganar dinero m\u00e1s buscada y las ventajas son much\u00edsimas.<\/p>\n<p>Formador de Equipos. Es muy bien remunerada y trata de formar una red, un equipo de trabajo con patrocinados directos. Debes compartir la oportunidad de negocio que representa LibertaGia.<\/p>\n<p>Se gana dinero por varias fuentes:<\/p>\n<p>Trabajo propio<\/p>\n<ul>\n<li>Tareas diarias: visitar p\u00e1ginas de los contrates de publicidad.<\/li>\n<li>Ventas descritas anteriormente.<\/li>\n<li>Bono de inicio r\u00e1pido: que viene a partir de la formaci\u00f3n de equipos y se gana cuando un patrocinado directo adquiere un paquete pago.<\/li>\n<\/ul>\n<p>Bonos Binarios<\/p>\n<ul>\n<li>Bono Equipo y Liderazgo: se reciben ganancias del 15% al 30% seg\u00fan el plan que se tenga y los Puntos de Ganancia de Equipo (PGE). Estos puntos se reciben cuando un patrocinado cambia a un paquete superior de pago.<\/li>\n<li>Plan carrera: se reciben ganancias de acuerdo a la cantidad de PGE que se consigan en la red.<\/li>\n<\/ul>\n<p>Bono Unilevel<\/p>\n<ul>\n<li>Bono Residual: se gana un porcentaje por los patrocinados directos los indirectos hasta una 6ta generaci\u00f3n y la cantidad de patrocinados directos con los que se gana residualmente es ilimitada.<\/li>\n<\/ul>\n<p>Como se puede ver, la f\u00f3rmula para ganar dinero como todo un especialista en marketing online siendo un networker con LibertaGia es m\u00e1s que posible con todas las oportunidades y distintas opciones que ofrece a sus afiliados.<\/p>\n<h2><a title=\"Permanent Link to Pasos para pertenecer a LibertaGia\" href=\"http:\/\/blog.espol.edu.ec\/jeanma111\/2014\/03\/26\/pasos-para-pertenecer-a-libertagia\/\" rel=\"bookmark\">Pasos para pertenecer a LibertaGia<\/a><\/h2>\n<p><a href=\"http:\/\/blog.espol.edu.ec\/vaniscam\/files\/2014\/04\/creditcard-300x158.jpg\"><img loading=\"lazy\" decoding=\"async\" class=\"alignnone size-full wp-image-37\" alt=\"creditcard-300x158\" src=\"http:\/\/blog.espol.edu.ec\/vaniscam\/files\/2014\/04\/creditcard-300x158.jpg\" width=\"300\" height=\"158\" \/><\/a><\/p>\n<p>Formar parte del equipo que compone a esta compa\u00f1\u00eda es muy sencillo, legalmente solo debes ser mayor de 18 a\u00f1os para poder ingresar. Sin embargo otro requisito que se debe tener para poder lograr el \u00e9xito en este tipo de trabajo online es ser una persona comprometida con lo que est\u00e1 haciendo, constante, que se esfuerce por lograr sus objetivos y entusiasmada por conocer y desarrollar el marketing multinivel.<\/p>\n<p>Adicionalmente a esto, no es m\u00e1s que rellenar un formulario, acceder a la p\u00e1gina de LibertaGia con un usuario, contrase\u00f1a y listo. Un dato importante es que debes venir referido por un afiliado de la compa\u00f1\u00eda que ser\u00e1 tu patrocinador y te guiara en todo el camino.<\/p>\n<p>Al rellenar tu formulario es importante proporcionar tus datos reales, ya que son el medio para comprobar que efectivamente eres quien dices ser. Una vez registrado tendr\u00e1s que comprobar tu identidad por decirlo de alg\u00fan modo y deber\u00e1s proporcionar algunos datos adicionales como tu documento de identidad o pasaporte, tu direcci\u00f3n actual y los documentos que lo avalen.<\/p>\n<p>Recuerda que LibertaGia es una empresa real, con presencia f\u00edsica en Lisboa, Portugal, apegada a un marco legal s\u00f3lido y por tanto todo proceso debe ser legalmente realizado. Aunado a esto con este proceso se demuestra que eres una persona real, evitando de este modo la multiplicidad de cuentas y el fraude.<\/p>\n<p>&nbsp;<\/p>\n<p>&nbsp;<\/p>\n","protected":false},"excerpt":{"rendered":"<p>\u00bfEn qu\u00e9 se diferencia LibertaGia? Lo primero que salta a la vista y que diferencia a esta Empresa de otras que ofrecen trabajar en marketing online, es que no tendr\u00e1s que invertir para registrarte y comenzar a trabajar con ella. Esto da la oportunidad de conocerla, saber c\u00f3mo funciona y dilucidar las dudas que puedan [&hellip;]<\/p>\n","protected":false},"author":4957,"featured_media":0,"parent":0,"menu_order":0,"comment_status":"open","ping_status":"open","template":"","meta":{"footnotes":""},"class_list":["post-35","page","type-page","status-publish","hentry"],"_links":{"self":[{"href":"https:\/\/blog.espol.edu.ec\/vaniscam\/wp-json\/wp\/v2\/pages\/35","targetHints":{"allow":["GET"]}}],"collection":[{"href":"https:\/\/blog.espol.edu.ec\/vaniscam\/wp-json\/wp\/v2\/pages"}],"about":[{"href":"https:\/\/blog.espol.edu.ec\/vaniscam\/wp-json\/wp\/v2\/types\/page"}],"author":[{"embeddable":true,"href":"https:\/\/blog.espol.edu.ec\/vaniscam\/wp-json\/wp\/v2\/users\/4957"}],"replies":[{"embeddable":true,"href":"https:\/\/blog.espol.edu.ec\/vaniscam\/wp-json\/wp\/v2\/comments?post=35"}],"version-history":[{"count":1,"href":"https:\/\/blog.espol.edu.ec\/vaniscam\/wp-json\/wp\/v2\/pages\/35\/revisions"}],"predecessor-version":[{"id":38,"href":"https:\/\/blog.espol.edu.ec\/vaniscam\/wp-json\/wp\/v2\/pages\/35\/revisions\/38"}],"wp:attachment":[{"href":"https:\/\/blog.espol.edu.ec\/vaniscam\/wp-json\/wp\/v2\/media?parent=35"}],"curies":[{"name":"wp","href":"https:\/\/api.w.org\/{rel}","templated":true}]}}