{"id":2,"date":"2010-11-24T18:55:33","date_gmt":"2010-11-24T18:55:33","guid":{"rendered":""},"modified":"2010-12-13T14:00:15","modified_gmt":"2010-12-13T14:00:15","slug":"examenes","status":"publish","type":"page","link":"https:\/\/blog.espol.edu.ec\/variasvariables\/examenes\/","title":{"rendered":"Ex\u00e1menes Varias Variables"},"content":{"rendered":"<p><span style=\"color: #003366\">En el repositorio institucional de ESPOL se encuentran m\u00e1s ex\u00e1menes de t\u00e9rminos anteriores. Visite <span style=\"color: #008000\"><a href=\"http:\/\/www.dspace.espol.edu.ec\" target=\"_blank\">www.dspace.espol.edu.ec<\/a> <\/span>para m\u00e1s recursos. Aqu\u00ed les dejo algunos links:<\/span><\/p>\n<p><span style=\"color: #ff6600\"><a href=\"http:\/\/dspace.espol.edu.ec\/handle\/123456789\/12352\" target=\"_blank\">Examen de C\u00c1LCULO DE VARIAS VARIABLES (2005) del 2010-1S de la 3\u00b0 Evaluaci\u00f3n<\/a><\/span><\/p>\n<p><span style=\"color: #ff6600\"><a href=\"http:\/\/dspace.espol.edu.ec\/handle\/123456789\/9804\">Examen de C\u00c1LCULO DE VARIAS VARIABLES (2005) del 2009-2S de la 1\u00b0 Evaluaci\u00f3n<\/a><\/span><\/p>\n<p><span style=\"color: #ff6600\"><a href=\"http:\/\/dspace.espol.edu.ec\/handle\/123456789\/7012\" target=\"_blank\">C\u00e1lculo de Varias Variables - Examen Parcial I - T\u00e9rmino II - 2008<\/a><\/span><\/p>\n<p><span style=\"color: #ff6600\"><a href=\"http:\/\/dspace.espol.edu.ec\/handle\/123456789\/7388\" target=\"_blank\">C\u00e1lculo de Varias Variables - Examen Mejoramiento - T\u00e9rmino II - 2007<\/a><\/span><\/p>\n<p><span style=\"color: #ff6600\"><br \/>\n<\/span><\/p>\n<p><a href=\"http:\/\/dspace.espol.edu.ec\"><img loading=\"lazy\" decoding=\"async\" class=\"aligncenter size-full wp-image-100\" title=\"Repositorio Institucional\" src=\"http:\/\/blog.espol.edu.ec\/variasvariables\/files\/2010\/11\/dspace.jpg\" alt=\"\" width=\"299\" height=\"230\" \/><\/a><\/p>\n","protected":false},"excerpt":{"rendered":"<p>En el repositorio institucional de ESPOL se encuentran m\u00e1s ex\u00e1menes de t\u00e9rminos anteriores. Visite www.dspace.espol.edu.ec para m\u00e1s recursos. Aqu\u00ed les dejo algunos links: Examen de C\u00c1LCULO DE VARIAS VARIABLES (2005) del 2010-1S de la 3\u00b0 Evaluaci\u00f3n Examen de C\u00c1LCULO DE VARIAS VARIABLES (2005) del 2009-2S de la 1\u00b0 Evaluaci\u00f3n C\u00e1lculo de Varias Variables - Examen [&hellip;]<\/p>\n","protected":false},"author":149,"featured_media":0,"parent":0,"menu_order":0,"comment_status":"open","ping_status":"open","template":"","meta":{"_monsterinsights_skip_tracking":false,"_monsterinsights_sitenote_active":false,"_monsterinsights_sitenote_note":"","_monsterinsights_sitenote_category":0,"footnotes":""},"class_list":["post-2","page","type-page","status-publish","hentry"],"_links":{"self":[{"href":"https:\/\/blog.espol.edu.ec\/variasvariables\/wp-json\/wp\/v2\/pages\/2","targetHints":{"allow":["GET"]}}],"collection":[{"href":"https:\/\/blog.espol.edu.ec\/variasvariables\/wp-json\/wp\/v2\/pages"}],"about":[{"href":"https:\/\/blog.espol.edu.ec\/variasvariables\/wp-json\/wp\/v2\/types\/page"}],"author":[{"embeddable":true,"href":"https:\/\/blog.espol.edu.ec\/variasvariables\/wp-json\/wp\/v2\/users\/149"}],"replies":[{"embeddable":true,"href":"https:\/\/blog.espol.edu.ec\/variasvariables\/wp-json\/wp\/v2\/comments?post=2"}],"version-history":[{"count":10,"href":"https:\/\/blog.espol.edu.ec\/variasvariables\/wp-json\/wp\/v2\/pages\/2\/revisions"}],"predecessor-version":[{"id":107,"href":"https:\/\/blog.espol.edu.ec\/variasvariables\/wp-json\/wp\/v2\/pages\/2\/revisions\/107"}],"wp:attachment":[{"href":"https:\/\/blog.espol.edu.ec\/variasvariables\/wp-json\/wp\/v2\/media?parent=2"}],"curies":[{"name":"wp","href":"https:\/\/api.w.org\/{rel}","templated":true}]}}