{"id":41,"date":"2009-06-12T16:54:00","date_gmt":"2009-06-12T20:54:00","guid":{"rendered":"http:\/\/blog.espol.edu.ec\/vavargas\/?page_id=41"},"modified":"2009-08-04T06:17:55","modified_gmt":"2009-08-04T10:17:55","slug":"maqueta-de-fisica-a","status":"publish","type":"page","link":"https:\/\/blog.espol.edu.ec\/vavargas\/maqueta-de-fisica-a\/","title":{"rendered":"Maqueta de F\u00edsica A"},"content":{"rendered":"<p>El experimento marcha a paso de soldado, el avance hasta ahora es solo teorico eligiendo materiales y recopilando ideas, teniendo en cuenta el tiempo estimado, de presentacion. Definiendo los dias de encuentro para trabajar en el proyecto, tenemos muchas ideas que emos recopilado en las cuales queremos mejorar para mejorar el dise\u00f1o de la maqueta.<\/p>\n<p>El objetivo de este proyecto impuesto\u00a0por el profesor es fomentar el conocimiento sobre la fisica basica en nuestro primer ciclo de el estudio superior, teniendo muy en cuenta el poco interes por los avances de la fisica y la utilidad de la misna en la vida\u00a0cotidiana de las personas.<\/p>\n<p>Con esto colcluye el inicio de nuestra presentac\u00f3n al proyecto con nombre:<\/p>\n<p>MOVIMIENTO DE LOS CUERPOS EN VIVO.<\/p>\n<p>Integrantes:<\/p>\n<p>Sr. Victor Vargas.<\/p>\n<p>Sr. Diego Mackliff.<\/p>\n<p>Paso una semana sin que escribieramos algo pero es que la semana pasada tuvimos examenes en la Universidad pero ya estamos listo para continuar bien no nos pudimos reunir pero si hicimos un inventario para saber ya cuanto mas o menos toca invertir en el proyecto calaculamos que seria de uno 20 dolares para empezar comprando ciertas cosas para ir definiendo lo que es el esqueleto de la maqueta.<\/p>\n<p>Aunque lo que es dise\u00f1o tenemos leves diferencia pero conforme vamos las vamos superando.<\/p>\n<p>Es pronto para decir pero como esta semana esperamos que sea un poco menos cargada\u00a0 queremos ya ir empezando a martillar bien la idea con mi compa\u00f1ero que esta algo animado despues que vio un video de una maqueta la cual tenemos pensado inspirarnos para que quede de la mejor manera.<\/p>\n<p>Tendran mas noticias sobre el avance no se preocupen pero por favos los que tengan sugerencias favorables para el proyecto dejen su comentario se los agradecere mucho.<\/p>\n<p>Martes 14\/07\/09<\/p>\n<p>Investigaci\u00f2n finalizada sobre temas como; din\u00e1mica y cinem\u00e1tica de los cuerpos en un sistema en conjunto, tambi\u00e9n hemos estudiado lo b\u00e1sico del movimiento arm\u00f3nico simple y Campo gravitacional.<\/p>\n<p>Propuestas sobre que podr\u00edamos incluir en la maqueta de cada uno para explicarlos en base a lo estudiado.<\/p>\n<p>Ya teniendo conocimento previo de estos temas:<\/p>\n<ul>\n<li><strong>CINEM\u00c1TICA DE LA PART\u00cdCULA EN UNA, DOS Y TRES DIMENSIONES.-<\/strong><\/li>\n<\/ul>\n<p>En este caso solo pondremos en pr\u00e1ctica hasta dos dimensiones, cosas b\u00e1sicas en el movimiento como la velocidad, aceleraci\u00f3n, desplazamiento, el tiempo obviamente en terminar el ciclo del movimiento.<\/p>\n<p><object width=\"425\" height=\"344\" data=\"http:\/\/www.youtube.com\/v\/0qd1uP1uRwY&amp;hl=es&amp;fs=1&amp;\" type=\"application\/x-shockwave-flash\"><param name=\"allowFullScreen\" value=\"true\" \/><param name=\"allowscriptaccess\" value=\"always\" \/><param name=\"src\" value=\"http:\/\/www.youtube.com\/v\/0qd1uP1uRwY&amp;hl=es&amp;fs=1&amp;\" \/><param name=\"allowfullscreen\" value=\"true\" \/><\/object><\/p>\n<ul>\n<li><strong>DIN\u00c1MICA DE TRASLACI\u00d3N.-<\/strong><\/li>\n<\/ul>\n<p>El estudio de las fuerzas; es la interacci\u00f3n que se entre part\u00edculas y existen en pares, solo pondremos en pr\u00e1ctica a las fuerzas externas, y la fuerza de rozamiento, tambi\u00e9n se ver\u00e1 al peso actuar como fuerza en el sistema.<\/p>\n<p><object width=\"425\" height=\"344\" data=\"http:\/\/www.youtube.com\/v\/cfiqlDPLxKc&amp;hl=es&amp;fs=1&amp;\" type=\"application\/x-shockwave-flash\"><param name=\"allowFullScreen\" value=\"true\" \/><param name=\"allowscriptaccess\" value=\"always\" \/><param name=\"src\" value=\"http:\/\/www.youtube.com\/v\/cfiqlDPLxKc&amp;hl=es&amp;fs=1&amp;\" \/><param name=\"allowfullscreen\" value=\"true\" \/><\/object><\/p>\n<ul>\n<li><strong>TRABAJO Y ENERG\u00cdA.-<\/strong><\/li>\n<\/ul>\n<p>El estudio de la conservaci\u00f3n en el estado de una part\u00edcula se hace cero y nos provee datos como velocidades, desplazamientos en cualquiera de las dimensiones estudiadas. Estaran presente; Energ\u00eda mec\u00e1nica gravitacional, cin\u00e9tica, el\u00e1stica (resorte).<br \/>\n<object width=\"425\" height=\"344\" data=\"http:\/\/www.youtube.com\/v\/eNqlftUhkHs&amp;hl=es&amp;fs=1&amp;\" type=\"application\/x-shockwave-flash\"><param name=\"allowFullScreen\" value=\"true\" \/><param name=\"allowscriptaccess\" value=\"always\" \/><param name=\"src\" value=\"http:\/\/www.youtube.com\/v\/eNqlftUhkHs&amp;hl=es&amp;fs=1&amp;\" \/><param name=\"allowfullscreen\" value=\"true\" \/><\/object><\/p>\n<ul>\n<li><strong>IMPULSO Y CANTIDAD DE MOVIMIENTO.-<\/strong><\/li>\n<\/ul>\n<p>El estudio de los choques, y el impulso que se recibe de acuerdo a las velocidades despreciando fuerzas externas.<\/p>\n<div>\n<div><span style=\"font-size: large\"><span><br \/>\n<\/span><\/span><\/div>\n<\/div>\n<p><object width=\"425\" height=\"344\" data=\"http:\/\/www.youtube.com\/v\/yNB6r8OMqoM&amp;hl=es&amp;fs=1&amp;\" type=\"application\/x-shockwave-flash\"><param name=\"allowFullScreen\" value=\"true\" \/><param name=\"allowscriptaccess\" value=\"always\" \/><param name=\"src\" value=\"http:\/\/www.youtube.com\/v\/yNB6r8OMqoM&amp;hl=es&amp;fs=1&amp;\" \/><param name=\"allowfullscreen\" value=\"true\" \/><\/object><\/p>\n<p>Esta semana con mi compa\u00f1ero estubimos recorriendo la ciudad para buscar las piesas que necesitabamos pra poder trabajar ya en la maqueta, tubimos que dividir el trabajo ya que es dificil reunirse para trabajar.<\/p>\n<p>El dia s\u00e1bado por la ma\u00f1ana conceguimos unas algunas piesas como resortes, poleas, tubos que necesitaremos para la maqueta, pero estas piesas son para los toques finales en si el esqueleto de la maqueta un amigo me ayudara para armarla a mas tardar el miercoles enpezare con el trabajar a tarbajar \u00a0la maqueta, mi compa\u00f1ero se reunira con otra persona que tambien le ayudara para ensamblar su parte del proyecto, para despues solo unirlas dos partes y retocar los ultimos detalelles.<\/p>\n<p>Como pudieron ver los videos anteriormente publicados la maqueta inclira basicamente esos parametros que son los competentes a la que es Fisica A.<\/p>\n<p>No quiero editar m\u00e1s para no adelantarles m\u00e1s sobre la maqueta en esta semana seguire publicando los avances y algunas fotos conforme tome forma la maqueta, mi compa\u00f1ero tambien me enviara algunas noticias sobre sus avances y se enteraran por medio del Blog.<\/p>\n\n\t\t<style type=\"text\/css\">\n\t\t\t#gallery-1 {\n\t\t\t\tmargin: auto;\n\t\t\t}\n\t\t\t#gallery-1 .gallery-item {\n\t\t\t\tfloat: left;\n\t\t\t\tmargin-top: 10px;\n\t\t\t\ttext-align: center;\n\t\t\t\twidth: 33%;\n\t\t\t}\n\t\t\t#gallery-1 img {\n\t\t\t\tborder: 2px solid #cfcfcf;\n\t\t\t}\n\t\t\t#gallery-1 .gallery-caption {\n\t\t\t\tmargin-left: 0;\n\t\t\t}\n\t\t\t\/* see gallery_shortcode() in wp-includes\/media.php *\/\n\t\t<\/style>\n\t\t<div id='gallery-1' class='gallery galleryid-41 gallery-columns-3 gallery-size-thumbnail'><dl class='gallery-item'>\n\t\t\t<dt class='gallery-icon landscape'>\n\t\t\t\t<a href='https:\/\/blog.espol.edu.ec\/vavargas\/maqueta-de-fisica-a\/imagen-002\/'><img loading=\"lazy\" decoding=\"async\" width=\"150\" height=\"150\" src=\"https:\/\/blog.espol.edu.ec\/vavargas\/files\/2009\/06\/imagen-002-150x150.jpg\" class=\"attachment-thumbnail size-thumbnail\" alt=\"\" \/><\/a>\n\t\t\t<\/dt><\/dl><dl class='gallery-item'>\n\t\t\t<dt class='gallery-icon landscape'>\n\t\t\t\t<a href='https:\/\/blog.espol.edu.ec\/vavargas\/maqueta-de-fisica-a\/imagen-004\/'><img loading=\"lazy\" decoding=\"async\" width=\"150\" height=\"150\" src=\"https:\/\/blog.espol.edu.ec\/vavargas\/files\/2009\/06\/imagen-004-150x150.jpg\" class=\"attachment-thumbnail size-thumbnail\" alt=\"\" \/><\/a>\n\t\t\t<\/dt><\/dl><dl class='gallery-item'>\n\t\t\t<dt class='gallery-icon landscape'>\n\t\t\t\t<a href='https:\/\/blog.espol.edu.ec\/vavargas\/maqueta-de-fisica-a\/imagen-003\/'><img loading=\"lazy\" decoding=\"async\" width=\"150\" height=\"150\" src=\"https:\/\/blog.espol.edu.ec\/vavargas\/files\/2009\/06\/imagen-003-150x150.jpg\" class=\"attachment-thumbnail size-thumbnail\" alt=\"\" \/><\/a>\n\t\t\t<\/dt><\/dl><br style=\"clear: both\" \/>\n\t\t<\/div>\n\n<p>Bien como veran ya tenemos listo lo que es la base de nuestra mequeta falta darle algunos toques finales y colocar lo que compa\u00f1ero va a hacer y estare lista para que el profesor la vea y que despues nos de su aprobacion o no, bien emos hecho un esfuerzo grande para hacer esto y gastado dinero, esperamos que se apruebe.<\/p>\n<p>En las fotos veran como es en si la base de la maqueta si tienen alguna duda sobre el dise\u00f1o o algun comentario para mejerarla haganlo porque aun estamos a tiempo.<\/p>\n","protected":false},"excerpt":{"rendered":"<p>El experimento marcha a paso de soldado, el avance hasta ahora es solo teorico eligiendo materiales y recopilando ideas, teniendo en cuenta el tiempo estimado, de presentacion. Definiendo los dias de encuentro para trabajar en el proyecto, tenemos muchas ideas que emos recopilado en las cuales queremos mejorar para mejorar el dise\u00f1o de la maqueta. [&hellip;]<\/p>\n","protected":false},"author":1683,"featured_media":0,"parent":0,"menu_order":0,"comment_status":"open","ping_status":"open","template":"","meta":{"footnotes":""},"class_list":["post-41","page","type-page","status-publish","hentry"],"_links":{"self":[{"href":"https:\/\/blog.espol.edu.ec\/vavargas\/wp-json\/wp\/v2\/pages\/41","targetHints":{"allow":["GET"]}}],"collection":[{"href":"https:\/\/blog.espol.edu.ec\/vavargas\/wp-json\/wp\/v2\/pages"}],"about":[{"href":"https:\/\/blog.espol.edu.ec\/vavargas\/wp-json\/wp\/v2\/types\/page"}],"author":[{"embeddable":true,"href":"https:\/\/blog.espol.edu.ec\/vavargas\/wp-json\/wp\/v2\/users\/1683"}],"replies":[{"embeddable":true,"href":"https:\/\/blog.espol.edu.ec\/vavargas\/wp-json\/wp\/v2\/comments?post=41"}],"version-history":[{"count":17,"href":"https:\/\/blog.espol.edu.ec\/vavargas\/wp-json\/wp\/v2\/pages\/41\/revisions"}],"predecessor-version":[{"id":43,"href":"https:\/\/blog.espol.edu.ec\/vavargas\/wp-json\/wp\/v2\/pages\/41\/revisions\/43"}],"wp:attachment":[{"href":"https:\/\/blog.espol.edu.ec\/vavargas\/wp-json\/wp\/v2\/media?parent=41"}],"curies":[{"name":"wp","href":"https:\/\/api.w.org\/{rel}","templated":true}]}}