{"id":62,"date":"2009-07-02T12:21:57","date_gmt":"2009-07-02T16:21:57","guid":{"rendered":"http:\/\/blog.espol.edu.ec\/vavargas\/?page_id=62"},"modified":"2009-07-02T12:41:26","modified_gmt":"2009-07-02T16:41:26","slug":"lakers","status":"publish","type":"page","link":"https:\/\/blog.espol.edu.ec\/vavargas\/lakers\/","title":{"rendered":"Lakers"},"content":{"rendered":"<h2><span style=\"font-family: Cambria\"><span class=\"mw-headline\"><span>Inicios<\/span><\/span><span> <\/span><\/span><\/h2>\n<h3><span style=\"font-size: medium\"><span style=\"font-family: Times New Roman\"><span class=\"mw-headline\"><span>1946-47: Detroit Gems<\/span><\/span><span> <\/span><\/span><\/span><\/h3>\n<p><span><span style=\"font-size: small;font-family: Times New Roman\">Los Lakers comenzaron su existencia con el nombre de <strong>Detroit Gems<\/strong>, jugando en la <\/span><span><span style=\"font-size: small;font-family: Times New Roman\">NBL<\/span><\/span><span style=\"font-size: small\"><span style=\"font-family: Times New Roman\">. El propietario original de la franquicia fue el empresario C. King Boring. El equipo disput\u00f3 una temporada en la NBL bajo el nombre de Gems, logrando un balance de 4 victorias y 40 derrotas, y logrando igualmente negativos resultados financieros.<\/span><\/span><\/span><\/p>\n<p><span><span style=\"font-size: small;font-family: Times New Roman\">En <\/span><span><span style=\"font-size: small;font-family: Times New Roman\">1947<\/span><\/span><span style=\"font-size: small;font-family: Times New Roman\">, Ben Berger y Morris Chalfen compraron los Gems a Boring por 15.000 <\/span><span><span style=\"font-size: small;font-family: Times New Roman\">d\u00f3lares<\/span><\/span><span style=\"font-size: small;font-family: Times New Roman\">. Posteriormente, \u00e9ste se conviertir\u00eda en el propietario de Vagabond Kings, un equipo profesional con el que lograr\u00eda mucho m\u00e1s \u00e9xito a finales de los <\/span><span><span style=\"font-size: small;font-family: Times New Roman\">40<\/span><\/span><span style=\"font-size: small;font-family: Times New Roman\"> y principios de los <\/span><span><span style=\"font-size: small;font-family: Times New Roman\">50<\/span><\/span><span style=\"font-size: small;font-family: Times New Roman\">. Sin embargo, con el posterior \u00e9xito de los Gems en <\/span><span><span style=\"font-size: small;font-family: Times New Roman\">Minneapolis<\/span><\/span><span style=\"font-size: small;font-family: Times New Roman\"> y <\/span><span><span style=\"font-size: small;font-family: Times New Roman\">Los \u00c1ngeles<\/span><\/span><span style=\"font-size: small\"><span style=\"font-family: Times New Roman\">, la nieta de Boring afirm\u00f3 que m\u00e1s tarde su abuelo se arrepinti\u00f3 de no haber mantenido una parte menor de la franquicia.<\/span><\/span><\/span><\/p>\n<p><span><\/span>\u00a0<\/p>\n<h3><span style=\"font-size: medium\"><span class=\"mw-headline\"><span>1947-60: Minneapolis Lakers<\/span><\/span><span> <\/span><\/span><\/h3>\n<p><span>Bergen y Chalfen trasladaron la franquicia a <span>Minneapolis<\/span>, donde el equipo disputaba sus partidos de casa en el <span>Minneapolis Auditorium<\/span>. <span class=\"corchete-llamada1\"><sup>[]<\/sup><\/span>El equipo fue re-bautizado a \"Lakers\", en referencia a la fama de Minneapolis por sus miles de lagos. Berger y Chalfen incorporaron a Max Winter, m\u00e1s tarde el fundador y propietario del equipo de la <span>NFL<\/span> <span>Minnesota Vikings<\/span>, para ejercer de general manager. Winter tambi\u00e9n tom\u00f3 una parte de propiedad de los Lakers, que mantendr\u00eda hasta que dejara el equipo en <span>1955<\/span>.<\/span><\/p>\n<p><span>Como los Gems fueron, con mucho, el peor equipo de la liga, los Lakers pose\u00edan la primera elecci\u00f3n del <span>Draft<\/span> de dispersi\u00f3n de la PBLA, liga profesional de baloncesto que llegaba a su fin, por lo que sus jugadores estaban disponibles. Los Lakers seleccionaron a <span>George Mikan<\/span>, posteriormente convirti\u00e9ndose en uno de los mejores p\u00edvots de todos los tiempos. Con Mikan, el nuevo entrenador <span>John Kundla<\/span> y una infusi\u00f3n de antiguos jugadores de la <span>Universidad de Minnesota<\/span>, los Lakers ganaron el campeonato en su primera temporada.<\/span><\/p>\n<p><span>Al <span>a\u00f1o siguiente<\/span>, los Lakers fueron cambiados a la <span>Basketball Association of America<\/span>, liga de 12 equipos, ganando una vez m\u00e1s el campeonato en su primer a\u00f1o. Como la BAA es considerada el antepasado directo y lineal de lo que es hoy la NBA, este campeonato de <span>1949<\/span> est\u00e1 reconocido oficialmente por la NBA, aunque no as\u00ed el de <span>1948<\/span>. Esto hace t\u00e9cnicamente a los Lakers la franquicia en expansi\u00f3n m\u00e1s exitosa en la <span>historia de la NBA<\/span>, ya que \u00e9sta no reconoce los registros de la NBL y considera a los Lakers un equipo en expansi\u00f3n de <span>1948<\/span>.<\/span><\/p>\n<p><span>El siguiente a\u00f1o la <span>BAA<\/span> y la <span>NBL<\/span> se fusionaron para dar forma a la <span>NBA<\/span> tal y como hoy la conocemos. Los Lakers consiguieron su tercer campeonato consecutivo de la mano de Mikan, <span>Vern Mikkelsen<\/span> y <span>Bud Grant<\/span>, futuro entrenador en la <span>NFL<\/span>. La racha lleg\u00f3 a su fin en <span>1951<\/span>, donde los actuales campeones perdieron en la final de conferencia frente a <span>Rochester Royals<\/span>. Sin embargo, tras un a\u00f1o sin anillo, Lakers volvi\u00f3 a reeditar t\u00edtulo durante los tres a\u00f1os siguientes, derrotando a los <span>Knicks<\/span> en 2 a\u00f1os consecutivos (<span>1952<\/span> y <span>1953<\/span>) y a Syracuse (<span>1954<\/span>). Lakers lograba as\u00ed la primera dinast\u00eda tras conseguir 5 t\u00edtulos en 6 a\u00f1os (6 t\u00edtulos en 7 a\u00f1os si contamos el campeonato de <span>1948<\/span> en la NBL que la NBA no reconoce). Adem\u00e1s de los ya mencionados Mikan y Mikkelsen, el equipo de esta \u00e9poca contaba con futuros miembros del <span>Hall of Fame<\/span> como <span>Jim Pollard<\/span>, <span>Slater Martin<\/span> y <span>Clyde Lovellette<\/span>.<\/span><\/p>\n<p><span>El aumento de equipos no impidi\u00f3 que los Lakers siguieran dominando la liga. Es m\u00e1s, el equipo de <span>John Kundla<\/span> estableci\u00f3 diferencias a\u00fan mayores. Minneapolis fue encuadrado en la Central Division, por entonces la divisi\u00f3n m\u00e1s potente. En <span>1950<\/span>, los Lakers escogieron en el Draft dos jugadores de garant\u00edas que dieron mucho resultado a la franquicia, <span>Vern Mikkelsen<\/span> y <span>Slater Martin<\/span>. Mikkelsen, el primer ala-pivot del baloncesto, se encarg\u00f3 del trabajo sucio de los rebotes para que Mikan impusiera su ley en las zonas. Mikan, Mikkelsen y Pollard formaron el mejor juego interior de la liga. Mikan, estaba entre los mejores anotadores, Mikkelsen entre los mejores reboteadores y el vers\u00e1til Jim Pollard realizando ambas cosas. La direcci\u00f3n corr\u00eda a cargo de <span>Slater Martin<\/span>, veloz base de 1.70 que fue el primero en correr el contraataque. Fue considerado como el mejor base de la \u00e9poca sentando las bases del base r\u00e1pido. Los <span>Syracuse Nats<\/span> de <span>Dolph Schayes<\/span> intentaron romper la hegemon\u00eda de los Minneapolis Lakers en la temporada <span>1949-50<\/span> (51-17, con 30-1 como local), centrando la defensa sobre Mikan y Pollard, sin embargo no funcion\u00f3, ya que en el sexto partido el pivot de Lakers acab\u00f3 con 40 puntos y el t\u00edtulo, el primero de la historia de la NBA.<\/span><\/p>\n<p>\u00a0<\/p>\n<p><span><span style=\"font-size: small\"><span style=\"font-family: Times New Roman\">Mikan dominaba la liga a su antojo con sus 2.08 y 111 kilos de fuerza, era tan superior al resto que el descenso de int\u00e9res de la competici\u00f3n se dispar\u00f3. Era frecuente verle sangrar durante un partido por las faltas que recib\u00eda de sus rivales, muy inferiores f\u00edsicamente a \u00e9l.<\/span><\/span><\/span><\/p>\n<p><span><span style=\"font-size: small;font-family: Times New Roman\">Con un cinco inicial en el que estaban <\/span><span><span style=\"font-size: small;font-family: Times New Roman\">George Mikan<\/span><\/span><span style=\"font-size: small;font-family: Times New Roman\">, <\/span><span><span style=\"font-size: small;font-family: Times New Roman\">Jim Pollard<\/span><\/span><span style=\"font-size: small;font-family: Times New Roman\">, <\/span><span><span style=\"font-size: small;font-family: Times New Roman\">Vern Mikkelsen<\/span><\/span><span style=\"font-size: small;font-family: Times New Roman\">, <\/span><span><span style=\"font-size: small;font-family: Times New Roman\">Slater Martin<\/span><\/span><span style=\"font-size: small;font-family: Times New Roman\"> y <\/span><span><span style=\"font-size: small;font-family: Times New Roman\">Bob Harrison<\/span><\/span><span style=\"font-size: small;font-family: Times New Roman\">, los Lakers eran casi invencibles en el <\/span><span><span style=\"font-size: small;font-family: Times New Roman\">Minneapolis Auditorium<\/span><\/span><span style=\"font-size: small;font-family: Times New Roman\"> en sus primeros a\u00f1os. Estuvieron a punto de lograr un r\u00e9cord de 30 partidos consecutivos ganados en casa, pero <\/span><span><span style=\"font-size: small;font-family: Times New Roman\">Fort Wayne<\/span><\/span><span style=\"font-size: small;font-family: Times New Roman\"> lo impidi\u00f3, en un partido que tuvo su historia.Murray <\/span><span><span style=\"font-size: small;font-family: Times New Roman\">Mendenhall<\/span><\/span><span style=\"font-size: small;font-family: Times New Roman\">, entrenador de los Pistons decidi\u00f3 poner en pr\u00e1ctica la novedosa t\u00e1ctica de congelar la pelota. Orden\u00f3 a sus jugadores que limitasen sus tiros exclusivamente a entradas en bandeja. Los Pistons se mantuvieron siempre vivos en el partido, a poca distancia de los Lakers, y cuando faltaban 9 segundos, con un punto abajo, <\/span><span><span style=\"font-size: small;font-family: Times New Roman\">Larry Foust<\/span><\/span><span style=\"font-size: small\"><span style=\"font-family: Times New Roman\">, pentetr\u00f3 y anot\u00f3 pese a la oposici\u00f3n de Mikan. Fort Wayne gan\u00f3 (19-18), tras fuertes incidentes del p\u00fablico del Auditorium.<\/span><\/span><\/span><\/p>\n<p><span><span style=\"font-size: small;font-family: Times New Roman\">Este partido ha sido considerado por muchos como el aut\u00e9ntico impulsor del reloj de 24 segundos, regla que se insaur\u00f3 en la <\/span><span><span style=\"font-size: small;font-family: Times New Roman\">1954-55<\/span><\/span><span style=\"font-size: small;font-family: Times New Roman\">. Tambi\u00e9n se introdujo el l\u00edmite de 6 faltas personales por equipo en un cuarto. El juego de Mikan tuvo un tremendo efecto en la NBA y fue responsable directo de algunos cambios en las reglas del juego. Las lesiones obligaron a Mikan a anunciar su retirada tras la temporada <\/span><span><span style=\"font-size: small;font-family: Times New Roman\">1953-54<\/span><\/span><span style=\"font-size: small;font-family: Times New Roman\">, aunque con la retirada de Pollard, Mikan regres\u00f3 al equipo en la <\/span><span><span style=\"font-size: small;font-family: Times New Roman\">1955-56<\/span><\/span><span style=\"font-size: small;font-family: Times New Roman\">. Ya estaba muy castigado por las lesiones y no contaba con forma f\u00edsica para adaptarse a la nueva regla del reloj de posesi\u00f3n. Se retir\u00f3 definitivamente en <\/span><span><span style=\"font-size: small;font-family: Times New Roman\">1956<\/span><\/span><span style=\"font-size: small;font-family: Times New Roman\">, tras terminar la temporada. Ingres\u00f3 en el <\/span><span><span style=\"font-size: small;font-family: Times New Roman\">Hall of Fame<\/span><\/span><span style=\"font-size: small;font-family: Times New Roman\"> en <\/span><span><span style=\"font-size: small;font-family: Times New Roman\">1959<\/span><\/span><span style=\"font-size: small\"><span style=\"font-family: Times New Roman\">, siendo la primera leyenda de la NBA, en ser elegida para el sal\u00f3n de la fama.<\/span><\/span><\/span><\/p>\n<p><span><span style=\"font-size: small;font-family: Times New Roman\">Lakers andaban tras un center para volver a ser un equipo aspirante al t\u00edtulo. Esto les llevo a conseguir a <\/span><span><span style=\"font-size: small;font-family: Times New Roman\">Walt Dukes<\/span><\/span><span style=\"font-size: small;font-family: Times New Roman\">, un siete pies, a cambio de Slater Martin, pero el experimento no dio frutos. Cansado de no volver a saborear las mieles del triunfo, el propietario Ben Berger recurri\u00f3 a Mikan como entrenador para la <\/span><span><span style=\"font-size: small;font-family: Times New Roman\">1957-58<\/span><\/span><span style=\"font-size: small\"><span style=\"font-family: Times New Roman\">, pero fracas\u00f3. Despu\u00e9s de un balance de 9-30 John Kundla volvi\u00f3 al banquillo. El remedio no funcion\u00f3, y, por primera vez en su historia, Lakers no se clasifica para los Playoffs de esa temporada.<\/span><\/span><\/span><\/p>\n<p><span><span style=\"font-size: small\"><span style=\"font-family: Times New Roman\"><\/p>\n<p class=\"MsoNormal\" style=\"margin: 0cm 0cm 10pt\"><span style=\"font-size: 12pt;font-family: &quot;Times New Roman&quot\">Los Lakers disputaron sus partidos en casa en el <span style=\"color: windowtext\">Minneapolis Armory<\/span> en la <span style=\"color: windowtext\">temporada 1959-60<\/span>.<\/span><\/p>\n<p><span>En la temporada <span style=\"color: windowtext\">1958-59<\/span> lleg\u00f3 a Minneapolis, via draft, la segunda gran estrella en la historia de los Lakers, <span style=\"color: windowtext\">Elgin Baylor<\/span>. El novato se alz\u00f3 con el <span style=\"color: windowtext\">Rookie del A\u00f1o<\/span> y qued\u00f3 3\u00ba en la lucha por el <span style=\"color: windowtext\">MVP<\/span> (tras <span style=\"color: windowtext\">Bill Russell<\/span> y <span style=\"color: windowtext\">Bob Pettit<\/span>). Promedi\u00f3 la friolera de 24.9 puntos, 15 rebotes y 4.1 asistencias y logr\u00f3 revitalizar al equipo, que volvi\u00f3 a llegar a las finales en <span style=\"color: windowtext\">1959<\/span>. Tras superar a la tercera a los Hawks en las finales de conferencia cayeron en frente a los emergentes <span style=\"color: windowtext\">Boston Celtics<\/span> por 4-0. Elgin logr\u00f3 anotar 55 puntos (tercera mejor marca individual hasta entonces) en su primera temporada. Al final de la temporada, Kundla present\u00f3 su dimisi\u00f3n como entrenador. En su haber se fue con 5 t\u00edtulos como entrenador de los Minneapolis Lakers.<\/span><\/p>\n<p><span style=\"font-size: 12pt;font-family: &quot;Times New Roman&quot\">Sin embargo, cuando el equipo estaba asentando una base s\u00f3lida vio como la retirada de Mikkelsen y la venta de Foust los devolvieron a un proceso de renovaci\u00f3n. <span style=\"color: windowtext\">John Castellani<\/span> tom\u00f3 el relevo de Kundla, pero tras comenzar con un 11-25 cedi\u00f3 el puesto al que fuera estrella de los primeros Lakers, <span style=\"color: windowtext\">Jim Pollard<\/span>. Pese a no mejorar en exceso, Lakers alcanz\u00f3 los playoffs pese a realizar una pobre liga regular, donde firmaron un balance de 25-50. Tras superar a <span style=\"color: windowtext\">Detroit<\/span> por 2-0, volvieron a sucumbir ante <span style=\"color: windowtext\">St. Louis Hawks<\/span> por 4-3<\/span><\/p>\n<p><\/span><\/span><\/span><\/p>\n","protected":false},"excerpt":{"rendered":"<p>Inicios 1946-47: Detroit Gems Los Lakers comenzaron su existencia con el nombre de Detroit Gems, jugando en la NBL. El propietario original de la franquicia fue el empresario C. King Boring. El equipo disput\u00f3 una temporada en la NBL bajo el nombre de Gems, logrando un balance de 4 victorias y 40 derrotas, y logrando [&hellip;]<\/p>\n","protected":false},"author":1683,"featured_media":0,"parent":0,"menu_order":0,"comment_status":"open","ping_status":"open","template":"","meta":{"footnotes":""},"class_list":["post-62","page","type-page","status-publish","hentry"],"_links":{"self":[{"href":"https:\/\/blog.espol.edu.ec\/vavargas\/wp-json\/wp\/v2\/pages\/62","targetHints":{"allow":["GET"]}}],"collection":[{"href":"https:\/\/blog.espol.edu.ec\/vavargas\/wp-json\/wp\/v2\/pages"}],"about":[{"href":"https:\/\/blog.espol.edu.ec\/vavargas\/wp-json\/wp\/v2\/types\/page"}],"author":[{"embeddable":true,"href":"https:\/\/blog.espol.edu.ec\/vavargas\/wp-json\/wp\/v2\/users\/1683"}],"replies":[{"embeddable":true,"href":"https:\/\/blog.espol.edu.ec\/vavargas\/wp-json\/wp\/v2\/comments?post=62"}],"version-history":[{"count":6,"href":"https:\/\/blog.espol.edu.ec\/vavargas\/wp-json\/wp\/v2\/pages\/62\/revisions"}],"predecessor-version":[{"id":65,"href":"https:\/\/blog.espol.edu.ec\/vavargas\/wp-json\/wp\/v2\/pages\/62\/revisions\/65"}],"wp:attachment":[{"href":"https:\/\/blog.espol.edu.ec\/vavargas\/wp-json\/wp\/v2\/media?parent=62"}],"curies":[{"name":"wp","href":"https:\/\/api.w.org\/{rel}","templated":true}]}}