{"id":1,"date":"2008-10-22T14:49:00","date_gmt":"2008-10-22T18:49:00","guid":{"rendered":"http:\/\/blog.espol.edu.ec\/viajaconocevive\/about\/"},"modified":"2012-05-25T20:12:42","modified_gmt":"2012-05-26T00:12:42","slug":"about","status":"publish","type":"page","link":"https:\/\/blog.espol.edu.ec\/viajaconocevive\/about\/","title":{"rendered":"Autor"},"content":{"rendered":"<div style=\"text-align: center;\"><span style=\"color: #45818e; font-family: Verdana, sans-serif;\"><strong><a href=\"http:\/\/blog.espol.edu.ec\/viajaconocevive\/files\/2008\/11\/croixmariedith.gif\"><img loading=\"lazy\" decoding=\"async\" class=\"size-medium wp-image-121\" src=\"http:\/\/blog.espol.edu.ec\/viajaconocevive\/files\/2008\/11\/croixmariedith-300x212.gif\" alt=\"\" width=\"300\" height=\"212\" \/><\/a>\u00a0<\/strong><\/span><\/div>\n<div style=\"text-align: center;\"><span style=\"color: #45818e; font-family: inherit;\"><strong>Croixmarie, CruzMa, o Marie para los amigos \ud83d\ude09<\/strong><\/span><\/div>\n<div style=\"text-align: justify;\"><span style=\"color: #45818e; font-family: inherit; text-align: left;\"><br \/>\n<\/span> <span style=\"color: #45818e; font-family: inherit; text-align: left;\"><strong>Me encanta viajar, conocer lugares y vivir otras culturas. De mochilera o en tour \/ sola o acompa\u00f1ada \/ en mi pa\u00eds o el extranjero \/ sea un d\u00eda o varias semanas \/ playa o monta\u00f1a \/ fr\u00edo o calor \/ siempre dispuesta para la aventura!\u00a0<\/strong><\/span><\/div>\n<p>Compartiendo en redes sociales:<\/p>\n<ul class=\"children\">\n<li><a href=\"http:\/\/www.twitter.com\/viajaconocevive\">@viajaconocevive en Twitter<\/a><\/li>\n<li><a href=\"http:\/\/www.facebook.com\/viajaconocevive\">P\u00e1gina de fans en Facebook<\/a><\/li>\n<li><a href=\"http:\/\/www.slideshare.net\/croixmarie\">Presentaciones y archivos en Slideshare<\/a><\/li>\n<li><a href=\"http:\/\/www.youtube.com\/user\/croixmariefm\/videos\">V\u00eddeos y favoritos en Youtube<\/a><\/li>\n<li><a href=\"http:\/\/twitpic.com\/photos\/viajaconocevive\">Fotos del Ecuador y el mundo en Twitpic<\/a><\/li>\n<\/ul>\n<p>Acerca del Blog:<\/p>\n<p>Empec\u00e9 escribiendo este blog hace unos a\u00f1os, pero tuve ciertos problemas con el servidor y las actualizaciones, as\u00ed que decid\u00ed cambiarlo a Blogger. Pueden seguir leyendo mis aventuras de viajes en <a href=\"www.viajaconocevive.com\">www.viajaconocevive.com<\/a>, aqu\u00ed algo de informaci\u00f3n:<\/p>\n<ul class=\"children\">\n<li><a href=\"http:\/\/www.viajaconocevive.com\/2012\/01\/aprovechando-bien-el-tiempo.html\">Aprovechando bien el tiempo<\/a><\/li>\n<li><a href=\"http:\/\/www.viajaconocevive.com\/2012\/01\/el-punto-de-partida-de-mis-viajes.html\">El punto de partida de mis viajes<\/a><\/li>\n<li><a href=\"http:\/\/www.viajaconocevive.com\/2012\/03\/acerca-de-las-fotografias.html\">Acerca de las fotograf\u00edas<\/a><\/li>\n<\/ul>\n<p>Acerca de mi:<\/p>\n<ul class=\"children\">\n<li><a href=\"http:\/\/www.blogger.com\/profile\/03599779557156165179\">Perfil en Blogger<\/a><\/li>\n<\/ul>\n<p><span style=\"font-family: inherit;\">Soy cristiana y en mis viajes siempre me acompa\u00f1a la m\u00fasica, mis canciones favoritas tienen excelente melod\u00eda, letra e interpretaci\u00f3n (de acuerdo a mi criterio de aficionado)\u00a0<\/span>aqu\u00ed un poco de todo<span style=\"font-family: inherit;\">:<\/span><\/p>\n<ul>\n<li><span style=\"font-family: inherit;\"><a href=\"http:\/\/www.youtube.com\/watch?v=IbXF8HaAqPk\" target=\"_blank\">Redeemer-Savior-Friend<\/a> (Dave Brooks)\u00a0<\/span><\/li>\n<li><span style=\"font-family: inherit;\"><a href=\"http:\/\/www.youtube.com\/watch?v=6CMclLT_Hjg\" target=\"_blank\">Be Thou my Vision<\/a> (Himno)<\/span><\/li>\n<li><span style=\"font-family: inherit;\"><a href=\"http:\/\/www.youtube.com\/watch?v=SAPT0UnbSnM\" target=\"_blank\">Creer\u00e9<\/a> (Tercer Cielo)\u00a0<\/span><\/li>\n<li><span style=\"font-family: inherit;\"><a href=\"http:\/\/www.youtube.com\/watch?v=EbO6P-_Zx0Y&amp;feature=related\" target=\"_blank\">Hallelujah<\/a> (Rufus Wainwright) \u00a0<\/span><\/li>\n<\/ul>\n<div style=\"text-align: center;\">\n<div style=\"text-align: justify;\"><span style=\"font-family: inherit;\">Adoro la lectura y el cine, porque me transportan a lugares que\u00a0tal vez\u00a0no me sea posible visitar (en especial est\u00e1 un \"poquito dif\u00edcil\" realizar un viaje al espacio).\u00a0<\/span><br \/>\n<span style=\"font-family: inherit;\"><br \/>\n<\/span><\/div>\n<div style=\"text-align: justify;\"><span style=\"font-family: inherit;\">Leo de todo, entre mis favoritos est\u00e1n<\/span><span style=\"font-family: inherit; text-align: center;\">:\u00a0<\/span><span style=\"font-family: inherit; text-align: center;\">The Lord of the Rings,\u00a0<\/span><span style=\"font-family: inherit; text-align: center;\">Sherlock Holmes Adventures,\u00a0<\/span><span style=\"text-align: center;\">Coraz\u00f3n,\u00a0<\/span><span style=\"font-family: inherit; text-align: center;\">Romancing Mr. Bridgerton, y un largo etc\u00e9tera!<\/span><br \/>\n<span style=\"font-family: inherit; text-align: center;\"><br \/>\n<\/span><\/div>\n<div style=\"text-align: justify;\"><span style=\"font-family: inherit; text-align: center;\">Y entre las pel\u00edculas y series de TV que no me canso de ver:\u00a0<\/span><span style=\"font-family: inherit; text-align: center;\">The Lord of the Rings,\u00a0<\/span><span style=\"font-family: inherit; text-align: center;\">Pirates of the Caribbean,\u00a0<\/span><span style=\"font-family: inherit; text-align: center;\">Amelie,\u00a0<\/span><span style=\"font-family: inherit; text-align: center;\">Six Sense,\u00a0<\/span><span style=\"font-family: inherit; text-align: center;\">Corazon Salvaje y\u00a0<\/span><span style=\"font-family: inherit; text-align: center;\">Pride &amp; Prejudice.<\/span><\/div>\n<div style=\"text-align: justify;\"><\/div>\n<div style=\"text-align: justify;\"><\/div>\n<div style=\"text-align: center;\"><a href=\"http:\/\/blog.espol.edu.ec\/viajaconocevive\/files\/2008\/11\/4sparrowsecretsanta.jpg\"><span style=\"font-family: inherit;\"><img decoding=\"async\" src=\"http:\/\/blog.espol.edu.ec\/viajaconocevive\/files\/2008\/11\/4sparrowsecretsanta-300x300.jpg\" alt=\"\" \/><\/span><\/a><\/div>\n<div style=\"text-align: center;\"><em><span style=\"font-family: inherit;\">Mi actor y personaje favoritos !!<\/span><\/em><\/div>\n<div style=\"text-align: center;\"><\/div>\n<div style=\"text-align: justify;\"><\/div>\n<div style=\"text-align: justify;\"><span style=\"font-family: inherit;\">Tambi\u00e9n tomo en cuenta los deportes cuando voy de viaje, practico volleyball y basketball, y como espectador prefiero f\u00fatbol y Formula 1, as\u00ed que me gusta ir a los estadios y a los circuitos de carreras.<\/span><\/div>\n<div style=\"text-align: justify;\"><\/div>\n<div style=\"text-align: justify;\"><span style=\"font-family: inherit;\"><span style=\"font-family: inherit;\">En el campo profesional y laboral soy Ingeniera en Computaci\u00f3n, as\u00ed que no puede faltar mi afici\u00f3n por las computadoras y la tecnolog\u00eda, lo que tambi\u00e9n disfruto en mis viajes.<\/span><\/span><\/div>\n<div style=\"text-align: justify;\"><\/div>\n<\/div>\n<div style=\"text-align: justify;\">Saludos.<strong><span style=\"color: #45818e;\">Cruz Mar\u00eda Falcones<\/span><\/strong><\/p>\n<\/div>\n<div class=\"separator\" style=\"clear: both; text-align: center;\"><a style=\"margin-left: 1em; margin-right: 1em;\" href=\"http:\/\/blog.espol.edu.ec\/viajaconocevive\/files\/2008\/11\/7mariequilt.jpg\"><img loading=\"lazy\" decoding=\"async\" class=\"aligncenter size-medium wp-image-158\" src=\"http:\/\/blog.espol.edu.ec\/viajaconocevive\/files\/2008\/11\/7mariequilt-300x184.jpg\" alt=\"\" width=\"300\" height=\"184\" \/><\/a><\/div>\n<div class=\"separator\" style=\"clear: both; text-align: center;\"><a style=\"margin-left: 1em; margin-right: 1em;\" href=\"http:\/\/4.bp.blogspot.com\/-9IaIrRwmIB8\/TwX2iv3dBSI\/AAAAAAAAAFM\/u7n3iPqHVpY\/s1600\/Footer.png\"><img decoding=\"async\" src=\"http:\/\/4.bp.blogspot.com\/-9IaIrRwmIB8\/TwX2iv3dBSI\/AAAAAAAAAFM\/u7n3iPqHVpY\/s1600\/Footer.png\" alt=\"\" border=\"0\" \/><\/a><\/div>\n","protected":false},"excerpt":{"rendered":"<p>\u00a0 Croixmarie, CruzMa, o Marie para los amigos \ud83d\ude09 Me encanta viajar, conocer lugares y vivir otras culturas. De mochilera o en tour \/ sola o acompa\u00f1ada \/ en mi pa\u00eds o el extranjero \/ sea un d\u00eda o varias semanas \/ playa o monta\u00f1a \/ fr\u00edo o calor \/ siempre dispuesta para la aventura!\u00a0 [&hellip;]<\/p>\n","protected":false},"author":233,"featured_media":0,"parent":0,"menu_order":0,"comment_status":"open","ping_status":"open","template":"","meta":{"_monsterinsights_skip_tracking":false,"_monsterinsights_sitenote_active":false,"_monsterinsights_sitenote_note":"","_monsterinsights_sitenote_category":0,"footnotes":""},"class_list":["post-1","page","type-page","status-publish","hentry"],"_links":{"self":[{"href":"https:\/\/blog.espol.edu.ec\/viajaconocevive\/wp-json\/wp\/v2\/pages\/1","targetHints":{"allow":["GET"]}}],"collection":[{"href":"https:\/\/blog.espol.edu.ec\/viajaconocevive\/wp-json\/wp\/v2\/pages"}],"about":[{"href":"https:\/\/blog.espol.edu.ec\/viajaconocevive\/wp-json\/wp\/v2\/types\/page"}],"author":[{"embeddable":true,"href":"https:\/\/blog.espol.edu.ec\/viajaconocevive\/wp-json\/wp\/v2\/users\/233"}],"replies":[{"embeddable":true,"href":"https:\/\/blog.espol.edu.ec\/viajaconocevive\/wp-json\/wp\/v2\/comments?post=1"}],"version-history":[{"count":42,"href":"https:\/\/blog.espol.edu.ec\/viajaconocevive\/wp-json\/wp\/v2\/pages\/1\/revisions"}],"predecessor-version":[{"id":49,"href":"https:\/\/blog.espol.edu.ec\/viajaconocevive\/wp-json\/wp\/v2\/pages\/1\/revisions\/49"}],"wp:attachment":[{"href":"https:\/\/blog.espol.edu.ec\/viajaconocevive\/wp-json\/wp\/v2\/media?parent=1"}],"curies":[{"name":"wp","href":"https:\/\/api.w.org\/{rel}","templated":true}]}}