{"id":1135,"date":"2016-02-10T13:58:18","date_gmt":"2016-02-10T18:58:18","guid":{"rendered":"http:\/\/blog.espol.edu.ec\/viajerotrip\/?page_id=1135"},"modified":"2016-02-10T13:58:18","modified_gmt":"2016-02-10T18:58:18","slug":"quienes-somos","status":"publish","type":"page","link":"https:\/\/blog.espol.edu.ec\/viajerotrip\/quienes-somos\/","title":{"rendered":"Quienes Somos"},"content":{"rendered":"<p><img loading=\"lazy\" decoding=\"async\" class=\"aligncenter\" title=\"Quienes Somos viajerotrip\" src=\"https:\/\/upload.wikimedia.org\/wikipedia\/commons\/7\/75\/Espol1-300x299.png\" alt=\"Quienes Somos viajerotrip\" width=\"300\" height=\"299\" \/>Somos un grupo de estudiantes de la ESPOL (en realidad entre 2 a 4 estudiantes encargados de la investigaci\u00f3n, redacci\u00f3n y publicaci\u00f3n de los art\u00edculos), hacemos publicaciones a diario relacionadas con <strong>Econom\u00eda<\/strong> y como influyen los movimientos del mercado en la cotizaci\u00f3n y precios del oro, metales preciosos, d\u00f3lar y euro, mercado de divisas, tipos de petr\u00f3leo adem\u00e1s de cualquier dato relevante que influya o expertos consideren est\u00e9n por afectar en mayor o menor escala. Muchas personas viven a diario con la referencia de los principales indicadores econ\u00f3micos factores que incluso podr\u00edan predecirse para incursionar en el mercado de inversiones. En cualquier caso \u00e9ste blog <a href=\"http:\/\/blog.espol.edu.ec\/viajerotrip\/\">http:\/\/blog.espol.edu.ec\/viajerotrip\/<\/a> intenta colaborar con informaci\u00f3n actualizada d\u00eda a d\u00eda, los valores publicados en el blog son siempre confirmados antes de ser plasmados como la informaci\u00f3n de la jornada correspondiente.<\/p>\n<p>\u00c9sto es para nosotros un compromiso, porque aunque es informaci\u00f3n importante para nosotros es un placer escribir cobre las cotizaciones del mercado de hoy y sabemos que mucha gente busca justamente \u00e9ste tipo de datos lo cual nos deja satisfechos luego de publicar noticias relacionadas al <strong>mercado financiero<\/strong> d\u00eda a d\u00eda.<\/p>\n<p>Cualquier consulta, recomendaci\u00f3n o comentario, aqu\u00ed abajo lo puedes dejar o en la secci\u00f3n contacto, Gracias por leernos!!.<\/p>\n","protected":false},"excerpt":{"rendered":"<p>Somos un grupo de estudiantes de la ESPOL (en realidad entre 2 a 4 estudiantes encargados de la investigaci\u00f3n, redacci\u00f3n y publicaci\u00f3n de los art\u00edculos), hacemos publicaciones a diario relacionadas con Econom\u00eda y como influyen los movimientos del mercado en &hellip; <a href=\"https:\/\/blog.espol.edu.ec\/viajerotrip\/quienes-somos\/\">Sigue leyendo <span class=\"meta-nav\">&rarr;<\/span><\/a><\/p>\n","protected":false},"author":9266,"featured_media":0,"parent":0,"menu_order":0,"comment_status":"closed","ping_status":"closed","template":"","meta":{"footnotes":""},"class_list":["post-1135","page","type-page","status-publish","hentry"],"aioseo_notices":[],"_links":{"self":[{"href":"https:\/\/blog.espol.edu.ec\/viajerotrip\/wp-json\/wp\/v2\/pages\/1135","targetHints":{"allow":["GET"]}}],"collection":[{"href":"https:\/\/blog.espol.edu.ec\/viajerotrip\/wp-json\/wp\/v2\/pages"}],"about":[{"href":"https:\/\/blog.espol.edu.ec\/viajerotrip\/wp-json\/wp\/v2\/types\/page"}],"author":[{"embeddable":true,"href":"https:\/\/blog.espol.edu.ec\/viajerotrip\/wp-json\/wp\/v2\/users\/9266"}],"replies":[{"embeddable":true,"href":"https:\/\/blog.espol.edu.ec\/viajerotrip\/wp-json\/wp\/v2\/comments?post=1135"}],"version-history":[{"count":1,"href":"https:\/\/blog.espol.edu.ec\/viajerotrip\/wp-json\/wp\/v2\/pages\/1135\/revisions"}],"predecessor-version":[{"id":1136,"href":"https:\/\/blog.espol.edu.ec\/viajerotrip\/wp-json\/wp\/v2\/pages\/1135\/revisions\/1136"}],"wp:attachment":[{"href":"https:\/\/blog.espol.edu.ec\/viajerotrip\/wp-json\/wp\/v2\/media?parent=1135"}],"curies":[{"name":"wp","href":"https:\/\/api.w.org\/{rel}","templated":true}]}}