{"id":133,"date":"2015-09-01T09:34:05","date_gmt":"2015-09-01T14:34:05","guid":{"rendered":"http:\/\/blog.espol.edu.ec\/viajerotrip\/?page_id=133"},"modified":"2016-02-10T14:23:37","modified_gmt":"2016-02-10T19:23:37","slug":"sobre-este-blog","status":"publish","type":"page","link":"https:\/\/blog.espol.edu.ec\/viajerotrip\/sobre-este-blog\/","title":{"rendered":"Sobre este blog"},"content":{"rendered":"<p><a href=\"http:\/\/blog.espol.edu.ec\/viajerotrip\/files\/2015\/09\/viajerotrip.jpg\"><img loading=\"lazy\" decoding=\"async\" class=\"wp-image-134 aligncenter\" src=\"http:\/\/blog.espol.edu.ec\/viajerotrip\/files\/2015\/09\/viajerotrip-300x113.jpg\" alt=\"v\" width=\"417\" height=\"157\" srcset=\"https:\/\/blog.espol.edu.ec\/viajerotrip\/files\/2015\/09\/viajerotrip-300x113.jpg 300w, https:\/\/blog.espol.edu.ec\/viajerotrip\/files\/2015\/09\/viajerotrip-1024x385.jpg 1024w, https:\/\/blog.espol.edu.ec\/viajerotrip\/files\/2015\/09\/viajerotrip.jpg 2004w\" sizes=\"auto, (max-width: 417px) 100vw, 417px\" \/><\/a><\/p>\n<p><strong>ViajeroTrip<\/strong> es un blog donde se escribe en su gran mayor\u00eda sobre negocios, aplicaciones, herramientas que influyen en el diario vivir de los negocios, la idea es darle difusi\u00f3n a los productos y servicios que faciliten la tarea en un negocio. Por otro lado, al ser estudiante de periodismo lo que busco es compartir ciertas experiencias y noticias relevantes al mundo de negocios y<strong> Marketing Online<\/strong> lo que sin duda es vital para quien desarrolla un negocio por Internet. A diario no solo se buscan temas tan imporatntes como el dinero, las cotizaciones del mercado de divisas, metales preciosos y materias primas del sector, lo que se busca es informar de forma directa, simple y concreta sobre los precios de hoy, espec\u00edficamente en el mercado financiero<\/p>\n<p>Pero bueno ac\u00e1 en \u00e9ste blog vamos m\u00e1s por el lado de analizar sistemas, difundir servicios o productos de calidad y alg\u00fan dato de referencia sobre aplicaciones aplicadas a los negocios por Internet y convencionales. Las noticias como cotizaci\u00f3n de las divisas lo que es un dato fijo que afecta para bien o mal a diario en los mercados de todo el mundo, el petr\u00f3leo y el oro son sin duda varios de los datos referentes como noticias importantes a tomar en cuenta. En general ViajeroTrip el blog va por la tem\u00e1tica negocio, cotizaciones y reportes de mercado que influyen en los precios<\/p>\n","protected":false},"excerpt":{"rendered":"<p>ViajeroTrip es un blog donde se escribe en su gran mayor\u00eda sobre negocios, aplicaciones, herramientas que influyen en el diario vivir de los negocios, la idea es darle difusi\u00f3n a los productos y servicios que faciliten la tarea en un &hellip; <a href=\"https:\/\/blog.espol.edu.ec\/viajerotrip\/sobre-este-blog\/\">Sigue leyendo <span class=\"meta-nav\">&rarr;<\/span><\/a><\/p>\n","protected":false},"author":9266,"featured_media":0,"parent":0,"menu_order":0,"comment_status":"closed","ping_status":"closed","template":"","meta":{"footnotes":""},"class_list":["post-133","page","type-page","status-publish","hentry"],"aioseo_notices":[],"_links":{"self":[{"href":"https:\/\/blog.espol.edu.ec\/viajerotrip\/wp-json\/wp\/v2\/pages\/133","targetHints":{"allow":["GET"]}}],"collection":[{"href":"https:\/\/blog.espol.edu.ec\/viajerotrip\/wp-json\/wp\/v2\/pages"}],"about":[{"href":"https:\/\/blog.espol.edu.ec\/viajerotrip\/wp-json\/wp\/v2\/types\/page"}],"author":[{"embeddable":true,"href":"https:\/\/blog.espol.edu.ec\/viajerotrip\/wp-json\/wp\/v2\/users\/9266"}],"replies":[{"embeddable":true,"href":"https:\/\/blog.espol.edu.ec\/viajerotrip\/wp-json\/wp\/v2\/comments?post=133"}],"version-history":[{"count":3,"href":"https:\/\/blog.espol.edu.ec\/viajerotrip\/wp-json\/wp\/v2\/pages\/133\/revisions"}],"predecessor-version":[{"id":1142,"href":"https:\/\/blog.espol.edu.ec\/viajerotrip\/wp-json\/wp\/v2\/pages\/133\/revisions\/1142"}],"wp:attachment":[{"href":"https:\/\/blog.espol.edu.ec\/viajerotrip\/wp-json\/wp\/v2\/media?parent=133"}],"curies":[{"name":"wp","href":"https:\/\/api.w.org\/{rel}","templated":true}]}}