{"id":136,"date":"2015-09-01T09:53:41","date_gmt":"2015-09-01T14:53:41","guid":{"rendered":"http:\/\/blog.espol.edu.ec\/viajerotrip\/?page_id=136"},"modified":"2015-09-01T09:53:41","modified_gmt":"2015-09-01T14:53:41","slug":"contacto","status":"publish","type":"page","link":"https:\/\/blog.espol.edu.ec\/viajerotrip\/contacto\/","title":{"rendered":"Contacto"},"content":{"rendered":"<p>En general me la paso por aqu\u00ed con mucha frecuencia si necesitas contactarme para cualquier cosa relacionada con el blog y los escritos d\u00e9jame un mensaje en el formulario de abajo o puedes tambi\u00e9n dejarme un comentario en cualquier articulo del blog, sin duda te responder\u00e9 a la brevedad posible. Un saludo a todos.<\/p>\n<p>[contact-form-7 id=\"132\" title=\"Formulario de contacto 1\"]<\/p>\n","protected":false},"excerpt":{"rendered":"<p>En general me la paso por aqu\u00ed con mucha frecuencia si necesitas contactarme para cualquier cosa relacionada con el blog y los escritos d\u00e9jame un mensaje en el formulario de abajo o puedes tambi\u00e9n dejarme un comentario en cualquier articulo &hellip; <a href=\"https:\/\/blog.espol.edu.ec\/viajerotrip\/contacto\/\">Sigue leyendo <span class=\"meta-nav\">&rarr;<\/span><\/a><\/p>\n","protected":false},"author":9266,"featured_media":0,"parent":0,"menu_order":0,"comment_status":"closed","ping_status":"closed","template":"","meta":{"footnotes":""},"class_list":["post-136","page","type-page","status-publish","hentry"],"aioseo_notices":[],"_links":{"self":[{"href":"https:\/\/blog.espol.edu.ec\/viajerotrip\/wp-json\/wp\/v2\/pages\/136","targetHints":{"allow":["GET"]}}],"collection":[{"href":"https:\/\/blog.espol.edu.ec\/viajerotrip\/wp-json\/wp\/v2\/pages"}],"about":[{"href":"https:\/\/blog.espol.edu.ec\/viajerotrip\/wp-json\/wp\/v2\/types\/page"}],"author":[{"embeddable":true,"href":"https:\/\/blog.espol.edu.ec\/viajerotrip\/wp-json\/wp\/v2\/users\/9266"}],"replies":[{"embeddable":true,"href":"https:\/\/blog.espol.edu.ec\/viajerotrip\/wp-json\/wp\/v2\/comments?post=136"}],"version-history":[{"count":1,"href":"https:\/\/blog.espol.edu.ec\/viajerotrip\/wp-json\/wp\/v2\/pages\/136\/revisions"}],"predecessor-version":[{"id":137,"href":"https:\/\/blog.espol.edu.ec\/viajerotrip\/wp-json\/wp\/v2\/pages\/136\/revisions\/137"}],"wp:attachment":[{"href":"https:\/\/blog.espol.edu.ec\/viajerotrip\/wp-json\/wp\/v2\/media?parent=136"}],"curies":[{"name":"wp","href":"https:\/\/api.w.org\/{rel}","templated":true}]}}