{"id":21,"date":"2008-06-01T19:55:27","date_gmt":"2008-06-02T02:55:27","guid":{"rendered":"http:\/\/localhost\/wordpress\/?page_id=2"},"modified":"2009-03-24T14:05:51","modified_gmt":"2009-03-24T18:05:51","slug":"about","status":"publish","type":"page","link":"https:\/\/blog.espol.edu.ec\/vicente\/about\/","title":{"rendered":"Acerca de"},"content":{"rendered":"<p><strong>Vicente's Blog<br \/>\nEntre mis intereses est\u00e1n y no necesariamente en este orden:<\/strong><\/p>\n<p>Machine Learning, procesamiento digital de im\u00e1genes, gr\u00e1ficos por computador, teor\u00eda de la computaci\u00f3n, desarrollo de aplicaciones web, psicolog\u00eda, matem\u00e1ticas, sistemas de aprendizaje virtual, pervasive computing, criptozoolog\u00eda y el arte en general.<\/p>\n<table>\n<tr>\n<td>\n<img decoding=\"async\" src=\"http:\/\/www.google.com\/s2\/favicons?domain=twitter.com\" alt=\"\">\n<\/td>\n<td>\n<a href=\"http:\/\/twitter.com\/bluevincent\">My Twitter<\/a>\n<\/td>\n<\/tr>\n<tr>\n<td>\n<img decoding=\"async\" src=\"http:\/\/www.google.com\/s2\/favicons?domain=www.linkedin.com\" alt=\"\" \/>\n<\/td>\n<td>\n<a href=\"http:\/\/www.linkedin.com\/in\/vicenteordonez\">My Linkedin<\/a>\n<\/td>\n<\/tr>\n<tr>\n<td>\n<img decoding=\"async\" src=\"http:\/\/www.google.com\/s2\/favicons?domain=www.slideshare.net\" alt=\"\" \/>\n<\/td>\n<td>\n<a href=\"http:\/\/www.slideshare.net\/vicente.ordonez\">My Slideshare<\/a>\n<\/td>\n<\/tr>\n<\/table>\n","protected":false},"excerpt":{"rendered":"<p>Vicente's Blog Entre mis intereses est\u00e1n y no necesariamente en este orden: Machine Learning, procesamiento digital de im\u00e1genes, gr\u00e1ficos por computador, teor\u00eda de la computaci\u00f3n, desarrollo de aplicaciones web, psicolog\u00eda, matem\u00e1ticas, sistemas de aprendizaje virtual, pervasive computing, criptozoolog\u00eda y el arte en general. My Twitter My Linkedin My Slideshare<\/p>\n","protected":false},"author":75,"featured_media":0,"parent":0,"menu_order":0,"comment_status":"open","ping_status":"open","template":"","meta":{"_monsterinsights_skip_tracking":false,"_monsterinsights_sitenote_active":false,"_monsterinsights_sitenote_note":"","_monsterinsights_sitenote_category":0,"footnotes":""},"class_list":["post-21","page","type-page","status-publish","hentry"],"_links":{"self":[{"href":"https:\/\/blog.espol.edu.ec\/vicente\/wp-json\/wp\/v2\/pages\/21","targetHints":{"allow":["GET"]}}],"collection":[{"href":"https:\/\/blog.espol.edu.ec\/vicente\/wp-json\/wp\/v2\/pages"}],"about":[{"href":"https:\/\/blog.espol.edu.ec\/vicente\/wp-json\/wp\/v2\/types\/page"}],"author":[{"embeddable":true,"href":"https:\/\/blog.espol.edu.ec\/vicente\/wp-json\/wp\/v2\/users\/75"}],"replies":[{"embeddable":true,"href":"https:\/\/blog.espol.edu.ec\/vicente\/wp-json\/wp\/v2\/comments?post=21"}],"version-history":[{"count":13,"href":"https:\/\/blog.espol.edu.ec\/vicente\/wp-json\/wp\/v2\/pages\/21\/revisions"}],"predecessor-version":[{"id":189,"href":"https:\/\/blog.espol.edu.ec\/vicente\/wp-json\/wp\/v2\/pages\/21\/revisions\/189"}],"wp:attachment":[{"href":"https:\/\/blog.espol.edu.ec\/vicente\/wp-json\/wp\/v2\/media?parent=21"}],"curies":[{"name":"wp","href":"https:\/\/api.w.org\/{rel}","templated":true}]}}