{"id":1,"date":"2008-10-21T17:59:48","date_gmt":"2008-10-21T21:59:48","guid":{"rendered":""},"modified":"2008-10-27T20:32:15","modified_gmt":"2008-10-28T00:32:15","slug":"about","status":"publish","type":"page","link":"https:\/\/blog.espol.edu.ec\/vicenteriofrio\/about\/","title":{"rendered":"\u00bfQUIEN SOY? ME LLAMAN VICENTE RIOFRIO Y APRENDI A DECIR: A SUS SERVICIOS ..."},"content":{"rendered":"<p>\u00bfQUIEN SOY?<\/p>\n<p>LO QUE HOY SOY NO LO SER\u00c9 MA\u00d1ANA.<\/p>\n<p>SIEMPRE TRATO DE CONSTRUIR MI FUTURO, AUNQUE SEA POR UN D\u00cdA.<\/p>\n<p>CONSIDERO QUE NO ESTOY SOLO, TENGO UNA RED DE AMIGOS QUE ME GU\u00cdAN Y ME ALIENTAN A:NO FALLAR, NO DECAER, APOYARME EN ELLOS, PENSAR Y ACTUAR MEJOR.<\/p>\n<p>TRATO DE DAR LO MEJOR DE S\u00cd Y APEGARME A TODOS LOS PRINCIPIOS DE LA \u00c9TICA Y LA NATURALEZA.<\/p>\n<p>ME ENCANTAN EL SABOR DE LAS FRASES C\u00c9LEBRES.<\/p>\n<p>QUIEN QUIERA ENVIARME UNA PARA REFLEXIONAR SOBRE MI FUTURO, POR FAVOR:<\/p>\n<p>Ph. D. Vicente Antonio Riofr\u00edo Ter\u00e1n<br \/>\nProfesor Principal ICQA<\/p>\n<p>vriofrio@espol.edu.ec<\/p>\n<p>vriofriodoc@hotmail.com<br \/>\ntesis1.vicente@gmail.com<br \/>\ntel\u00e9fonos:<br \/>\ndom: 59342213134 \/ 59346010558<br \/>\noficina: 59342269558<br \/>\nfax: 59342853368<br \/>\nm\u00f3vil: 59386928978 \/ 59384339648<br \/>\nskype: Vicente Antonio Riofr\u00edo Ter\u00e1n<\/p>\n<p>\u00bfCU\u00c1L ES MI D\u00cdA FAVORITO?<br \/>\nLOS 7 DE CADA MES Y ME ENCANTAN LOS 7 DE ABRIL, EN ESPECIAL CUANDO LLUEVE Y EST\u00c1N JUNTO A M\u00cd: MIS AMIGOS.<\/p>\n<p>\u00bfCOMO ME VEO?<br \/>\nEMPRENDEDOR, ABIERTO A IDEAS INNOVADORAS, SOPORTE PARA CUALQUIER RED, ME ENCANTA PEDIR CHOCOLATES Y FRASES C\u00c9LEBRES.<br \/>\nSOY UN APASIONADO POR LA DIFUSI\u00d3N DE LAS CIENCIAS, TECNOLOG\u00cdA Y EMPRENDIMIENTO.<\/p>\n<p>ANDO CON LA IDEA DE IMPULSAR, CON LA RED DE LA ESPOL, LA FORMACI\u00d3N DEL PRIMER PREMIO NOBEL ECUATORIANO \u00bfQUI\u00c9N ME AYUDA?. YA SABE USTED DONDE CONTACTARME.<\/p>\n<p>CREO QUE YA HEMOS FORMADO EMPRENDEDORES MADUROS Y SU SEMILLERO.<\/p>\n<p>UN PASO HACIA LO ANTERIOR SE REFLEJA EN LA IM\u00c1GEN:<\/p>\n<div id=\"attachment_51\" style=\"width: 310px\" class=\"wp-caption aligncenter\"><a href=\"http:\/\/blog.espol.edu.ec\/vicenteriofrio\/files\/2008\/10\/p1070423.jpg\"><img loading=\"lazy\" decoding=\"async\" aria-describedby=\"caption-attachment-51\" class=\"size-medium wp-image-51\" src=\"http:\/\/blog.espol.edu.ec\/vicenteriofrio\/files\/2008\/10\/p1070423.jpg\" alt=\"PREMIACI\u00d3N GANADORES CSECT PRIMERA EDICI\u00d3N 24 09 08\" width=\"300\" height=\"225\" \/><\/a><p id=\"caption-attachment-51\" class=\"wp-caption-text\">PREMIACI\u00d3N GANADORES CSECT PRIMERA EDICI\u00d3N 24 09 08<\/p><\/div>\n<p>ME ENCANTA TOMAR FOTOS, \u00bfQUIERE UNA?: CONTACTARME -FREE-<\/p>\n<p>\u00bfQUIERE CONOCER SOBRE EL CSECT?<\/p>\n<p>M\u00c1S IM\u00c1GENES EN :<\/p>\n<p>http:\/\/picasaweb.google.es\/tesis1.vicente<\/p>\n<p>PARA MA\u00d1ANA: M\u00c1S, OTRA VEZ.<\/p>\n<form id=\"vozme_form_d41d8cd98f00b204e9800998ecf8427e\" method=\"post\" name=\"vozme_form_d41d8cd98f00b204e9800998ecf8427e\" target=\"d41d8cd98f00b204e9800998ecf8427e\" action=\"http:\/\/vozme.com\/text2voice.php\"><input name=\"text\" type=\"hidden\" value=\"\u00bfQUIEN SOY? ME LLAMAN VICENTE RIOFRIO Y APRENDI A DECIR: A SUS SERVICIOS .... \u00bfQUIEN SOY?\nLO QUE HOY SOY NO LO SER\u00c9 MA\u00d1ANA.\nSIEMPRE TRATO DE CONSTRUIR MI FUTURO, AUNQUE SEA POR UN D\u00cdA.\nCONSIDERO QUE NO ESTOY SOLO, TENGO UNA RED DE AMIGOS QUE ME GU\u00cdAN Y ME ALIENTAN A:NO FALLAR, NO DECAER, APOYARME EN ELLOS, PENSAR Y ACTUAR MEJOR.\nTRATO DE DAR LO MEJOR DE S\u00cd Y APEGARME A TODOS LOS PRINCIPIOS DE LA \u00c9TICA Y LA NATURALEZA.\nME ENCANTAN EL SABOR DE LAS FRASES C\u00c9LEBRES.\nQUIEN QUIERA ENVIARME UNA PARA REFLEXIONAR SOBRE MI FUTURO, POR FAVOR:\nPh. D. Vicente Antonio Riofr\u00edo Ter\u00e1n\nProfesor Principal ICQA\nvriofrio@espol.edu.ec\nvriofriodoc@hotmail.com\ntesis1.vicente@gmail.com\ntel\u00e9fonos:\ndom: 59342213134 \/ 59346010558\noficina: 59342269558\nfax: 59342853368\nm\u00f3vil: 59386928978 \/ 59384339648\nskype: Vicente Antonio Riofr\u00edo Ter\u00e1n\n\u00bfCU\u00c1L ES MI D\u00cdA FAVORITO?\nLOS 7 DE CADA MES Y ME ENCANTAN LOS 7 DE ABRIL, EN ESPECIAL CUANDO LLUEVE Y EST\u00c1N JUNTO A M\u00cd: MIS AMIGOS.\n\u00bfCOMO ME VEO?\nEMPRENDEDOR, ABIERTO A IDEAS INNOVADORAS, SOPORTE PARA CUALQUIER RED, ME ENCANTA PEDIR CHOCOLATES Y FRASES C\u00c9LEBRES.\nSOY UN APASIONADO POR LA DIFUSI\u00d3N DE LAS CIENCIAS, TECNOLOG\u00cdA Y EMPRENDIMIENTO.\nANDO CON LA IDEA DE IMPULSAR, CON LA RED DE LA ESPOL, LA FORMACI\u00d3N DEL PRIMER PREMIO NOBEL ECUATORIANO \u00bfQUI\u00c9N ME AYUDA?. YA SABE USTED DONDE CONTACTARME.\nCREO QUE YA HEMOS FORMADO EMPRENDEDORES MADUROS Y SU SEMILLERO.\nUN PASO HACIA LO ANTERIOR SE REFLEJA EN LA IM\u00c1GEN:\n[caption id=&quot;attachment_51&quot; align=&quot;aligncenter&quot; width=&quot;300&quot; caption=&quot;PREMIACI\u00d3N GANADORES CSECT PRIMERA EDICI\u00d3N 24 09 08&quot;][\/caption]\nME ENCANTA TOMAR FOTOS, \u00bfQUIERE UNA?: CONTACTARME -FREE-\n\u00bfQUIERE CONOCER SOBRE EL CSECT?\nM\u00c1S IM\u00c1GENES EN :\nhttp:\/\/picasaweb.google.es\/tesis1.vicente\nPARA MA\u00d1ANA: M\u00c1S, OTRA VEZ.\n\" \/><input name=\"lang\" type=\"hidden\" value=\"es\" \/><input name=\"gn\" type=\"hidden\" value=\"ml\" \/><input type=\"hidden\" id=\"interface\" name=\"interface\" value=\"full\" \/>\n\t\t\t<div style=\"margin-left:40%;\">\n\t\t\t\n\t\t\t\t<input style=\"float:left;\" type=\"image\" width=\"40\" height=\"40\" src=\"http:\/\/blog.espol.edu.ec\/vicenteriofrio\/wp-content\/plugins\/vozme\/img\/megaphone40x40w.gif\" alt=\"Escucha este post\" onclick=\"window.open('', 'd41d8cd98f00b204e9800998ecf8427e', 'width=600,height=370,scrollbars=yes,location=yes,menubar=yes,resizable=yes,status=yes,toolbar=yes');\">\n\t\t\t\t<div style=\"margin-left:48px; text-align:left;\"><a style=\"font-size:12px;\" href=\"javascript:void(0);\" onclick=\"window.open('', 'd41d8cd98f00b204e9800998ecf8427e', 'width=600,height=370,scrollbars=yes,location=yes,menubar=yes,resizable=yes,status=yes,toolbar=yes'); document.getElementById('vozme_form_d41d8cd98f00b204e9800998ecf8427e').submit();\">Escucha<br\/>este post<\/a><\/div>\n\t\t\t<\/div><\/form>","protected":false},"excerpt":{"rendered":"<p>\u00bfQUIEN SOY? LO QUE HOY SOY NO LO SER\u00c9 MA\u00d1ANA. SIEMPRE TRATO DE CONSTRUIR MI FUTURO, AUNQUE SEA POR UN D\u00cdA. CONSIDERO QUE NO ESTOY SOLO, TENGO UNA RED DE AMIGOS QUE ME GU\u00cdAN Y ME ALIENTAN A:NO FALLAR, NO DECAER, APOYARME EN ELLOS, PENSAR Y ACTUAR MEJOR. TRATO DE DAR LO MEJOR DE S\u00cd [&hellip;]<\/p>\n","protected":false},"author":194,"featured_media":0,"parent":0,"menu_order":0,"comment_status":"open","ping_status":"open","template":"","meta":{"_monsterinsights_skip_tracking":false,"_monsterinsights_sitenote_active":false,"_monsterinsights_sitenote_note":"","_monsterinsights_sitenote_category":0,"footnotes":""},"class_list":["post-1","page","type-page","status-publish","hentry"],"_links":{"self":[{"href":"https:\/\/blog.espol.edu.ec\/vicenteriofrio\/wp-json\/wp\/v2\/pages\/1","targetHints":{"allow":["GET"]}}],"collection":[{"href":"https:\/\/blog.espol.edu.ec\/vicenteriofrio\/wp-json\/wp\/v2\/pages"}],"about":[{"href":"https:\/\/blog.espol.edu.ec\/vicenteriofrio\/wp-json\/wp\/v2\/types\/page"}],"author":[{"embeddable":true,"href":"https:\/\/blog.espol.edu.ec\/vicenteriofrio\/wp-json\/wp\/v2\/users\/194"}],"replies":[{"embeddable":true,"href":"https:\/\/blog.espol.edu.ec\/vicenteriofrio\/wp-json\/wp\/v2\/comments?post=1"}],"version-history":[{"count":17,"href":"https:\/\/blog.espol.edu.ec\/vicenteriofrio\/wp-json\/wp\/v2\/pages\/1\/revisions"}],"predecessor-version":[{"id":46,"href":"https:\/\/blog.espol.edu.ec\/vicenteriofrio\/wp-json\/wp\/v2\/pages\/1\/revisions\/46"}],"wp:attachment":[{"href":"https:\/\/blog.espol.edu.ec\/vicenteriofrio\/wp-json\/wp\/v2\/media?parent=1"}],"curies":[{"name":"wp","href":"https:\/\/api.w.org\/{rel}","templated":true}]}}