{"id":63,"date":"2008-10-23T15:05:22","date_gmt":"2008-10-23T19:05:22","guid":{"rendered":"http:\/\/blog.espol.edu.ec\/vicenteriofrio\/?page_id=63"},"modified":"2008-10-23T15:05:22","modified_gmt":"2008-10-23T19:05:22","slug":"vivencias-del-curso-de-c-e-i-p001-221008","status":"publish","type":"page","link":"https:\/\/blog.espol.edu.ec\/vicenteriofrio\/vivencias-del-curso-de-c-e-i-p001-221008\/","title":{"rendered":"VIVENCIAS DEL CURSO DE C e I P001 (22\/10\/08)"},"content":{"rendered":"<div class=\"mceTemp mceIEcenter\"><em><strong>RESPONSABLE DE LA CREACI\u00d3N DE LOS BLOG DEL P001 DE CEI <\/strong><\/em><\/div>\n<div class=\"mceTemp mceIEcenter\"><strong><em>(22 \/ 10 \/ 2008)<\/em><\/strong><\/div>\n<div id=\"attachment_64\" style=\"width: 201px\" class=\"wp-caption aligncenter\"><a href=\"http:\/\/blog.espol.edu.ec\/vicenteriofrio\/files\/2008\/10\/p1080214.jpg\"><img loading=\"lazy\" decoding=\"async\" aria-describedby=\"caption-attachment-64\" class=\"size-medium wp-image-64\" src=\"http:\/\/blog.espol.edu.ec\/vicenteriofrio\/files\/2008\/10\/p1080214.jpg\" alt=\"REGISTRO DEL RESPONSABLE DE LA CREACI\u00d3N DE LOS BLOG DEL P001 DE CEI\" width=\"191\" height=\"300\" \/><\/a><p id=\"caption-attachment-64\" class=\"wp-caption-text\">REGISTRO DEL RESPONSABLE DE LA CREACI\u00d3N DE LOS BLOG DEL P001 DE CEI<\/p><\/div>\n<p style=\"text-align: left\">MICHAEL ISMAEL MONSERRATE TORRES<br \/>\nmiismonc@espol.edu.ec<br \/>\nmaicolRP@hotmail.com<br \/>\n59385887175<br \/>\n17-febrero<\/p>\n<p style=\"text-align: center\"><em><strong>RESPONSABLES DEL DESAF\u00cdO SOBRE \"TIPOS DE INVESTIGACI\u00d3N\" , GRUPO CUMPLIDORES VS CHOCOLATES2, P001 DE CEI <\/strong><\/em><\/p>\n<div id=\"attachment_66\" style=\"width: 179px\" class=\"wp-caption aligncenter\"><a href=\"http:\/\/blog.espol.edu.ec\/vicenteriofrio\/files\/2008\/10\/p1080216.jpg\"><img loading=\"lazy\" decoding=\"async\" aria-describedby=\"caption-attachment-66\" class=\"size-medium wp-image-66\" src=\"http:\/\/blog.espol.edu.ec\/vicenteriofrio\/files\/2008\/10\/p1080216.jpg\" alt=\"REGISTRO DE LAS RESPONSABLES DEL DESAF\u00cdO SOBRE &quot;TIPOS DE INVESTIGACI\u00d3N&quot;\" width=\"169\" height=\"300\" \/><\/a><p id=\"caption-attachment-66\" class=\"wp-caption-text\">REGISTRO DE LAS RESPONSABLES DEL DESAF\u00cdO SOBRE <\/p><\/div>\n<p style=\"text-align: left\">KEYLA JAZZIE TAGLE JIM\u00c9NEZ<br \/>\nkerly_10@hotmail.com<br \/>\nkejatag@espol.edu.ec<br \/>\n59385053457<br \/>\n07-Abril<\/p>\n<p style=\"text-align: left\">GRACE JAZM\u00cdN L\u00d3PEZ AGUIRRE<br \/>\njazeranesc88@hotmail.com<br \/>\ngrajalop@espol.edu.ec<br \/>\n59392623020<br \/>\n03-Septiembre<\/p>\n<p style=\"text-align: left\">ES UN DESAF\u00cdO 7 CONTRA 7 A LA DIN\u00c1MICA: \u00bfQUIENES EXPONEN MEJOR?<\/p>\n<p style=\"text-align: left\">\u00bfTEMA? TIPO DE INVESTIGACI\u00d3N. APUESTA: CHOCOLATES GALAK -IMPORTADOS-<\/p>\n<p style=\"text-align: left\">\n<p style=\"text-align: left\">\n<p style=\"text-align: center\">M\u00c1S IM\u00c1GENES EN :<\/p>\n<p style=\"text-align: center\">http:\/\/picasaweb.google.es\/tesis1.vicente<\/p>\n<form id=\"vozme_form_e640fa1dea5aac800b14abaf087ad042\" method=\"post\" name=\"vozme_form_e640fa1dea5aac800b14abaf087ad042\" target=\"e640fa1dea5aac800b14abaf087ad042\" action=\"http:\/\/vozme.com\/text2voice.php\"><input name=\"text\" type=\"hidden\" value=\"VIVENCIAS DEL CURSO DE C e I P001 (22\/10\/08). RESPONSABLE DE LA CREACI\u00d3N DE LOS BLOG DEL P001 DE CEI \n(22 \/ 10 \/ 2008)\n[caption id=&quot;attachment_64&quot; align=&quot;aligncenter&quot; width=&quot;191&quot; caption=&quot;REGISTRO DEL RESPONSABLE DE LA CREACI\u00d3N DE LOS BLOG DEL P001 DE CEI&quot;][\/caption]\nMICHAEL ISMAEL MONSERRATE TORRES\nmiismonc@espol.edu.ec\nmaicolRP@hotmail.com\n59385887175\n17-febrero\nRESPONSABLES DEL DESAF\u00cdO SOBRE &quot;TIPOS DE INVESTIGACI\u00d3N&quot; , GRUPO CUMPLIDORES VS CHOCOLATES2, P001 DE CEI \n[caption id=&quot;attachment_66&quot; align=&quot;aligncenter&quot; width=&quot;169&quot; caption=&quot;REGISTRO DE LAS RESPONSABLES DEL DESAF\u00cdO SOBRE &quot;][\/caption]\nKEYLA JAZZIE TAGLE JIM\u00c9NEZ\nkerly_10@hotmail.com\nkejatag@espol.edu.ec\n59385053457\n07-Abril\nGRACE JAZM\u00cdN L\u00d3PEZ AGUIRRE\njazeranesc88@hotmail.com\ngrajalop@espol.edu.ec\n59392623020\n03-Septiembre\nES UN DESAF\u00cdO 7 CONTRA 7 A LA DIN\u00c1MICA: \u00bfQUIENES EXPONEN MEJOR?\n\u00bfTEMA? TIPO DE INVESTIGACI\u00d3N. APUESTA: CHOCOLATES GALAK -IMPORTADOS-\n\n\nM\u00c1S IM\u00c1GENES EN :\nhttp:\/\/picasaweb.google.es\/tesis1.vicente\n\" \/><input name=\"lang\" type=\"hidden\" value=\"es\" \/><input name=\"gn\" type=\"hidden\" value=\"ml\" \/><input type=\"hidden\" id=\"interface\" name=\"interface\" value=\"full\" \/>\n\t\t\t<div style=\"margin-left:40%;\">\n\t\t\t\n\t\t\t\t<input style=\"float:left;\" type=\"image\" width=\"40\" height=\"40\" src=\"http:\/\/blog.espol.edu.ec\/vicenteriofrio\/wp-content\/plugins\/vozme\/img\/megaphone40x40w.gif\" alt=\"Escucha este post\" onclick=\"window.open('', 'e640fa1dea5aac800b14abaf087ad042', 'width=600,height=370,scrollbars=yes,location=yes,menubar=yes,resizable=yes,status=yes,toolbar=yes');\">\n\t\t\t\t<div style=\"margin-left:48px; text-align:left;\"><a style=\"font-size:12px;\" href=\"javascript:void(0);\" onclick=\"window.open('', 'e640fa1dea5aac800b14abaf087ad042', 'width=600,height=370,scrollbars=yes,location=yes,menubar=yes,resizable=yes,status=yes,toolbar=yes'); document.getElementById('vozme_form_e640fa1dea5aac800b14abaf087ad042').submit();\">Escucha<br\/>este post<\/a><\/div>\n\t\t\t<\/div><\/form>","protected":false},"excerpt":{"rendered":"<p>RESPONSABLE DE LA CREACI\u00d3N DE LOS BLOG DEL P001 DE CEI (22 \/ 10 \/ 2008) MICHAEL ISMAEL MONSERRATE TORRES miismonc@espol.edu.ec maicolRP@hotmail.com 59385887175 17-febrero RESPONSABLES DEL DESAF\u00cdO SOBRE \"TIPOS DE INVESTIGACI\u00d3N\" , GRUPO CUMPLIDORES VS CHOCOLATES2, P001 DE CEI KEYLA JAZZIE TAGLE JIM\u00c9NEZ kerly_10@hotmail.com kejatag@espol.edu.ec 59385053457 07-Abril GRACE JAZM\u00cdN L\u00d3PEZ AGUIRRE jazeranesc88@hotmail.com grajalop@espol.edu.ec 59392623020 03-Septiembre [&hellip;]<\/p>\n","protected":false},"author":194,"featured_media":0,"parent":0,"menu_order":0,"comment_status":"open","ping_status":"open","template":"","meta":{"_monsterinsights_skip_tracking":false,"_monsterinsights_sitenote_active":false,"_monsterinsights_sitenote_note":"","_monsterinsights_sitenote_category":0,"footnotes":""},"class_list":["post-63","page","type-page","status-publish","hentry"],"_links":{"self":[{"href":"https:\/\/blog.espol.edu.ec\/vicenteriofrio\/wp-json\/wp\/v2\/pages\/63","targetHints":{"allow":["GET"]}}],"collection":[{"href":"https:\/\/blog.espol.edu.ec\/vicenteriofrio\/wp-json\/wp\/v2\/pages"}],"about":[{"href":"https:\/\/blog.espol.edu.ec\/vicenteriofrio\/wp-json\/wp\/v2\/types\/page"}],"author":[{"embeddable":true,"href":"https:\/\/blog.espol.edu.ec\/vicenteriofrio\/wp-json\/wp\/v2\/users\/194"}],"replies":[{"embeddable":true,"href":"https:\/\/blog.espol.edu.ec\/vicenteriofrio\/wp-json\/wp\/v2\/comments?post=63"}],"version-history":[{"count":4,"href":"https:\/\/blog.espol.edu.ec\/vicenteriofrio\/wp-json\/wp\/v2\/pages\/63\/revisions"}],"predecessor-version":[{"id":70,"href":"https:\/\/blog.espol.edu.ec\/vicenteriofrio\/wp-json\/wp\/v2\/pages\/63\/revisions\/70"}],"wp:attachment":[{"href":"https:\/\/blog.espol.edu.ec\/vicenteriofrio\/wp-json\/wp\/v2\/media?parent=63"}],"curies":[{"name":"wp","href":"https:\/\/api.w.org\/{rel}","templated":true}]}}