{"id":17,"date":"2010-06-11T19:57:26","date_gmt":"2010-06-11T19:57:26","guid":{"rendered":"http:\/\/blog.espol.edu.ec\/vichucor\/?page_id=17"},"modified":"2010-06-11T19:57:26","modified_gmt":"2010-06-11T19:57:26","slug":"deporte","status":"publish","type":"page","link":"https:\/\/blog.espol.edu.ec\/vichucor\/deporte\/","title":{"rendered":"DEPORTE"},"content":{"rendered":"<h1>Michael Ballack sufre lesi\u00f3n de tobillo y se pierde elMundial<\/h1>\n<p>El capit\u00e1n de la selecci\u00f3n alemana, Michael Ballack, no estar\u00e1 en el Mundial de Sud\u00e1frica, debido a una lesi\u00f3n en el tobillo derecho, anunci\u00f3 la Federaci\u00f3n Alemana de F\u00fatbol (DFB).<\/p>\n<p>Ballack fue v\u00edctima de una entrada de su compatriota Boateng en la final de la Copa de Inglaterra, que su equipo, el Chelsea, gan\u00f3 al Portsmouth (1-0).<\/p>\n<p>\"Michael Ballack no podr\u00e1 jugar en la Copa del Mundo de Sud\u00e1frica de 2010\", confirm\u00f3 la DFB en un mensaje de texto enviado a los periodistas.<\/p>\n<p>La Federaci\u00f3n Alemana inform\u00f3 que Ballack se someti\u00f3 a pruebas m\u00e9dicas que mostraron que ten\u00eda parcialmente roto un ligamento de su pierna derecha, aunque no se apreciaba ning\u00fan<\/p>\n<p><img decoding=\"async\" src=\"http:\/\/contenido.sugerimos.com\/contenido\/uploads\/296013f517201092722a.JPG\" alt=\"Deportes\u00a0-\u00a0F\u00daTBOL\u00a0-\u00a0Alemania\u00a0-\u00a0\" \/><\/p>\n<p>El FC Barcelona consigui\u00f3 revalidar el t\u00edtulo de campe\u00f3n de Liga gracias a la contundente victoria ante el Valladolid (4-0), un triunfo que signific\u00f3 acabar la temporada con 99 puntos, r\u00e9cord hist\u00f3rico, y con un t\u00edtulo que permitir\u00e1 a este grupo continuar haciendo historia.<\/p>\n<p>El Real Madrid se ha quedado a tres puntos tras su empate frente al M\u00e1laga. Los dos candidatos al t\u00edtulo liguero se lo jugaban el mismo d\u00eda, a la misma hora, pero a los pocos minutos de comenzar ambos encuentros no hab\u00eda dudas de cu\u00e1l ser\u00eda el desenlace: el equipo de Guardiola cantar\u00eda su vig\u00e9simo alir\u00f3n y dejar\u00eda para el recuerdo un \u00e1lbum de fotos hist\u00f3rico.<\/p>\n<p><img decoding=\"async\" src=\"http:\/\/contenido.sugerimos.com\/contenido\/uploads\/296015f5172010105012a.JPG\" alt=\"Deportes\u00a0-\u00a0F\u00daTBOL\u00a0-\u00a0Espa\u00ef\u00bf\u00bda\u00a0-\u00a0\" \/><\/p>\n","protected":false},"excerpt":{"rendered":"<p>Michael Ballack sufre lesi\u00f3n de tobillo y se pierde elMundial El capit\u00e1n de la selecci\u00f3n alemana, Michael Ballack, no estar\u00e1 en el Mundial de Sud\u00e1frica, debido a una lesi\u00f3n en el tobillo derecho, anunci\u00f3 la Federaci\u00f3n Alemana de F\u00fatbol (DFB). Ballack fue v\u00edctima de una entrada de su compatriota Boateng en la final de la [&hellip;]<\/p>\n","protected":false},"author":4398,"featured_media":0,"parent":0,"menu_order":0,"comment_status":"open","ping_status":"open","template":"","meta":{"footnotes":""},"class_list":["post-17","page","type-page","status-publish","hentry"],"_links":{"self":[{"href":"https:\/\/blog.espol.edu.ec\/vichucor\/wp-json\/wp\/v2\/pages\/17","targetHints":{"allow":["GET"]}}],"collection":[{"href":"https:\/\/blog.espol.edu.ec\/vichucor\/wp-json\/wp\/v2\/pages"}],"about":[{"href":"https:\/\/blog.espol.edu.ec\/vichucor\/wp-json\/wp\/v2\/types\/page"}],"author":[{"embeddable":true,"href":"https:\/\/blog.espol.edu.ec\/vichucor\/wp-json\/wp\/v2\/users\/4398"}],"replies":[{"embeddable":true,"href":"https:\/\/blog.espol.edu.ec\/vichucor\/wp-json\/wp\/v2\/comments?post=17"}],"version-history":[{"count":1,"href":"https:\/\/blog.espol.edu.ec\/vichucor\/wp-json\/wp\/v2\/pages\/17\/revisions"}],"predecessor-version":[{"id":18,"href":"https:\/\/blog.espol.edu.ec\/vichucor\/wp-json\/wp\/v2\/pages\/17\/revisions\/18"}],"wp:attachment":[{"href":"https:\/\/blog.espol.edu.ec\/vichucor\/wp-json\/wp\/v2\/media?parent=17"}],"curies":[{"name":"wp","href":"https:\/\/api.w.org\/{rel}","templated":true}]}}