{"id":44,"date":"2016-10-26T07:07:33","date_gmt":"2016-10-26T07:07:33","guid":{"rendered":"http:\/\/blog.espol.edu.ec\/victoriacarpio\/?page_id=44"},"modified":"2016-10-26T07:58:10","modified_gmt":"2016-10-26T07:58:10","slug":"lugares-a-visitar","status":"publish","type":"page","link":"https:\/\/blog.espol.edu.ec\/victoriacarpio\/lugares-a-visitar\/","title":{"rendered":"PLaya la Gabarra"},"content":{"rendered":"<p style=\"text-align: center\"><span style=\"color: #000080\">PLAYA LA GABARRA EN SANTA LUCIA<\/span><\/p>\n<p style=\"text-align: center\"><img loading=\"lazy\" decoding=\"async\" class=\"alignnone size-medium wp-image-54\" src=\"http:\/\/blog.espol.edu.ec\/victoriacarpio\/files\/2016\/10\/14805579_734311146726328_1766368820_n-300x225.jpg\" alt=\"14805579_734311146726328_1766368820_n\" width=\"300\" height=\"225\" srcset=\"https:\/\/blog.espol.edu.ec\/victoriacarpio\/files\/2016\/10\/14805579_734311146726328_1766368820_n-300x225.jpg 300w, https:\/\/blog.espol.edu.ec\/victoriacarpio\/files\/2016\/10\/14805579_734311146726328_1766368820_n.jpg 640w\" sizes=\"auto, (max-width: 300px) 100vw, 300px\" \/><\/p>\n<p style=\"text-align: center\"><span style=\"color: #800080\">Los ba\u00f1istas tienen \u00a0como alternativa durante los fines de semana el sector de La Gabarra, a orillas del r\u00edo Daule, donde adem\u00e1s pueden degustar de los platos t\u00edpicos que en este lugar se les ofrece.<\/span><\/p>\n<p style=\"text-align: center\"><span style=\"color: #800080\">En la pasada apertura de temporada playera estuvo presente \u00a0La orquesta \u00a0y \u00a0El Combo de Darwin . Hasta el sitio llegaron turistas de Guayaquil, as\u00ed como de Manab\u00ed y Los R\u00edos.<\/span><\/p>\n<p style=\"text-align: center\"><span style=\"color: #800080\">Bollo de pescado, ceviches, seco de pato y caldo de gallina ser\u00e1n parte del men\u00fa que ofrecer\u00e1n los comedores los s\u00e1bados y domingos.<\/span><\/p>\n<p style=\"text-align: center\"><span style=\"color: #800080\">El burgomaestre anunci\u00f3 que durante los fines de semana habr\u00e1 shows art\u00edsticos, con la finalidad de que los turistas puedan disfrutar de una jornada de esparcimiento entre amigo y familiares.<\/span><\/p>\n<p style=\"text-align: center\"><span style=\"color: #800080\">Para seguridad de los visitantes se cuenta con el apoyo de socorristas de Gesti\u00f3n de Riesgos del Municipio y elementos de la Polic\u00eda Nacional. Tambi\u00e9n estar\u00e1n disponibles varias ambulancias.<\/span><\/p>\n<p style=\"text-align: center\"><span style=\"color: #800080\">\u201cUn a\u00f1o m\u00e1s realizamos este proyecto para incentivar el turismo en el cant\u00f3n guayasense, que es bendecido por nuestra Virgen de los Ojos\u201d,\u00a0<\/span><\/p>\n<p style=\"text-align: center\"><img loading=\"lazy\" decoding=\"async\" class=\"alignnone size-medium wp-image-51\" src=\"http:\/\/blog.espol.edu.ec\/victoriacarpio\/files\/2016\/10\/PLAYA-300x170.jpg\" alt=\"playa\" width=\"300\" height=\"170\" srcset=\"https:\/\/blog.espol.edu.ec\/victoriacarpio\/files\/2016\/10\/PLAYA-300x170.jpg 300w, https:\/\/blog.espol.edu.ec\/victoriacarpio\/files\/2016\/10\/PLAYA-768x434.jpg 768w, https:\/\/blog.espol.edu.ec\/victoriacarpio\/files\/2016\/10\/PLAYA.jpg 892w\" sizes=\"auto, (max-width: 300px) 100vw, 300px\" \/><\/p>\n<p style=\"text-align: center\"><span style=\"color: #000080\">REGATAS<\/span><\/p>\n<p style=\"text-align: center\" align=\"justify\"><img loading=\"lazy\" decoding=\"async\" class=\"alignnone size-full wp-image-45\" src=\"http:\/\/blog.espol.edu.ec\/victoriacarpio\/files\/2016\/10\/regata-02.jpg\" alt=\"regata-02\" width=\"267\" height=\"182\" \/><\/p>\n<p style=\"text-align: center\" align=\"justify\"><img loading=\"lazy\" decoding=\"async\" class=\"alignnone size-medium wp-image-50\" src=\"http:\/\/blog.espol.edu.ec\/victoriacarpio\/files\/2016\/10\/PLAYAAAA-300x200.jpg\" alt=\"playaaaa\" width=\"300\" height=\"200\" srcset=\"https:\/\/blog.espol.edu.ec\/victoriacarpio\/files\/2016\/10\/PLAYAAAA-300x200.jpg 300w, https:\/\/blog.espol.edu.ec\/victoriacarpio\/files\/2016\/10\/PLAYAAAA-768x512.jpg 768w, https:\/\/blog.espol.edu.ec\/victoriacarpio\/files\/2016\/10\/PLAYAAAA.jpg 960w\" sizes=\"auto, (max-width: 300px) 100vw, 300px\" \/><\/p>\n<p style=\"text-align: center\" align=\"justify\"><span style=\"color: #800080\">Miles de turistas se dan\u00a0cita en el Complejo Tur\u00edstico Playa la\u00a0Gabarra para disfrutar de la Regata Santa Luc\u00eda , donde\u00a0participan expertos fuerabordistas del Club N\u00e1utico Vinces quienes \u00a0demuestran sus habilidades en el R\u00edo Daule en las categor\u00edas A y B, adem\u00e1s de tener\u00a0presentaciones en vivo de artistas y orquestas invitadas.<\/span><br \/>\n<span style=\"color: #800080\">Autoridades\u00a0principales se hacen presente en este evento.<\/span><br \/>\n<span style=\"color: #800080\">se afirma \u00a0\u201cQue estas regatas son tradicionales en Santa Luc\u00eda y la misma que ayuda a impulsar el turismo\u201d.<\/span><img loading=\"lazy\" decoding=\"async\" class=\" wp-image-46 aligncenter\" src=\"http:\/\/blog.espol.edu.ec\/victoriacarpio\/files\/2016\/10\/regata1.jpg\" alt=\"regata1\" width=\"420\" height=\"286\" \/><\/p>\n<p style=\"text-align: center\" align=\"justify\"><img loading=\"lazy\" decoding=\"async\" class=\"\" src=\"https:\/\/fbcdn-sphotos-g-a.akamaihd.net\/hphotos-ak-xpf1\/v\/t1.0-9\/14141902_300574160297918_2865673040604004038_n.jpg?oh=456d41c41722694f2130ef93197c627d&amp;oe=58962918&amp;__gda__=1486928754_64efeb07e68c0df63cecc5456e590c4b\" width=\"452\" height=\"254\" \/><\/p>\n<p style=\"text-align: center\" align=\"justify\"><img decoding=\"async\" src=\"https:\/\/fbcdn-sphotos-a-a.akamaihd.net\/hphotos-ak-xfp1\/v\/t1.0-9\/14141485_300574170297917_3678963160534512225_n.jpg?oh=e2cbc533ec68ada791f283e80439304a&amp;oe=588ED39C&amp;__gda__=1487770901_b547a75758272d8b42551941011d001f\" \/><\/p>\n<p style=\"text-align: center\" align=\"justify\"><img decoding=\"async\" src=\"https:\/\/scontent-atl3-1.xx.fbcdn.net\/v\/t1.0-9\/14142080_300574163631251_8607691028472062004_n.jpg?oh=c99e1f90753e7ec053cd5b120af34025&amp;oe=588AC185\" \/><\/p>\n<p style=\"text-align: center\" align=\"justify\"><img decoding=\"async\" src=\"https:\/\/scontent-atl3-1.xx.fbcdn.net\/v\/t1.0-9\/14079611_300574280297906_3161635702433209465_n.jpg?oh=c4af69f0f54779b349a6a71b3ff86f39&amp;oe=58A02753\" \/><img decoding=\"async\" src=\"https:\/\/scontent-atl3-1.xx.fbcdn.net\/v\/t1.0-9\/14089053_300574333631234_522406734076582705_n.jpg?oh=6a05e809783b51b300585dc3ba487a3d&amp;oe=589BCFB7\" \/><img decoding=\"async\" src=\"https:\/\/fbcdn-sphotos-g-a.akamaihd.net\/hphotos-ak-xfp1\/v\/t1.0-9\/14088491_300574346964566_7416436426447833554_n.jpg?oh=1f74e14d77e9374dbeb509c3c6d56794&amp;oe=58A93052&amp;__gda__=1487153371_08d862afb1c3b94b596815bb64a39db9\" \/><\/p>\n","protected":false},"excerpt":{"rendered":"<p>PLAYA LA GABARRA EN SANTA LUCIA Los ba\u00f1istas tienen \u00a0como alternativa durante los fines de semana el sector de La Gabarra, a orillas del r\u00edo Daule, donde adem\u00e1s pueden degustar de los platos t\u00edpicos que en este lugar se les &hellip; <a href=\"https:\/\/blog.espol.edu.ec\/victoriacarpio\/lugares-a-visitar\/\">Sigue leyendo <span class=\"meta-nav\">&rarr;<\/span><\/a><\/p>\n","protected":false},"author":10605,"featured_media":0,"parent":0,"menu_order":0,"comment_status":"closed","ping_status":"closed","template":"","meta":{"footnotes":""},"class_list":["post-44","page","type-page","status-publish","hentry"],"_links":{"self":[{"href":"https:\/\/blog.espol.edu.ec\/victoriacarpio\/wp-json\/wp\/v2\/pages\/44","targetHints":{"allow":["GET"]}}],"collection":[{"href":"https:\/\/blog.espol.edu.ec\/victoriacarpio\/wp-json\/wp\/v2\/pages"}],"about":[{"href":"https:\/\/blog.espol.edu.ec\/victoriacarpio\/wp-json\/wp\/v2\/types\/page"}],"author":[{"embeddable":true,"href":"https:\/\/blog.espol.edu.ec\/victoriacarpio\/wp-json\/wp\/v2\/users\/10605"}],"replies":[{"embeddable":true,"href":"https:\/\/blog.espol.edu.ec\/victoriacarpio\/wp-json\/wp\/v2\/comments?post=44"}],"version-history":[{"count":7,"href":"https:\/\/blog.espol.edu.ec\/victoriacarpio\/wp-json\/wp\/v2\/pages\/44\/revisions"}],"predecessor-version":[{"id":61,"href":"https:\/\/blog.espol.edu.ec\/victoriacarpio\/wp-json\/wp\/v2\/pages\/44\/revisions\/61"}],"wp:attachment":[{"href":"https:\/\/blog.espol.edu.ec\/victoriacarpio\/wp-json\/wp\/v2\/media?parent=44"}],"curies":[{"name":"wp","href":"https:\/\/api.w.org\/{rel}","templated":true}]}}