{"id":62,"date":"2016-10-26T08:07:21","date_gmt":"2016-10-26T08:07:21","guid":{"rendered":"http:\/\/blog.espol.edu.ec\/victoriacarpio\/?page_id=62"},"modified":"2016-10-26T17:05:52","modified_gmt":"2016-10-26T17:05:52","slug":"historia","status":"publish","type":"page","link":"https:\/\/blog.espol.edu.ec\/victoriacarpio\/historia\/","title":{"rendered":"Historia"},"content":{"rendered":"<p style=\"text-align: center\"><span style=\"color: #333399\">PORQUE EL NOMBRE SANTA LUCIA<\/span><\/p>\n<p style=\"text-align: center\"><span style=\"color: #333399\"><img loading=\"lazy\" decoding=\"async\" class=\"aligncenter\" src=\"https:\/\/fbcdn-sphotos-e-a.akamaihd.net\/hphotos-ak-xft1\/v\/t1.0-9\/11009949_1648156288729939_546712724726048117_n.jpg?oh=66d782b57f53b32435898162f763bb16&amp;oe=58AC288F&amp;__gda__=1487262725_777c25a3aaf8fa908160c67f006ab4a3\" width=\"724\" height=\"241\" \/><\/span><\/p>\n<p style=\"text-align: justify\"><span style=\"color: #800080\">Lleva este nombre en honor a Santa Luc\u00eda llamada por sus habitantes Virgen de los ojos bellos. Cuenta la leyenda que una hermosa ni\u00f1a, probablemente la misma Santa Luc\u00eda, acostumbraba sentarse todas las tardes debajo de un enorme \u00e1rbol. Cuando muri\u00f3 fue enterrada en ese sitio y que un amanecer del mes de julio, unos campesinos escucharon una m\u00fasica de campanilla que proven\u00eda de un \u00e1rbol de matapalo, al mirarlo los temerosos labriegos observaron que una lucecita sal\u00eda de un peque\u00f1o bulto, esa era la imagen de Santa Luc\u00eda, lugar donde se construy\u00f3 el templo y se form\u00f3 la poblaci\u00f3n.<\/span><\/p>\n<p style=\"text-align: center\"><span style=\"color: #333399\">HISTORIA DE LA VIRGEN DE SANTA LUCIA<\/span><\/p>\n<p style=\"text-align: justify\"><span style=\"color: #333399\">La leyenda de Santa Lucia cuenta que ella naci\u00f3 en Siracusa, Sicilia, alrededor del a\u00f1o 283.\u00a0 Se dice que su madre Eutychia, sufr\u00eda de hemorragias y que ella la llev\u00f3 a ver el cad\u00e1ver de la virgen-m\u00e1rtir Santa \u00c1gata, la patrona de las hemorragias,\u00a0 donde recibi\u00f3 un alivio.\u00a0 La joven virgen que hab\u00eda sido prometida a un joven romano, us\u00f3 esta oportunidad para tratar de convencer a su madre que no deb\u00eda casarse porque hab\u00eda dedicado su virginidad a dios. Al enterarse, el prometido se enfureci\u00f3 por el desprecio y la denuncia ante la ley.\u00a0<\/span><\/p>\n<p style=\"text-align: justify\"><img loading=\"lazy\" decoding=\"async\" class=\"aligncenter\" src=\"http:\/\/www.cincominutosconjesus.org\/wp-content\/uploads\/2014\/11\/santa_lucia.jpg\" alt=\"Resultado de imagen para historia de la virgen santa lucia\" width=\"355\" height=\"479\" \/><\/p>\n<p style=\"text-align: justify\"><span style=\"color: #333399\">El Gobernador de Sicilia, Paschius, la condena a un prost\u00edbulo, pero ella se rehus\u00f3 a cumplir la pena, el castigo se cambia por la pena de muerte. Dicen que trataron de quemarla pero no pudieron por lo que optaron ejecutarla usando una espada, en ese momento pierde la vista y antes de morir la vuelve a recuperar, he aqu\u00ed la raz\u00f3n por la cual la llaman la patrona de los ojos. Antes de morir pronuncia unas maldiciones \"profes\u00edas\" contra sus verdugos. Muri\u00f3 un 13 de diciembre del a\u00f1o 304.<\/span><\/p>\n<p>&nbsp;<\/p>\n","protected":false},"excerpt":{"rendered":"<p>PORQUE EL NOMBRE SANTA LUCIA Lleva este nombre en honor a Santa Luc\u00eda llamada por sus habitantes Virgen de los ojos bellos. Cuenta la leyenda que una hermosa ni\u00f1a, probablemente la misma Santa Luc\u00eda, acostumbraba sentarse todas las tardes debajo &hellip; <a href=\"https:\/\/blog.espol.edu.ec\/victoriacarpio\/historia\/\">Sigue leyendo <span class=\"meta-nav\">&rarr;<\/span><\/a><\/p>\n","protected":false},"author":10605,"featured_media":0,"parent":0,"menu_order":0,"comment_status":"closed","ping_status":"closed","template":"","meta":{"footnotes":""},"class_list":["post-62","page","type-page","status-publish","hentry"],"_links":{"self":[{"href":"https:\/\/blog.espol.edu.ec\/victoriacarpio\/wp-json\/wp\/v2\/pages\/62","targetHints":{"allow":["GET"]}}],"collection":[{"href":"https:\/\/blog.espol.edu.ec\/victoriacarpio\/wp-json\/wp\/v2\/pages"}],"about":[{"href":"https:\/\/blog.espol.edu.ec\/victoriacarpio\/wp-json\/wp\/v2\/types\/page"}],"author":[{"embeddable":true,"href":"https:\/\/blog.espol.edu.ec\/victoriacarpio\/wp-json\/wp\/v2\/users\/10605"}],"replies":[{"embeddable":true,"href":"https:\/\/blog.espol.edu.ec\/victoriacarpio\/wp-json\/wp\/v2\/comments?post=62"}],"version-history":[{"count":3,"href":"https:\/\/blog.espol.edu.ec\/victoriacarpio\/wp-json\/wp\/v2\/pages\/62\/revisions"}],"predecessor-version":[{"id":84,"href":"https:\/\/blog.espol.edu.ec\/victoriacarpio\/wp-json\/wp\/v2\/pages\/62\/revisions\/84"}],"wp:attachment":[{"href":"https:\/\/blog.espol.edu.ec\/victoriacarpio\/wp-json\/wp\/v2\/media?parent=62"}],"curies":[{"name":"wp","href":"https:\/\/api.w.org\/{rel}","templated":true}]}}