{"id":2,"date":"2016-11-15T15:25:42","date_gmt":"2016-11-15T15:25:42","guid":{"rendered":"http:\/\/blog.espol.edu.ec\/vigahim\/?page_id=2"},"modified":"2016-11-15T12:36:00","modified_gmt":"2016-11-15T17:36:00","slug":"pagina-ejemplo","status":"publish","type":"page","link":"https:\/\/blog.espol.edu.ec\/vigahim\/pagina-ejemplo\/","title":{"rendered":"Turismo en las Pe\u00f1as"},"content":{"rendered":"<p><strong>Historia<\/strong><\/p>\n<p>Las Pe\u00f1as con m\u00e1s de 400 a\u00f1os de antig\u00fcedad, es el primer barrio de Guayaquil. Su nombre se debe justamente a la cantidad de pe\u00f1ascos, pedregones y rocas calc\u00e1reas, que pose\u00eda el cerro, cuando se asentaron los espa\u00f1oles, all\u00e1 por el siglo XVI.\u00a0 En 1982, fue declarado patrimonio cultural del Ecuador\u00a0 y entre\u00a0 los a\u00f1os 2002 y 2008, tuvo un proceso de restauraci\u00f3n y regeneraci\u00f3n realizado por el Municipio.<br \/>\nEste barrio, nacido en la \u00e9poca colonial, que hacia el siglo XVII era el balneario guayaquile\u00f1o sobre la r\u00eda, o el sitio de descanso veraniego de gente adinerada, fue destruido en dos ocasiones por los incendios que azolaron Guayaquil en diferentes \u00e9pocas. El primero fue el de la noche del 5 y ma\u00f1ana del 6 de Octubre de 1896 y el segundo, el 16 de Julio de 1902. Pero siempre se levant\u00f3 de las\u00a0 cenizas como el Ave F\u00e9nix, gracias al empuje y valor de los guayaquile\u00f1os. El hecho de haber sido construido nuevamente en la \u00e9poca de la Rep\u00fablica, le hizo perder su condici\u00f3n de arquitectura colonial.<br \/>\nEl barrio en sus or\u00edgenes fue el hogar de humildes artesanos y pescadores, pero en los a\u00f1os XX con la llegada de la bonanza, producto del boom cacaotero, el sector fue\u00a0 ocupado por hacendados acaudalados,\u00a0 quienes construyeron la mayor\u00eda de las casas lujosas que se conservan hasta hoy y son una reliquia.<br \/>\nAll\u00ed vivieron ilustres personajes de la pol\u00edtica, la empresa y la cultura de Guayaquil, entre ellos once presidentes de la rep\u00fablica, como Carlos Arroyo del R\u00edo, Francisco Robles, Jos\u00e9 Luis Tamayo, Carlos Julio Arosemena Tola, Alfredo Baquerizo Moreno y Eloy Alfaro; escritores como Enrique Gil Gilbert, historiadores como Rafael Pino Roca, los pintores Manuel Rend\u00f3n Seminario y Alfredo Espinoza Tamayo, la educadora Rita Lecumberry, el m\u00fasico Antonio Neumane creador de la m\u00fasica del Himno Nacional. Incluso se cuenta que el revolucionario Ernesto \u201cChe\u201d Guevara, vivi\u00f3 un tiempo, ayudando como pediatra en forma gratuita a sus moradores y que tambi\u00e9n fueron visitantes del sector, el escritor norteamericano Ernest Heminway y el poeta chileno Neftal\u00ed Reyes m\u00e1s conocido como Pablo Neruda.<br \/>\n<strong>Atractivos<\/strong><\/p>\n<p>Su estilo arquitect\u00f3nico de inicios del siglo XX\u00a0 con sus hermosas casas de madera, que reflejan el desarrollo de la industria maderera, cl\u00e1sica de la ciudad; su aspecto colorido y rom\u00e1ntico de calles angostas y empedradas; su paisaje natural de ensue\u00f1o por estar situado en el cerro y frente al r\u00edo y su ambiente bohemio.<\/p>\n<p><img decoding=\"async\" src=\"http:\/\/www.guayaquilesmidestino.com\/sites\/default\/files\/header\/barrio-las-penas.jpg\" \/><\/p>\n","protected":false},"excerpt":{"rendered":"<p>Historia Las Pe\u00f1as con m\u00e1s de 400 a\u00f1os de antig\u00fcedad, es el primer barrio de Guayaquil. Su nombre se debe justamente a la cantidad de pe\u00f1ascos, pedregones y rocas calc\u00e1reas, que pose\u00eda el cerro, cuando se asentaron los espa\u00f1oles, all\u00e1 por el siglo XVI.\u00a0 En 1982, fue declarado patrimonio cultural del Ecuador\u00a0 y entre\u00a0 los [&hellip;]<\/p>\n","protected":false},"author":10799,"featured_media":0,"parent":0,"menu_order":0,"comment_status":"closed","ping_status":"open","template":"","meta":{"footnotes":""},"class_list":["post-2","page","type-page","status-publish","hentry"],"_links":{"self":[{"href":"https:\/\/blog.espol.edu.ec\/vigahim\/wp-json\/wp\/v2\/pages\/2","targetHints":{"allow":["GET"]}}],"collection":[{"href":"https:\/\/blog.espol.edu.ec\/vigahim\/wp-json\/wp\/v2\/pages"}],"about":[{"href":"https:\/\/blog.espol.edu.ec\/vigahim\/wp-json\/wp\/v2\/types\/page"}],"author":[{"embeddable":true,"href":"https:\/\/blog.espol.edu.ec\/vigahim\/wp-json\/wp\/v2\/users\/10799"}],"replies":[{"embeddable":true,"href":"https:\/\/blog.espol.edu.ec\/vigahim\/wp-json\/wp\/v2\/comments?post=2"}],"version-history":[{"count":2,"href":"https:\/\/blog.espol.edu.ec\/vigahim\/wp-json\/wp\/v2\/pages\/2\/revisions"}],"predecessor-version":[{"id":19,"href":"https:\/\/blog.espol.edu.ec\/vigahim\/wp-json\/wp\/v2\/pages\/2\/revisions\/19"}],"wp:attachment":[{"href":"https:\/\/blog.espol.edu.ec\/vigahim\/wp-json\/wp\/v2\/media?parent=2"}],"curies":[{"name":"wp","href":"https:\/\/api.w.org\/{rel}","templated":true}]}}