{"id":20,"date":"2016-11-15T12:38:08","date_gmt":"2016-11-15T17:38:08","guid":{"rendered":"http:\/\/blog.espol.edu.ec\/vigahim\/?page_id=20"},"modified":"2016-11-15T12:38:08","modified_gmt":"2016-11-15T17:38:08","slug":"malecon-2000","status":"publish","type":"page","link":"https:\/\/blog.espol.edu.ec\/vigahim\/malecon-2000\/","title":{"rendered":"Malecon 2000"},"content":{"rendered":"<p>El Malec\u00f3n es un pilar hist\u00f3rico de la ciudad, ya que desde \u00e9l se expandi\u00f3 su crecimiento y a los inicios de la urbe tuvo un importante papel en su desarrollo y embellecimiento. El Malec\u00f3n 2000 es uno de los nuevos imanes de la ciudad que atrae a miles de personas, especialmente los fines de semana.<\/p>\n<p>Est\u00e1\u00a0dividido en sectores, los mismos que muestran la variedad de las grandezas de Guayaquil, cada uno de ellos con un color diferente. As\u00ed en su comienzo muestra la diversidad de banderas del Ecuador con un colorido contrastante, para que el \u201cPalacio de Cristal\u201d que muestre con sencillez su imponente mirada.<\/p>\n<p><strong>Fecha de Creaci\u00f3n<\/strong><br \/>\n25 de julio del 2000.<\/p>\n<p><strong>Extensi\u00f3n<\/strong><br \/>\nRepresenta 2 Km. y medio de largo en su gran total. Con una superficie de cerca de 20 hect\u00e1reas.<\/p>\n<p><strong>Descripci\u00f3n<\/strong><br \/>\nEn 1995, gracias a la iniciativa del Banco La Previsora, se hab\u00eda elaborado un anteproyecto elaborado por la Universidad de Oxford, dise\u00f1ado para transformar el malec\u00f3n y regenerar el centro de la ciudad.<\/p>\n<p><strong>Atractivos<\/strong><br \/>\n\u2022 <strong>El Pabell\u00f3n de los Donantes<\/strong> que es un reconocimiento a las donaciones voluntarias recibidas para llevar a cabo esta obra.<\/p>\n<p>\u2022<strong> El \u00e1rea de comida<\/strong> tiene dos edificaciones: la primera contiene en su planta superior un establecimiento de comidas r\u00e1pidas y en su planta baja servicios higi\u00e9nicos generales para el p\u00fablico que visita el \u00e1rea, la segunda edificaci\u00f3n es el bar restaurante Resaca.<\/p>\n<p>\u2022 <strong>La zona de ejercicios<\/strong> est\u00e1 dotada de equipos para aer\u00f3bicos y ejercicios al aire libre y es lugar de reuni\u00f3n de personas que desde muy temprano trotan todos los d\u00edas en el Malec\u00f3n 2000.<\/p>\n<p>\u2022 <strong>Zona de recreaci\u00f3n de infantes,<\/strong> existe un conjunto de circuitos l\u00fadicos para los m\u00e1s peque\u00f1os, entre ellos la plaza del Vag\u00f3n y sitios de descanso bajo la sombra de \u00e1rboles que se han conservado.<\/p>\n<p>El \u00e1rea de juegos cuenta con una torre mirador, tobog\u00e1n, resbaladeras, puentes colgantes, hamacas, carruseles y adem\u00e1s juegos que incentivan a los ni\u00f1os a divertirse sanamente en un lugar tranquilo y seguro. Se ha dise\u00f1ado una pista de patinaje.<\/p>\n<p><img decoding=\"async\" src=\"http:\/\/www.ec.viajandox.com\/uploads\/Jardines%20-%20Malec%C3%B3n%20Sim%C3%B3n%20Bol%C3%ADvar_1.jpg\" alt=\"\" \/>\u2022 <strong>Jardines del Malec\u00f3n,<\/strong> es sin duda uno de los m\u00e1s hermosos y variados coloridos, porque adem\u00e1s de contar con plazas y plazoletas creadas para complementar la belleza que confiere la naturaleza, puede conocer la diversidad de m\u00e1s de 350 especies vegetales nativas y las que han sido introducidas al pa\u00eds.<\/p>\n<p>\u2022 <strong>Los Carruajes<\/strong> con una estaci\u00f3n ubicada en el Malec\u00f3n y Sucre se ofrecen paseos por rutas tur\u00edsticas en carruajes.<\/p>\n","protected":false},"excerpt":{"rendered":"<p>El Malec\u00f3n es un pilar hist\u00f3rico de la ciudad, ya que desde \u00e9l se expandi\u00f3 su crecimiento y a los inicios de la urbe tuvo un importante papel en su desarrollo y embellecimiento. El Malec\u00f3n 2000 es uno de los nuevos imanes de la ciudad que atrae a miles de personas, especialmente los fines de [&hellip;]<\/p>\n","protected":false},"author":10799,"featured_media":0,"parent":0,"menu_order":0,"comment_status":"closed","ping_status":"closed","template":"","meta":{"footnotes":""},"class_list":["post-20","page","type-page","status-publish","hentry"],"_links":{"self":[{"href":"https:\/\/blog.espol.edu.ec\/vigahim\/wp-json\/wp\/v2\/pages\/20","targetHints":{"allow":["GET"]}}],"collection":[{"href":"https:\/\/blog.espol.edu.ec\/vigahim\/wp-json\/wp\/v2\/pages"}],"about":[{"href":"https:\/\/blog.espol.edu.ec\/vigahim\/wp-json\/wp\/v2\/types\/page"}],"author":[{"embeddable":true,"href":"https:\/\/blog.espol.edu.ec\/vigahim\/wp-json\/wp\/v2\/users\/10799"}],"replies":[{"embeddable":true,"href":"https:\/\/blog.espol.edu.ec\/vigahim\/wp-json\/wp\/v2\/comments?post=20"}],"version-history":[{"count":1,"href":"https:\/\/blog.espol.edu.ec\/vigahim\/wp-json\/wp\/v2\/pages\/20\/revisions"}],"predecessor-version":[{"id":22,"href":"https:\/\/blog.espol.edu.ec\/vigahim\/wp-json\/wp\/v2\/pages\/20\/revisions\/22"}],"wp:attachment":[{"href":"https:\/\/blog.espol.edu.ec\/vigahim\/wp-json\/wp\/v2\/media?parent=20"}],"curies":[{"name":"wp","href":"https:\/\/api.w.org\/{rel}","templated":true}]}}