{"id":38,"date":"2016-11-15T14:13:16","date_gmt":"2016-11-15T19:13:16","guid":{"rendered":"http:\/\/blog.espol.edu.ec\/vigahim\/?page_id=38"},"modified":"2016-11-15T14:13:16","modified_gmt":"2016-11-15T19:13:16","slug":"museos","status":"publish","type":"page","link":"https:\/\/blog.espol.edu.ec\/vigahim\/museos\/","title":{"rendered":"Museos"},"content":{"rendered":"<h2 class=\"page_heading_text\">Museo del Bombero \"Cnel. F\u00e9lix Luque Plata\"<\/h2>\n<p><img decoding=\"async\" src=\"http:\/\/www.guayaquilesmidestino.com\/sites\/default\/files\/plazasyparques\/bomberos-pano02-cesar-mera.jpg\" \/><\/p>\n<p><strong>Historia<\/strong><\/p>\n<p>El Museo del Benem\u00e9rito Cuerpo de Bomberos de Guayaquil, se cre\u00f3 del 1 de Junio de 1979por disposici\u00f3n del Decreto Supremo N\u00ba 3463, publicado ese d\u00eda en el Registro Oficial N\u00ba 856.\u00a0 Las primeras acciones para su funcionamiento se iniciaron el 25 de Julio de 1979 cuando se recolectaron equipos y artefactos de la instituci\u00f3n.<br \/>\nEl Museo fue inaugurado oficialmente el 25 de Julio de 1982 con el nombre de \u201cCoronel F\u00e9lix Luque Plata\u201d, uno de los m\u00e1s ilustres Jefes del Cuerpo de Bomberos.\u00a0 Su primera sede fue una peque\u00f1a \u00e1rea del Mezzanine de la antigua planta proveedora de agua, que fuera abierta el 1 de Enero de 1905, durante del Gobierno de Eloy Alfaro.<br \/>\nEl museo tiene su importancia hist\u00f3rica y de identidad con Guayaquil, pues esta ciudad tiene una historia de varios incendios que destruyeron la urbe en varias ocasiones, siendo los bomberos, los h\u00e9roes que acudieron en el auxilio de sus habitantes.<br \/>\nEn el 2001, en la administraci\u00f3n del coronel Jaime Cucal\u00f3n Icaza se construy\u00f3 el museo en las dimensiones y dise\u00f1o actual conservando su estructura original de principios del siglo XX.<br \/>\n<strong>Atractivos<\/strong><\/p>\n<p>La antigua puerta de ingreso al museo que es una considerada una reliquia. El port\u00f3n que data de los a\u00f1os 20y que perteneci\u00f3 a la casa de la se\u00f1ora Clementina Roca de Pe\u00f1a, situada en la avenida Chile y\u00a0 calle Clemente Ball\u00e9n, se salv\u00f3\u00a0 del incendio producido\u00a0 por la ca\u00edda de un avi\u00f3n militar llamado \u2018Diablo Rojo\u2019 en el centro de la ciudad, un 8 de Mayo de 1939. La\u00a0 puerta fue adquirida tiempo despu\u00e9s por el Coronel Aurelio Carrera Calvo.<br \/>\nEn la Plazoleta del edificio, se observa una fuente cuya existencia se la consigna en fotograf\u00edas de 1902. Tambi\u00e9n es atractivo un semic\u00edrculo en el que se levantan los bustos de los Jefes del cuerpo de Bomberos, Coroneles Asisclo\u00a0 Garay Portocarrero, Aurelio Carrera Calvo, Julio C\u00e9sar Rumbea Rosales, Manuel D\u00edaz Granados, Genaro Cucal\u00f3n Jim\u00e9nez\u00a0 y Gabriel G\u00f3mez S\u00e1nchez.<br \/>\nEn el museo se exhiben antiguas motobombas, herramientas, carretas, uniformes y condecoraciones, as\u00ed como una valiosa galer\u00eda de \u00f3leos y retratos de los Comandantes del Cuerpo de Bomberos.<br \/>\nTambi\u00e9n se exhiben los diferentes modelos de Bombas contra incendios que se utilizaron en Guayaquil, desde las carretas tiradas por caballos a finales del siglo XIX, las maquinarias de 1878, hasta los modernos carros bombas actuales.<br \/>\nEntre las vestimentas, una de las que m\u00e1s distingue es el traje de asbesto, que serv\u00eda para incendios de altas temperaturas, que en la actualidad ya no es utilizado. En cuanto al aspecto hist\u00f3rico, se puede conocer los grandes incendios, historia, lugares y condiciones, en la que trabajaron los miembros de la Casaca Roja.<br \/>\nEl Museo conserva en su piso, los adoquines usados en tiempos coloniales para las calles de Guayaquil. Posee salas de exhibici\u00f3n de reliquias y galer\u00edas de fotos de Bomberos ilustres.<\/p>\n<p>&nbsp;<\/p>\n<h2 class=\"page_heading_text\">Museo de los Equipos del Astillero: Barcelona y Emelec<\/h2>\n<p><img decoding=\"async\" src=\"http:\/\/www.guayaquilesmidestino.com\/sites\/default\/files\/plazasyparques\/dsc_5015-museo-de-barcelona-direccion-de-prensa.jpg\" \/><\/p>\n<p><strong>Historia<\/strong><\/p>\n<p>Los museos rinden homenaje a los dos clubes deportivos y equipos de f\u00fatbol m\u00e1s populares de Guayaquil, Barcelona y Emelec, nacidos a fines de la d\u00e9cada de 1920, en el denominado \u201cBarrio del Astillero\u201d, de ah\u00ed su nombre, que era el lugar donde se constru\u00edan las embarcaciones fluviales.<br \/>\nEl museo de Barcelona, inaugurado el 9 de Julio de 2013, rinde homenaje al equipo de f\u00fatbol m\u00e1s popular del pa\u00eds, que fuera fundado el viernes 1 de mayo de 1925 por empresarios espa\u00f1oles y ecuatorianos en casa del catal\u00e1n Eutimio P\u00e9rez. Este club, es el que mayor veces ha ganado el t\u00edtulo de campe\u00f3n ecuatoriano de f\u00fatbol profesional (14) (desde 1957 a 2014) y ha sido dos veces subcampe\u00f3n de la Copa Libertadores de Am\u00e9rica (1990 y 2008).<br \/>\nEmelec es un club nacido en la Empresa El\u00e9ctrica del Ecuador, que fuera fundado el 28 de abril de 1929 por el estadounidense George Capwell. Ostenta el t\u00edtulo de campe\u00f3n nacional de f\u00fatbol en 10 ocasiones. Actualmente el museo de esta instituci\u00f3n, est\u00e1 en proceso de remodelaci\u00f3n.<br \/>\n<strong>Atractivos<\/strong><\/p>\n<p>En el museo de Barcelona se exhiben: camisetas del equipo, fotograf\u00edas, afiches y videos legendarios de jugadores, jugadas, partidos importantes, maqueta del estadio, vestimenta y zapatos pertenecientes a jugadores referentes del equipo, trofeos, placas, balones. Para la exhibici\u00f3n de videos, hay un cine de tres pantallas.<\/p>\n<p>&nbsp;<\/p>\n<h2 class=\"page_heading_text\">Museo de la Cerveza<\/h2>\n<p><img decoding=\"async\" src=\"http:\/\/www.guayaquilesmidestino.com\/sites\/default\/files\/plazasyparques\/dsc_0830-direccion-de-prensa.jpg\" \/><\/p>\n<p><strong>Historia<\/strong><\/p>\n<p>Inaugurado el 27 de Julio de 2009, como un espacio dedicado a la cultura y el turismo, el museo est\u00e1 ubicado a orillas del r\u00edo Guayas, en el Puerto Santa Ana, en el mismo sitio donde funcion\u00f3 la Cervecer\u00eda Nacional desde 1887, a\u00f1o en que se vendi\u00f3 la primera cerveza de fabricaci\u00f3n guayaquile\u00f1a y en el que la empresa inici\u00f3 sus operaciones como f\u00e1brica de hielo y cerveza.<br \/>\nEl museo de 70 metros cuadrados, muestra en tres vitrinas,\u00a0 una investigaci\u00f3n realizada por la historiadora guayaquile\u00f1a Jenny Estrada, que narra los 10.000 a\u00f1os de historia cervecera en el mundo y los m\u00e1s de 100 a\u00f1os de esta bebida en Guayaquil, que es un producto \u00edcono de la cultura y la vida guayaquile\u00f1a, que transform\u00f3 su vida laboral, pues no solo cambi\u00f3 la costumbre de consumir bebidas importadas sino que cre\u00f3 plazas de trabajo.<br \/>\n<strong>Atractivos<\/strong><\/p>\n<p>Figuras en miniatura hechas en resina, que recrean escenas de c\u00f3mo se elaboraba y transportaba la cerveza. Adem\u00e1s de reliquias, ejemplares de envases, fotograf\u00edas, reconocimientos, documentos, referentes a la cerveza y una rese\u00f1a hist\u00f3rica de la Cervecer\u00eda Nacional, inici\u00f3 sus operaciones como una f\u00e1brica de hielo y cerveza.<\/p>\n<p>&nbsp;<\/p>\n<h2 class=\"page_heading_text\">Museo de la M\u00fasica Popular Julio Jaramillo Laurido<\/h2>\n<p><img decoding=\"async\" src=\"http:\/\/www.guayaquilesmidestino.com\/sites\/default\/files\/plazasyparques\/567-museo-de-la-musica-popularefren-aviles-m_0.jpg\" \/><\/p>\n<p><strong>Historia<\/strong><\/p>\n<p>Inaugurado el 1 de Marzo de 2008, auspiciado y sustentado por la Municipalidad de Guayaquil, lleva el nombre de Julio Jaramillo, en honor a ese cantante guayaquile\u00f1o popularmente conocido como \u201cJota Jota\u201d o \u201cRuise\u00f1or de Am\u00e9rica\u201d, considerado el mejor cantor popular ecuatoriano de todos los tiempos y un s\u00edmbolo en la m\u00fasica nacional.<br \/>\nSu objetivo, es preservar, enriquecer y difundir nuestro patrimonio musical a las nuevas generaciones. En el museo, se hace un repaso a m\u00e1s de un siglo de historia de destacados autores, compositores y promotores ecuatorianos.<br \/>\nEl recorrido hist\u00f3rico va desde 1892 en que se fund\u00f3 la primera escuela de la m\u00fasica en Guayaquil, hasta 1978, a\u00f1o de la muerte de Julio Jaramillo.Comprende adem\u00e1s, una visi\u00f3n hist\u00f3rica de la industria fonogr\u00e1fica en el Ecuador y el mundo, rescatando el aporte de los pioneros de la radiodifusi\u00f3n local y la industria discogr\u00e1fica nacional.<br \/>\n<strong>Atractivos<\/strong><\/p>\n<p>Fotograf\u00edas en blanco y negro, car\u00e1tulas de discos, revistas, rockolas, cassetes, partituras, prendas, instrumentos musicales y equipos de sonido desde la \u00e9poca antigua a la moderna. Adem\u00e1s se exhiben objetos como: grandes fotograf\u00edas en blanco y negro, prendas y partituras que datan desde 1892 y que pertenec\u00edan a la primera Escuela de la M\u00fasica de Guayaquil que profesionaliz\u00f3 a varios m\u00fasicos que inicialmente se forjaron de forma emp\u00edrica.<br \/>\nTambi\u00e9n son atrayentes, las recreaciones en estatuas de los m\u00fasicos popularmente conocidos como \u201clagarteros\u201d y que daban las tradicionales serenatas abajo de los balcones de las antiguas casas guayaquile\u00f1as, as\u00ed como de bares reconocidos como La Lagartera y el Fortich que eran muy concurridos en d\u00e9cadas pasadas.<br \/>\nEntre las gigantograf\u00edas que se exhiben, destaca una que corresponde a la primera orquesta de la Sociedad Filantr\u00f3pica,\u00a0 creada en 1910 por el maestro Claudio Roza, agrupaci\u00f3n que compuso un himno y un toque marcial para el ex presidente de Ecuador, general Eloy Alfaro Delgado. En esta banda, se destac\u00f3 de manera especial, y as\u00ed lo resalta el museo, el m\u00fasico Nicol\u00e1s Mestanza\u00a0 \u00c1lava, conocido popularmente como \u201cNi\u00f1o Prodigio\u201d, porque siendo menor de edad, lleg\u00f3 a ser el director de la orquesta.<br \/>\nEntre las fotos, resalta por su valor hist\u00f3rico, la del viaje a Nueva York en 1930, del afamado grupo Ecuador integrado por Nicasio Safadi\u00a0 y Enrique Ib\u00e1\u00f1ez, quienes junto al promotor musical Domingo Feraud Guzm\u00e1n, llegaron hasta los estudios de Columbia Records, para grabar, adem\u00e1s de varias canciones, el tradicional pasillo \u201cGuayaquil de mis Amores\u201d, convertido en un himno popular de la urbe.<br \/>\nOtra fotograf\u00eda impactante es la del parque \u201cAmerican Park\u201d, propiedad del empresario guayaquile\u00f1o Rodolfo Baquerizo Moreno, que entre las d\u00e9cadas de 1940 y 1950, era el sitio de moda y que adem\u00e1s de ser un sitio de esparcimiento deportivo y recreativo, realizaba los tradicionales bailes con las mejores orquestas nacionales e internacionales.<br \/>\nEn lo concerniente a la historia de la industria fonogr\u00e1fica ecuatoriana, que tuvo como \u00edcono a la empresa \u201cIfesa\u201d por ser la primera en fabricar discos, se exhibe el primer disco de 78 revoluciones por minuto, que se grab\u00f3, prens\u00f3 y comercializ\u00f3 en el pa\u00eds y que tra\u00eda el tema \u201cEn la Lejan\u00eda\u201d, pasillo compuesto en su m\u00fasica por el \u00edcono musical de Guayaquil, Carlos Rubira Infante y escrito por Wenceslao Pareja.<br \/>\nEn este ambiente, tambi\u00e9n destacan las partituras y discos originales de los pasillos \u201cEnsue\u00f1o Rom\u00e1ntico\u201d, \u201cDe Coraz\u00f3n a Coraz\u00f3n\u201d y \u201cLimosna de Amor\u201d, cantados por el D\u00fao Ecuador y grabados en su in\u00e9dito viaje a Nueva York.<br \/>\nEntre los equipos de sonido, ubicados en una vitrina especial, situada en la primera sala, en un pasillo de madera que emula a los pisos de las antiguas casas de Guayaquil, se exhiben: un gram\u00f3fono con la foto de su inventor, el alem\u00e1n Emile Berliner y un fon\u00f3grafo, equipo mec\u00e1nico inventado por Tom\u00e1s Alva Edison en 1877, del\u00a0 que se conoce, es el primero en emitir sonidos grabados mediante cilindros elaborados en cera, que fueron los antecesores de los denominados discos planos que luego fabric\u00f3 Berliner, utilizando zinc, pizarra y otros materiales que permitieron reproducir sonidos de mejor calidad.<br \/>\nTambi\u00e9n hay las cl\u00e1sicas radiolas y rockolas, tan apetecidas en las d\u00e9cadas del 50 al 70, y que ahora son consideradas reliquias.<br \/>\nEntre las fotograf\u00edas, destaca una de las denominadas \u201cEstudiantinas\u201d, que eran grupos musicales femeninos, que impusieron una moda a inicios del siglo XX, por tocar instrumentos de cuerdas poco convencionales como bandurrias, mandolinas, liras, adem\u00e1s de las cl\u00e1sicas guitarras.<br \/>\nAdem\u00e1s hay un cap\u00edtulo especial para Julio Jaramillo en el que hay una estatua de cera y un busto con su imagen, fotograf\u00edas, ropa, discos, car\u00e1tulas, recortes de peri\u00f3dicos y m\u00e1s art\u00edculos relacionados con \u00e9l.<br \/>\nEntre los art\u00edculos, destacan una recreaci\u00f3n de un ni\u00f1o elaborando zapatos, en alusi\u00f3n al primer oficio de Julio Jaramillo, antes de dedicarse por entero a la m\u00fasica y una pintura basada en una fotograf\u00eda que se tom\u00f3 el cantante junto a varios personajes importantes, como el c\u00e9lebre actor ecuatoriano Ernesto Alb\u00e1n, quien inmortaliz\u00f3 el personaje de \u201cDon Evaristo\u201d, un popular personaje de la serran\u00eda, que criticaba los aspectos sociales, pol\u00edticos, costumbristas del pa\u00eds; el radiodifusor Carlos Armando Romero Rodas, uno de los mayores impulsores de la carrera de \u201cJota Jota\u201d y otros m\u00fasicos, tomada en el conocido bar \u201cRinc\u00f3n de Los Artistas\u201d que era el centro de reuni\u00f3n de la bohemia porte\u00f1a.<br \/>\n<strong>Servicios<\/strong><\/p>\n<p>El museo cuenta con un auditorio (sala m\u00faltiple) para 120 personas, dotado de recursos tecnol\u00f3gicos para proyecciones audiovisuales y realizaci\u00f3n de programas especiales, que ponen al p\u00fabico en contacto con los m\u00fasicos populares. En este espacio, que lleva el nombre del inmortal compositor Nicasio Safadi\u00a0 Reves, funciona la Escuela del Pasillo, dedicada a incentivar el talento de j\u00f3venes int\u00e9rpretes y futuros compositores nacionales.<br \/>\nLas c\u00e1tedras principales est\u00e1n a cargo de consagrados valores de la m\u00fasica ecuatoriana, como los maestros Carlos Rubira Infante, Fresia Saavedra, Naldo\u00a0 Campos, entre otros.<\/p>\n<p>&nbsp;<\/p>\n<h2 class=\"page_heading_text\">Museo Naval El Fort\u00edn del Cerro Santa Ana<\/h2>\n<p><img decoding=\"async\" src=\"http:\/\/www.guayaquilesmidestino.com\/sites\/default\/files\/plazasyparques\/parques-y-areas-naturales-273-cj-gonzalez.jpg\" \/><\/p>\n<p><strong>Historia<\/strong><\/p>\n<p>El Museo Naval \u201cFort\u00edn del Cerro Santa Ana\u201d, construido en el 2002 e inaugurado el 31 de Octubre del 2003, fue creado por la Fundaci\u00f3n Ecuatoriana del Mar (Fundemar) en convenio con el Municipio de Guayaquil y la Fundaci\u00f3n Siglo XXI para resaltar la importancia de la actividad mar\u00edtima en esta ciudad \u2013 puerto, que desde sus inicios tiene en el r\u00edo Guayas, la principal v\u00eda de comunicaci\u00f3n para establecer comercio, con lo que contribuye al progreso de la urbe.<\/p>\n<p>Este museo situado al aire libre, est\u00e1 ubicado en el antiguo asentamiento del \u201cFuerte de la Polvorosa\u201d en el cerro Santa Ana, que sirvi\u00f3 en tiempos coloniales para la vigilancia y defensa de la ciudad, contra los ataques piratas, por su privilegiada situaci\u00f3n desde lo alto de la colina; y que hasta hace pocos a\u00f1os atr\u00e1s era utilizado para disparar salvas de ca\u00f1\u00f3n, en las Fiestas Patrias, como parte de esta historia naval, el museo brinda su reconocimiento a cuatro de los forjadores navales del pa\u00eds, con sus respectivos bustos, como son: Capit\u00e1n de Fragata Rafael Mor\u00e1n Valverde, Capit\u00e1n de Nav\u00edo Rafael Andrade Lalama, General de Divisi\u00f3n Thomas Charles Wright Montgomery y el Almirante Juan Illingworth Hunt.<br \/>\n<strong>Atractivos<\/strong><\/p>\n<p>En el museo se conservan 21 objetos que datan desde el siglo XVI y otros de la era moderna, hasta el siglo XX. Entre las piezas reliquias, hay r\u00e9plicas de los buques m\u00e1s representativos de nuestra tradici\u00f3n mar\u00edtima, que eran antiguas naves de madera construidas en los astilleros guayaquile\u00f1os, como la reproducci\u00f3n de la proa \u2018Jes\u00fas, Mar\u00eda de la Limpia y Pura Concepci\u00f3n de Nuestra Se\u00f1ora (1544-1654), construido para el Rey de Espa\u00f1a; la r\u00e9plica de la popa de la Capitana y el ancla que perteneci\u00f3 al crucero Cotopaxi que despu\u00e9s fue bautizado como Ca\u00f1onero Calder\u00f3n, el gale\u00f3n m\u00e1s grande e imponente construido en las colonias espa\u00f1olas de Am\u00e9rica del Sur y en la que se usaron helic\u00f3pteros para su colocaci\u00f3n.<br \/>\nEntre los\u00a0 instrumentos de navegaci\u00f3n, hay un astrolabio n\u00e1utico, usado para observar la altura, lugar y movimientos de los astros y orientarse en el mar;\u00a0 y otros para deducir la latitud de la nave en el mar, el cuadrante, para ubicar la latitud de un barco en altamar; un calibrador de presi\u00f3n, la ballestina, para calcular la altura de la estrella polar; el reloj solar que a trav\u00e9s de un gnomon o barra horizontal, marca las horas seg\u00fan la inclinaci\u00f3n de las sombras; una linterna de fabricaci\u00f3n sueca que, la utilizaban como faros desde 1950 hasta 1970 a lo largo de la Costa y las Islas Gal\u00e1pagos; as\u00ed como, anclas, un tel\u00e9grafo y un reflector.<br \/>\nTambi\u00e9n hay armas y ca\u00f1ones (unos, originales y otros, r\u00e9plicas), que formaban parte del armamento utilizado en los siglos XVI y XVIII para nuestra defensa, como un ca\u00f1\u00f3n de 3.480 libras y munici\u00f3n de 30 libras, construido en 1865; otro construido en 1709, el ca\u00f1onero Calder\u00f3n que entr\u00f3 al servicio de la Armada en 1886 y un ca\u00f1\u00f3n montado sobre ruedas de madera construido en 1875.<br \/>\nEst\u00e1n adem\u00e1s, vestigios de los restos de los cimientos del fuerte, llamado tambi\u00e9n \u201cLa Polvorosa\u201d que fue fundado en 1629 y considerado como la \u00fanica defensa militar de Guayaquil contra los ataques piratas. Adem\u00e1s, en el patio central del museo hay un reloj de sol.<\/p>\n","protected":false},"excerpt":{"rendered":"<p>Museo del Bombero \"Cnel. F\u00e9lix Luque Plata\" Historia El Museo del Benem\u00e9rito Cuerpo de Bomberos de Guayaquil, se cre\u00f3 del 1 de Junio de 1979por disposici\u00f3n del Decreto Supremo N\u00ba 3463, publicado ese d\u00eda en el Registro Oficial N\u00ba 856.\u00a0 Las primeras acciones para su funcionamiento se iniciaron el 25 de Julio de 1979 cuando [&hellip;]<\/p>\n","protected":false},"author":10799,"featured_media":0,"parent":0,"menu_order":0,"comment_status":"closed","ping_status":"closed","template":"","meta":{"footnotes":""},"class_list":["post-38","page","type-page","status-publish","hentry"],"_links":{"self":[{"href":"https:\/\/blog.espol.edu.ec\/vigahim\/wp-json\/wp\/v2\/pages\/38","targetHints":{"allow":["GET"]}}],"collection":[{"href":"https:\/\/blog.espol.edu.ec\/vigahim\/wp-json\/wp\/v2\/pages"}],"about":[{"href":"https:\/\/blog.espol.edu.ec\/vigahim\/wp-json\/wp\/v2\/types\/page"}],"author":[{"embeddable":true,"href":"https:\/\/blog.espol.edu.ec\/vigahim\/wp-json\/wp\/v2\/users\/10799"}],"replies":[{"embeddable":true,"href":"https:\/\/blog.espol.edu.ec\/vigahim\/wp-json\/wp\/v2\/comments?post=38"}],"version-history":[{"count":1,"href":"https:\/\/blog.espol.edu.ec\/vigahim\/wp-json\/wp\/v2\/pages\/38\/revisions"}],"predecessor-version":[{"id":40,"href":"https:\/\/blog.espol.edu.ec\/vigahim\/wp-json\/wp\/v2\/pages\/38\/revisions\/40"}],"wp:attachment":[{"href":"https:\/\/blog.espol.edu.ec\/vigahim\/wp-json\/wp\/v2\/media?parent=38"}],"curies":[{"name":"wp","href":"https:\/\/api.w.org\/{rel}","templated":true}]}}